{"id":3850,"date":"2023-03-16T13:32:16","date_gmt":"2023-03-16T13:32:16","guid":{"rendered":"https:\/\/66projekt.pl\/buildyourbrand\/?page_id=3850"},"modified":"2023-03-16T13:32:17","modified_gmt":"2023-03-16T13:32:17","slug":"brand-story","status":"publish","type":"page","link":"https:\/\/66projekt.pl\/buildyourbrand\/brand-story\/","title":{"rendered":"Brand Story"},"content":{"rendered":"\n<p>Build Your Brand to niemiecka marka odzie\u017cowa, kt\u00f3ra zosta\u0142a za\u0142o\u017cona w 2010 roku. Firma ta powsta\u0142a z my\u015bl\u0105 o projektowaniu i produkcji wysokiej jako\u015bci odzie\u017cy, kt\u00f3ra by\u0142aby dost\u0119pna w przyst\u0119pnej cenie dla klient\u00f3w detalicznych.<\/p>\n\n\n\n<p>Pocz\u0105tkowo Build Your Brand skupia\u0142a si\u0119 na produkcji koszulek, ale wkr\u00f3tce poszerzy\u0142a swoj\u0105 ofert\u0119 o r\u00f3\u017cnego rodzaju odzie\u017c i akcesoria. Firma zdoby\u0142a szybko popularno\u015b\u0107 dzi\u0119ki swoim innowacyjnym produktom, kt\u00f3re cechowa\u0142y si\u0119 wysok\u0105 jako\u015bci\u0105 wykonania i oryginalnym designem.<\/p>\n\n\n\n<p>W ci\u0105gu kilku lat od za\u0142o\u017cenia, Build Your Brand sta\u0142a si\u0119 jedn\u0105 z najbardziej rozpoznawalnych marek odzie\u017cowych w Europie. Firma otworzy\u0142a wiele sklep\u00f3w detalicznych oraz zacz\u0119\u0142a dystrybuowa\u0107 swoje produkty w sklepach internetowych na ca\u0142ym \u015bwiecie.<\/p>\n\n\n\n<p>Build Your Brand konsekwentnie rozwija swoj\u0105 ofert\u0119, dodaj\u0105c nowe produkty i kolekcje, kt\u00f3re s\u0105 dost\u0119pne w r\u00f3\u017cnych kolorach i rozmiarach. Firma dba o to, aby ka\u017cdy klient m\u00f3g\u0142 znale\u017a\u0107 co\u015b dla siebie.<\/p>\n\n\n\n<p>W ostatnich latach Build Your Brand skupi\u0142a si\u0119 na produkcji ekologicznej odzie\u017cy, co przyczyni\u0142o si\u0119 do zwi\u0119kszenia jej popularno\u015bci w\u015br\u00f3d klient\u00f3w, kt\u00f3rzy dbaj\u0105 o \u015brodowisko.<\/p>\n\n\n\n<p>Dzi\u015b Build Your Brand to rozpoznawalna marka odzie\u017cowa, kt\u00f3ra oferuje swoje produkty na ca\u0142ym \u015bwiecie. Firma ci\u0105gle si\u0119 rozwija i wprowadza na rynek nowe produkty, kt\u00f3re ciesz\u0105 si\u0119 ogromnym zainteresowaniem w\u015br\u00f3d klient\u00f3w, szczeg\u00f3lnie tych, kt\u00f3rzy my\u015bl\u0105 o za\u0142o\u017ceniu w\u0142asnej marki odzie\u017cowej, a nie chc\u0105 zajmowa\u0107 si\u0119 szyciem.<\/p>\n","protected":false},"excerpt":{"rendered":"<p>Build Your Brand to niemiecka marka odzie\u017cowa, kt\u00f3ra zosta\u0142a za\u0142o\u017cona w 2010 roku. Firma ta powsta\u0142a z my\u015bl\u0105 o projektowaniu i produkcji wysokiej jako\u015bci odzie\u017cy, kt\u00f3ra by\u0142aby dost\u0119pna w przyst\u0119pnej cenie dla klient\u00f3w detalicznych. Pocz\u0105tkowo Build Your Brand skupia\u0142a si\u0119 na produkcji koszulek, ale wkr\u00f3tce poszerzy\u0142a swoj\u0105 ofert\u0119 o r\u00f3\u017cnego rodzaju odzie\u017c i akcesoria. Firma [&hellip;]<\/p>\n","protected":false},"author":1,"featured_media":0,"parent":0,"menu_order":0,"comment_status":"closed","ping_status":"closed","template":"","meta":{"footnotes":""},"aioseo_notices":[],"_links":{"self":[{"href":"https:\/\/66projekt.pl\/buildyourbrand\/wp-json\/wp\/v2\/pages\/3850"}],"collection":[{"href":"https:\/\/66projekt.pl\/buildyourbrand\/wp-json\/wp\/v2\/pages"}],"about":[{"href":"https:\/\/66projekt.pl\/buildyourbrand\/wp-json\/wp\/v2\/types\/page"}],"author":[{"embeddable":true,"href":"https:\/\/66projekt.pl\/buildyourbrand\/wp-json\/wp\/v2\/users\/1"}],"replies":[{"embeddable":true,"href":"https:\/\/66projekt.pl\/buildyourbrand\/wp-json\/wp\/v2\/comments?post=3850"}],"version-history":[{"count":1,"href":"https:\/\/66projekt.pl\/buildyourbrand\/wp-json\/wp\/v2\/pages\/3850\/revisions"}],"predecessor-version":[{"id":3851,"href":"https:\/\/66projekt.pl\/buildyourbrand\/wp-json\/wp\/v2\/pages\/3850\/revisions\/3851"}],"wp:attachment":[{"href":"https:\/\/66projekt.pl\/buildyourbrand\/wp-json\/wp\/v2\/media?parent=3850"}],"curies":[{"name":"wp","href":"https:\/\/api.w.org\/{rel}","templated":true}]}}