{"id":4277,"date":"2023-03-22T12:50:23","date_gmt":"2023-03-22T12:50:23","guid":{"rendered":"https:\/\/66projekt.pl\/buildyourbrand\/?post_type=product&#038;p=4277"},"modified":"2023-10-08T14:16:58","modified_gmt":"2023-10-08T14:16:58","slug":"koszulka-oversized-mock-neck-tee-by230","status":"publish","type":"product","link":"https:\/\/66projekt.pl\/buildyourbrand\/produkt\/koszulka-oversized-mock-neck-tee-by230\/","title":{"rendered":"Koszulka Oversized Mock Neck Tee BY230"},"content":{"rendered":"<p><strong>Oversized Mock Neck Tee<\/strong> to m\u0119ska koszulka wykonana z \u0142atwej w piel\u0119gnacji bawe\u0142ny prezentuje si\u0119 praktycznie w oversize&#8217;owym fasonie z obszernymi, przesuni\u0119tymi ramionami. Wyj\u0105tkowym elementem jest szeroki i wysoki dekolt w kszta\u0142cie okr\u0119gu, dodatkowo wyko\u0144czony \u015bci\u0105gaczem. Ta <strong>koszulka<\/strong> idealnie nadaje si\u0119 do personalizacji za pomoc\u0105 haftu, sitodruku lub flockprintu.<\/p>\n<table border=\"0\" cellspacing=\"2\" cellpadding=\"2\">\n<tbody>\n<tr>\n<td><strong>Rozmiar<\/strong><\/td>\n<td><strong>Szeroko\u015b\u0107 (cm)<\/strong><\/td>\n<td><strong>D\u0142ugo\u015b\u0107 (cm)<\/strong><\/td>\n<\/tr>\n<tr>\n<td>XS<\/td>\n<td>60<\/td>\n<td>70.5<\/td>\n<\/tr>\n<tr>\n<td>S<\/td>\n<td>63<\/td>\n<td>71.5<\/td>\n<\/tr>\n<tr>\n<td>M<\/td>\n<td>66<\/td>\n<td>73.5<\/td>\n<\/tr>\n<tr>\n<td>L<\/td>\n<td>69<\/td>\n<td>75.5<\/td>\n<\/tr>\n<tr>\n<td>XL<\/td>\n<td>72<\/td>\n<td>77.5<\/td>\n<\/tr>\n<tr>\n<td>2XL<\/td>\n<td>75<\/td>\n<td>79.5<\/td>\n<\/tr>\n<tr>\n<td>3XL<\/td>\n<td>79.5<\/td>\n<td>80.5<\/td>\n<\/tr>\n<tr>\n<td>4XL<\/td>\n<td>84<\/td>\n<td>81.5<\/td>\n<\/tr>\n<tr>\n<td>5XL<\/td>\n<td>88.5<\/td>\n<td>82.5<\/td>\n<\/tr>\n<tr>\n<td><\/td>\n<td><\/td>\n<td><\/td>\n<\/tr>\n<tr>\n<td>TOLERANCJA +\/-<\/td>\n<td>5%<\/td>\n<td>5%<\/td>\n<\/tr>\n<\/tbody>\n<\/table>\n<p>*Mierzone w poprzek produktu, 1cm poni\u017cej r\u0119kaw\u00f3w<br \/>\n**Mierzone od najwy\u017cszego punktu na ramionach do ko\u0144ca produktu<br \/>\nTolerancja b\u0142\u0119du do 5%<\/p>\n<p>&nbsp;<\/p>\n","protected":false},"excerpt":{"rendered":"<table class=\"attributes table table-striped table-hover\">\n<tbody>\n<tr>\n<th>Strona katalogu TexStyles<\/th>\n<td>95<\/td>\n<\/tr>\n<tr>\n<th>Gramatura w g\/m\u00b2<\/th>\n<td>220 g\/m\u00b2<\/td>\n<\/tr>\n<tr>\n<th>Sk\u0142ad<\/th>\n<td>100% bawe\u0142na<\/td>\n<\/tr>\n<tr>\n<th>T-shirty<\/th>\n<td>okr\u0105g\u0142y dekolt<\/td>\n<\/tr>\n<tr>\n<th>Dekolt<\/th>\n<td>dekolt okr\u0105g\u0142y<\/td>\n<\/tr>\n<tr>\n<th>Kolorystyka<\/th>\n<td>jednokolorowa<\/td>\n<\/tr>\n<tr>\n<th>Piel\u0119gnacja<\/th>\n<td>pranie do 30\u00b0C<br \/>\nprasowanie<\/td>\n<\/tr>\n<tr>\n<th>R\u0119kaw<\/th>\n<td>kr\u00f3tki<br \/>\nwszyty (set in)<\/td>\n<\/tr>\n<tr>\n<th>Kr\u00f3j<\/th>\n<td>lu\u017any<\/td>\n<\/tr>\n<tr>\n<th>Rozmiary<\/th>\n<td>XS, S, M, L, XL, XXL, (3XL, 4XL, 5XL na zam\u00f3wienie)<\/td>\n<\/tr>\n<\/tbody>\n<\/table>\n","protected":false},"featured_media":4283,"comment_status":"closed","ping_status":"closed","template":"","meta":[],"product_cat":[126,94],"product_tag":[],"aioseo_notices":[],"_links":{"self":[{"href":"https:\/\/66projekt.pl\/buildyourbrand\/wp-json\/wp\/v2\/product\/4277"}],"collection":[{"href":"https:\/\/66projekt.pl\/buildyourbrand\/wp-json\/wp\/v2\/product"}],"about":[{"href":"https:\/\/66projekt.pl\/buildyourbrand\/wp-json\/wp\/v2\/types\/product"}],"replies":[{"embeddable":true,"href":"https:\/\/66projekt.pl\/buildyourbrand\/wp-json\/wp\/v2\/comments?post=4277"}],"wp:featuredmedia":[{"embeddable":true,"href":"https:\/\/66projekt.pl\/buildyourbrand\/wp-json\/wp\/v2\/media\/4283"}],"wp:attachment":[{"href":"https:\/\/66projekt.pl\/buildyourbrand\/wp-json\/wp\/v2\/media?parent=4277"}],"wp:term":[{"taxonomy":"product_cat","embeddable":true,"href":"https:\/\/66projekt.pl\/buildyourbrand\/wp-json\/wp\/v2\/product_cat?post=4277"},{"taxonomy":"product_tag","embeddable":true,"href":"https:\/\/66projekt.pl\/buildyourbrand\/wp-json\/wp\/v2\/product_tag?post=4277"}],"curies":[{"name":"wp","href":"https:\/\/api.w.org\/{rel}","templated":true}]}}