{"id":4333,"date":"2023-03-22T14:03:08","date_gmt":"2023-03-22T14:03:08","guid":{"rendered":"https:\/\/66projekt.pl\/buildyourbrand\/?post_type=product&#038;p=4333"},"modified":"2024-01-25T15:52:11","modified_gmt":"2024-01-25T15:52:11","slug":"metki-satynowe","status":"publish","type":"product","link":"https:\/\/66projekt.pl\/buildyourbrand\/produkt\/metki-satynowe\/","title":{"rendered":"Metki satynowe"},"content":{"rendered":"","protected":false},"excerpt":{"rendered":"<style>\n    \/* Styl przycisku *\/\n    .email-button {\n        background-color: white; \/* Bia\u0142y kolor t\u0142a *\/\n        color: black; \/* Kolor tekstu *\/\n        padding: 10px 20px; \/* Odst\u0119py wewn\u0105trz przycisku *\/\n        text-align: center; \/* Wy\u015brodkowany tekst *\/\n        text-decoration: none; \/* Brak podkre\u015blenia tekstu *\/\n        display: inline-block; \/* Wy\u015bwietlanie jako element liniowo-blokowy *\/\n        font-size: 16px; \/* Rozmiar czcionki *\/\n        border: 1px solid black; \/* Czarna, cienka obw\u00f3dka *\/\nmargin-bottom: 10px;\n    }\n    \/* Stylowanie kontenera do wy\u015brodkowania przycisku *\/\n    .center-container {\n        height: auto; \/* Wysoko\u015b\u0107 na ca\u0142y ekran *\/\n        display: flex; \/* U\u017cycie Flexbox *\/\n        justify-content: left; \/* Wy\u015brodkowanie w poziomie *\/\n        align-items: left; \/* Wy\u015brodkowanie w pionie *\/\n    }\n<\/style>\n<div class=\"center-container\">\n    <a href=\"mailto:info@66projekt2.pl\" class=\"email-button\">Zapytaj o cen\u0119<\/a>\n<\/div>\n<p>Opis produktu:<\/p>\n<p>Metki satynowe sublimacyjne to doskona\u0142e rozwi\u0105zanie dla marek odzie\u017cowych, producent\u00f3w tekstyli\u00f3w i projektant\u00f3w, kt\u00f3re pragn\u0105 doda\u0107 profesjonalny wygl\u0105d do swoich produkt\u00f3w. Te eleganckie i wytrzyma\u0142e metki wykonane s\u0105 z wysokiej jako\u015bci materia\u0142u satynowego, kt\u00f3ry nadaje im mi\u0119kko\u015b\u0107 i po\u0142ysk. Sublimacja pozwala na trwa\u0142e i precyzyjne naniesienie wzor\u00f3w oraz kolor\u00f3w na metki, sprawiaj\u0105c, \u017ce stanowi\u0105 one atrakcyjny i funkcjonalny dodatek do ka\u017cdej odzie\u017cy lub tekstyli\u00f3w.<\/p>\n<p>G\u0142\u00f3wne cechy metek satynowych sublimacyjnych:<\/p>\n<ol>\n<li>Wysoka jako\u015b\u0107 materia\u0142u: Metki wykonane s\u0105 z mi\u0119kkiego i wytrzyma\u0142ego materia\u0142u satynowego, kt\u00f3ry zapewnia komfort noszenia i d\u0142ug\u0105 \u017cywotno\u015b\u0107.<\/li>\n<li>Trwa\u0142e i precyzyjne nadruki: Dzi\u0119ki technologii sublimacji, wzory s\u0105 nasycone, a nadruki bardzo trwa\u0142e<\/li>\n<li>Mo\u017cemy nadrukowa\u0107 ka\u017cdy wz\u00f3r nawet ten najbardziej kolorowy i skomplikowany i to w niskim nak\u0142adzie<\/li>\n<\/ol>\n<p>Zalecane minimum produkcyjne 50 sztuk.<\/p>\n<p>Jeste\u015b zainteresowany metkami? Napisz na <a href=\"mailto:info@66projekt.pl\">info@66projekt.pl<\/a><\/p>\n<p>&nbsp;<\/p>\n","protected":false},"featured_media":4334,"comment_status":"closed","ping_status":"closed","template":"","meta":[],"product_cat":[162],"product_tag":[],"aioseo_notices":[],"_links":{"self":[{"href":"https:\/\/66projekt.pl\/buildyourbrand\/wp-json\/wp\/v2\/product\/4333"}],"collection":[{"href":"https:\/\/66projekt.pl\/buildyourbrand\/wp-json\/wp\/v2\/product"}],"about":[{"href":"https:\/\/66projekt.pl\/buildyourbrand\/wp-json\/wp\/v2\/types\/product"}],"replies":[{"embeddable":true,"href":"https:\/\/66projekt.pl\/buildyourbrand\/wp-json\/wp\/v2\/comments?post=4333"}],"wp:featuredmedia":[{"embeddable":true,"href":"https:\/\/66projekt.pl\/buildyourbrand\/wp-json\/wp\/v2\/media\/4334"}],"wp:attachment":[{"href":"https:\/\/66projekt.pl\/buildyourbrand\/wp-json\/wp\/v2\/media?parent=4333"}],"wp:term":[{"taxonomy":"product_cat","embeddable":true,"href":"https:\/\/66projekt.pl\/buildyourbrand\/wp-json\/wp\/v2\/product_cat?post=4333"},{"taxonomy":"product_tag","embeddable":true,"href":"https:\/\/66projekt.pl\/buildyourbrand\/wp-json\/wp\/v2\/product_tag?post=4333"}],"curies":[{"name":"wp","href":"https:\/\/api.w.org\/{rel}","templated":true}]}}