{"id":4335,"date":"2023-03-22T14:04:11","date_gmt":"2023-03-22T14:04:11","guid":{"rendered":"https:\/\/66projekt.pl\/buildyourbrand\/?post_type=product&#038;p=4335"},"modified":"2024-01-25T15:51:18","modified_gmt":"2024-01-25T15:51:18","slug":"metki-drukowane","status":"publish","type":"product","link":"https:\/\/66projekt.pl\/buildyourbrand\/produkt\/metki-drukowane\/","title":{"rendered":"Metki drukowane"},"content":{"rendered":"","protected":false},"excerpt":{"rendered":"<style>\n    \/* Styl przycisku *\/\n    .email-button {\n        background-color: white; \/* Bia\u0142y kolor t\u0142a *\/\n        color: black; \/* Kolor tekstu *\/\n        padding: 10px 20px; \/* Odst\u0119py wewn\u0105trz przycisku *\/\n        text-align: center; \/* Wy\u015brodkowany tekst *\/\n        text-decoration: none; \/* Brak podkre\u015blenia tekstu *\/\n        display: inline-block; \/* Wy\u015bwietlanie jako element liniowo-blokowy *\/\n        font-size: 16px; \/* Rozmiar czcionki *\/\n        border: 1px solid black; \/* Czarna, cienka obw\u00f3dka *\/\nmargin-bottom: 10px;\n    }\n    \/* Stylowanie kontenera do wy\u015brodkowania przycisku *\/\n    .center-container {\n        height: auto; \/* Wysoko\u015b\u0107 na ca\u0142y ekran *\/\n        display: flex; \/* U\u017cycie Flexbox *\/\n        justify-content: left; \/* Wy\u015brodkowanie w poziomie *\/\n        align-items: left; \/* Wy\u015brodkowanie w pionie *\/\n    }\n<\/style>\n<div class=\"center-container\">\n    <a href=\"mailto:info@66projekt2.pl\" class=\"email-button\">Zapytaj o cen\u0119<\/a>\n<\/div>\n<p><strong>Metki wdrukowane<\/strong> w materia\u0142 to nowoczesne i eleganckie rozwi\u0105zanie dla marek odzie\u017cowych, projektant\u00f3w, producent\u00f3w tekstyli\u00f3w oraz innych przedmiot\u00f3w, kt\u00f3re pragn\u0105 doda\u0107 swoim produktom subtelny i profesjonalny wygl\u0105d. Technika ta polega na bezpo\u015brednim drukowaniu informacji na materiale, co eliminuje potrzeb\u0119 stosowania dodatkowych metek. Wdrukowane metki s\u0105 trwa\u0142e, wygodne w u\u017cytkowaniu oraz \u0142atwe do piel\u0119gnacji, co sprawia, \u017ce stanowi\u0105 idealny wyb\u00f3r dla odzie\u017cy, bielizny, po\u015bcieli, r\u0119cznik\u00f3w czy innych tekstyli\u00f3w.<\/p>\n<p>G\u0142\u00f3wne cechy <strong>metek wdrukowanych<\/strong> w materia\u0142:<\/p>\n<ol>\n<li>Bezszwowe i wygodne: Brak dodatkowych metek sprawia, \u017ce metki wdrukowane w materia\u0142 s\u0105 wyj\u0105tkowo komfortowe w u\u017cytkowaniu, eliminuj\u0105c ryzyko podra\u017cnie\u0144 sk\u00f3ry spowodowanych twardymi szwami czy kraw\u0119dziami.<\/li>\n<li>Trwa\u0142y druk: Dzi\u0119ki nowoczesnej technice\u00a0<a href=\"https:\/\/www.66projekt.pl\/transfery-dtf-w-poznaniu\/\">druku DTF<\/a> metki s\u0105 bardzo trwa\u0142e, nie ma ogranicze\u0144 do ilo\u015bci kolor\u00f3w nadruku<\/li>\n<li>Relatywne niski koszt metek, szczeg\u00f3lnie przy du\u017cych nak\u0142adach<\/li>\n<\/ol>\n<p>&nbsp;<\/p>\n<p>Zalecane minimum produkcyjne 50 sztuk<\/p>\n<p>Jeste\u015b zainteresowany metkami? Napisz na <a href=\"mailto:info@66projekt.pl\">info@66projekt.pl<\/a><\/p>\n","protected":false},"featured_media":4336,"comment_status":"closed","ping_status":"closed","template":"","meta":[],"product_cat":[162],"product_tag":[],"aioseo_notices":[],"_links":{"self":[{"href":"https:\/\/66projekt.pl\/buildyourbrand\/wp-json\/wp\/v2\/product\/4335"}],"collection":[{"href":"https:\/\/66projekt.pl\/buildyourbrand\/wp-json\/wp\/v2\/product"}],"about":[{"href":"https:\/\/66projekt.pl\/buildyourbrand\/wp-json\/wp\/v2\/types\/product"}],"replies":[{"embeddable":true,"href":"https:\/\/66projekt.pl\/buildyourbrand\/wp-json\/wp\/v2\/comments?post=4335"}],"wp:featuredmedia":[{"embeddable":true,"href":"https:\/\/66projekt.pl\/buildyourbrand\/wp-json\/wp\/v2\/media\/4336"}],"wp:attachment":[{"href":"https:\/\/66projekt.pl\/buildyourbrand\/wp-json\/wp\/v2\/media?parent=4335"}],"wp:term":[{"taxonomy":"product_cat","embeddable":true,"href":"https:\/\/66projekt.pl\/buildyourbrand\/wp-json\/wp\/v2\/product_cat?post=4335"},{"taxonomy":"product_tag","embeddable":true,"href":"https:\/\/66projekt.pl\/buildyourbrand\/wp-json\/wp\/v2\/product_tag?post=4335"}],"curies":[{"name":"wp","href":"https:\/\/api.w.org\/{rel}","templated":true}]}}