{"id":4337,"date":"2023-03-22T14:05:32","date_gmt":"2023-03-22T14:05:32","guid":{"rendered":"https:\/\/66projekt.pl\/buildyourbrand\/?post_type=product&#038;p=4337"},"modified":"2024-01-25T15:50:49","modified_gmt":"2024-01-25T15:50:49","slug":"metki-gumowe-elastomery","status":"publish","type":"product","link":"https:\/\/66projekt.pl\/buildyourbrand\/produkt\/metki-gumowe-elastomery\/","title":{"rendered":"Metki gumowe &#8211; elastomery"},"content":{"rendered":"","protected":false},"excerpt":{"rendered":"<style>\n    \/* Styl przycisku *\/\n    .email-button {\n        background-color: white; \/* Bia\u0142y kolor t\u0142a *\/\n        color: black; \/* Kolor tekstu *\/\n        padding: 10px 20px; \/* Odst\u0119py wewn\u0105trz przycisku *\/\n        text-align: center; \/* Wy\u015brodkowany tekst *\/\n        text-decoration: none; \/* Brak podkre\u015blenia tekstu *\/\n        display: inline-block; \/* Wy\u015bwietlanie jako element liniowo-blokowy *\/\n        font-size: 16px; \/* Rozmiar czcionki *\/\n        border: 1px solid black; \/* Czarna, cienka obw\u00f3dka *\/\nmargin-bottom: 10px;\n    }\n    \/* Stylowanie kontenera do wy\u015brodkowania przycisku *\/\n    .center-container {\n        height: auto; \/* Wysoko\u015b\u0107 na ca\u0142y ekran *\/\n        display: flex; \/* U\u017cycie Flexbox *\/\n        justify-content: left; \/* Wy\u015brodkowanie w poziomie *\/\n        align-items: left; \/* Wy\u015brodkowanie w pionie *\/\n    }\n<\/style>\n<div class=\"center-container\">\n    <a href=\"mailto:info@66projekt2.pl\" class=\"email-button\">Zapytaj o cen\u0119<\/a>\n<\/div>\n<p><strong>Metki gumowe<\/strong>, wykonane z elastomer\u00f3w, to doskona\u0142y wyb\u00f3r dla marek odzie\u017cowych, producent\u00f3w tekstyli\u00f3w, obuwia, toreb czy innych akcesori\u00f3w, kt\u00f3re pragn\u0105 doda\u0107 swoim produktom trwa\u0142y i wytrzyma\u0142y akcent. Metki te cechuj\u0105 si\u0119 du\u017c\u0105 elastyczno\u015bci\u0105, odporno\u015bci\u0105 na \u015bcieranie oraz wyj\u0105tkow\u0105 trwa\u0142o\u015bci\u0105, dzi\u0119ki czemu \u015bwietnie sprawdzaj\u0105 si\u0119 w przypadku artyku\u0142\u00f3w nara\u017conych na intensywne u\u017cytkowanie. Elastomerowe metki s\u0105 r\u00f3wnie\u017c odporne na dzia\u0142anie wody, promieni UV, olej\u00f3w czy chemikali\u00f3w.<\/p>\n<p>G\u0142\u00f3wne cechy <strong>metek gumowych (elastomer\u00f3w)<\/strong>:<\/p>\n<ol>\n<li>Wysoka elastyczno\u015b\u0107 i trwa\u0142o\u015b\u0107: Elastomery zapewniaj\u0105 metkom gumowym doskona\u0142\u0105 elastyczno\u015b\u0107, odporno\u015b\u0107 na \u015bcieranie oraz wytrzyma\u0142o\u015b\u0107, co sprawia, \u017ce s\u0105 one idealne dla produkt\u00f3w nara\u017conych na intensywne u\u017cytkowanie.<\/li>\n<li>Odporno\u015b\u0107 na r\u00f3\u017cne czynniki zewn\u0119trzne, nie straszne im pranie i promieniowanie<\/li>\n<li>Odzie\u017c zdobiona elastomerami jest jakby bardziej luksusowa \ud83d\ude09<\/li>\n<\/ol>\n<p>Zalecane minimum produkcyjne 500 sztuk.<\/p>\n<p>Jeste\u015b zainteresowany metkami? Napisz na <a href=\"mailto:info@66projekt.pl\">info@66projekt.pl<\/a><\/p>\n","protected":false},"featured_media":4338,"comment_status":"closed","ping_status":"closed","template":"","meta":[],"product_cat":[162],"product_tag":[],"aioseo_notices":[],"_links":{"self":[{"href":"https:\/\/66projekt.pl\/buildyourbrand\/wp-json\/wp\/v2\/product\/4337"}],"collection":[{"href":"https:\/\/66projekt.pl\/buildyourbrand\/wp-json\/wp\/v2\/product"}],"about":[{"href":"https:\/\/66projekt.pl\/buildyourbrand\/wp-json\/wp\/v2\/types\/product"}],"replies":[{"embeddable":true,"href":"https:\/\/66projekt.pl\/buildyourbrand\/wp-json\/wp\/v2\/comments?post=4337"}],"wp:featuredmedia":[{"embeddable":true,"href":"https:\/\/66projekt.pl\/buildyourbrand\/wp-json\/wp\/v2\/media\/4338"}],"wp:attachment":[{"href":"https:\/\/66projekt.pl\/buildyourbrand\/wp-json\/wp\/v2\/media?parent=4337"}],"wp:term":[{"taxonomy":"product_cat","embeddable":true,"href":"https:\/\/66projekt.pl\/buildyourbrand\/wp-json\/wp\/v2\/product_cat?post=4337"},{"taxonomy":"product_tag","embeddable":true,"href":"https:\/\/66projekt.pl\/buildyourbrand\/wp-json\/wp\/v2\/product_tag?post=4337"}],"curies":[{"name":"wp","href":"https:\/\/api.w.org\/{rel}","templated":true}]}}