{"id":4339,"date":"2023-03-22T14:06:29","date_gmt":"2023-03-22T14:06:29","guid":{"rendered":"https:\/\/66projekt.pl\/buildyourbrand\/?post_type=product&#038;p=4339"},"modified":"2024-01-25T15:50:15","modified_gmt":"2024-01-25T15:50:15","slug":"zawieszki-kartonowe","status":"publish","type":"product","link":"https:\/\/66projekt.pl\/buildyourbrand\/produkt\/zawieszki-kartonowe\/","title":{"rendered":"Zawieszki kartonowe"},"content":{"rendered":"","protected":false},"excerpt":{"rendered":"<style>\n    \/* Styl przycisku *\/\n    .email-button {\n        background-color: white; \/* Bia\u0142y kolor t\u0142a *\/\n        color: black; \/* Kolor tekstu *\/\n        padding: 10px 20px; \/* Odst\u0119py wewn\u0105trz przycisku *\/\n        text-align: center; \/* Wy\u015brodkowany tekst *\/\n        text-decoration: none; \/* Brak podkre\u015blenia tekstu *\/\n        display: inline-block; \/* Wy\u015bwietlanie jako element liniowo-blokowy *\/\n        font-size: 16px; \/* Rozmiar czcionki *\/\n        border: 1px solid black; \/* Czarna, cienka obw\u00f3dka *\/\nmargin-bottom: 10px;\n    }\n    \/* Stylowanie kontenera do wy\u015brodkowania przycisku *\/\n    .center-container {\n        height: auto; \/* Wysoko\u015b\u0107 na ca\u0142y ekran *\/\n        display: flex; \/* U\u017cycie Flexbox *\/\n        justify-content: left; \/* Wy\u015brodkowanie w poziomie *\/\n        align-items: left; \/* Wy\u015brodkowanie w pionie *\/\n    }\n<\/style>\n<div class=\"center-container\">\n    <a href=\"mailto:info@66projekt2.pl\" class=\"email-button\">Zapytaj o cen\u0119<\/a>\n<\/div>\n<p><strong>Zawieszki kartonowe na sznurku<\/strong> eko to ekologiczne i stylowe rozwi\u0105zanie dla marek, sklep\u00f3w, producent\u00f3w czy wydarze\u0144, kt\u00f3re pragn\u0105 doda\u0107 swoim produktom czy opakowaniom oryginalny i \u015bwiadomy wygl\u0105d. Wykonane z wysokiej jako\u015bci, odnawialnego materia\u0142u kartonowego, te zawieszki s\u0105 przyjazne dla \u015brodowiska i biodegradowalne. Sznurek eko, wykonany z naturalnych w\u0142\u00f3kien ro\u015blinnych, nadaje zawieszkom autentyczny i ekologiczny wygl\u0105d, jednocze\u015bnie zapewniaj\u0105c wytrzyma\u0142o\u015b\u0107 i \u0142atwo\u015b\u0107 zamocowania.<\/p>\n<p>G\u0142\u00f3wne cechy zawieszek kartonowych na sznurku eko:<\/p>\n<ol>\n<li>Ekologiczny materia\u0142: Zawieszki wykonane s\u0105 z wysokiej jako\u015bci, odnawialnego materia\u0142u kartonowego, kt\u00f3ry jest biodegradowalny i przyjazny dla \u015brodowiska.<\/li>\n<li>Sznurek eko: Sznurek wykonany z naturalnych w\u0142\u00f3kien ro\u015blinnych, taki jak juta czy sizal, dodaje zawieszkom autentyczny i ekologiczny wygl\u0105d, jednocze\u015bnie zapewniaj\u0105c trwa\u0142o\u015b\u0107 i \u0142atwo\u015b\u0107 zamocowania.<\/li>\n<li>Wielofunkcyjno\u015b\u0107: <strong>Zawieszki kartonowe<\/strong> na sznurku eko mo\u017cna stosowa\u0107 w r\u00f3\u017cnych celach, takich jak oznaczanie cen, rozmiar\u00f3w, informacji o produkcie, logotyp\u00f3w marek czy jako elementy dekoracyjne podczas wydarze\u0144 czy promocji.<\/li>\n<li>Mo\u017cliwo\u015b\u0107 personalizacji: Zawieszki mog\u0105 by\u0107 \u0142atwo spersonalizowane poprzez drukowanie, stemplowanie czy r\u0119czne pisanie, co pozwala na dostosowanie ich do potrzeb danej marki czy wydarzenia.<\/li>\n<li>\u0141atwo\u015b\u0107 u\u017cycia: <strong>Zawieszki kartonowe<\/strong> na sznurku eko s\u0105 \u0142atwe w zamocowaniu na produktach czy opakowaniach, a ich wymiary mo\u017cna dostosowa\u0107 do indywidualnych potrzeb klienta.<\/li>\n<\/ol>\n<p>Zalecane minimum produkcyjne 100 sztuk.<\/p>\n<p>Jeste\u015b zainteresowany metkami? Napisz na <a href=\"mailto:info@66projekt.pl\">info@66projekt.pl<\/a><\/p>\n","protected":false},"featured_media":4343,"comment_status":"closed","ping_status":"closed","template":"","meta":[],"product_cat":[162],"product_tag":[],"aioseo_notices":[],"_links":{"self":[{"href":"https:\/\/66projekt.pl\/buildyourbrand\/wp-json\/wp\/v2\/product\/4339"}],"collection":[{"href":"https:\/\/66projekt.pl\/buildyourbrand\/wp-json\/wp\/v2\/product"}],"about":[{"href":"https:\/\/66projekt.pl\/buildyourbrand\/wp-json\/wp\/v2\/types\/product"}],"replies":[{"embeddable":true,"href":"https:\/\/66projekt.pl\/buildyourbrand\/wp-json\/wp\/v2\/comments?post=4339"}],"wp:featuredmedia":[{"embeddable":true,"href":"https:\/\/66projekt.pl\/buildyourbrand\/wp-json\/wp\/v2\/media\/4343"}],"wp:attachment":[{"href":"https:\/\/66projekt.pl\/buildyourbrand\/wp-json\/wp\/v2\/media?parent=4339"}],"wp:term":[{"taxonomy":"product_cat","embeddable":true,"href":"https:\/\/66projekt.pl\/buildyourbrand\/wp-json\/wp\/v2\/product_cat?post=4339"},{"taxonomy":"product_tag","embeddable":true,"href":"https:\/\/66projekt.pl\/buildyourbrand\/wp-json\/wp\/v2\/product_tag?post=4339"}],"curies":[{"name":"wp","href":"https:\/\/api.w.org\/{rel}","templated":true}]}}