{"id":4545,"date":"2023-03-23T08:30:58","date_gmt":"2023-03-23T08:30:58","guid":{"rendered":"https:\/\/66projekt.pl\/buildyourbrand\/?post_type=product&#038;p=4545"},"modified":"2024-01-25T15:46:02","modified_gmt":"2024-01-25T15:46:02","slug":"spodenki-swim-shorts-by050","status":"publish","type":"product","link":"https:\/\/66projekt.pl\/buildyourbrand\/produkt\/spodenki-swim-shorts-by050\/","title":{"rendered":"Spodenki Swim Shorts BY050"},"content":{"rendered":"<p><strong>Spodenki Swim Shorts<\/strong> stworzone z nylonowego materia\u0142u, posiada uniwersaln\u0105 metk\u0119 rozmiarow\u0105 bez brandowania, kt\u00f3ra nadaje si\u0119 do druku nawet podczas u\u017cytkowania w wodzie chlorowanej lub s\u0142onej. <strong>Spodenki<\/strong> maj\u0105 dwie kieszenie boczne i zamykan\u0105 kiesze\u0144 tyln\u0105. Produkt zosta\u0142 wyprodukowany w fabryce certyfikowanej przez FAMA, co gwarantuje wysoki standard produkcji. Certyfikat ten jest wymagany do produkcji produkt\u00f3w Disneya.<\/p>\n<table border=\"0\" cellspacing=\"2\" cellpadding=\"2\">\n<tbody>\n<tr>\n<td><strong>Rozmiar<\/strong><\/td>\n<td><strong>Szeroko\u015b\u0107 (cm)<\/strong><\/td>\n<td><strong>D\u0142ugo\u015b\u0107 (cm)<\/strong><\/td>\n<\/tr>\n<tr>\n<td><\/td>\n<td><\/td>\n<td><\/td>\n<\/tr>\n<tr>\n<td>S<\/td>\n<td>38.5<\/td>\n<td>11<\/td>\n<\/tr>\n<tr>\n<td>M<\/td>\n<td>41<\/td>\n<td>11<\/td>\n<\/tr>\n<tr>\n<td>L<\/td>\n<td>43.5<\/td>\n<td>12.5<\/td>\n<\/tr>\n<tr>\n<td>XL<\/td>\n<td>46<\/td>\n<td>14<\/td>\n<\/tr>\n<tr>\n<td>2XL<\/td>\n<td>49<\/td>\n<td>14<\/td>\n<\/tr>\n<tr>\n<td>3XL<\/td>\n<td>52<\/td>\n<td>14<\/td>\n<\/tr>\n<tr>\n<td>4XL<\/td>\n<td>55<\/td>\n<td>14<\/td>\n<\/tr>\n<tr>\n<td>5XL<\/td>\n<td>58<\/td>\n<td>14<\/td>\n<\/tr>\n<tr>\n<td><\/td>\n<td><\/td>\n<td><\/td>\n<\/tr>\n<tr>\n<td>TOLERANCJA +\/-<\/td>\n<td>5%<\/td>\n<td>5%<\/td>\n<\/tr>\n<\/tbody>\n<\/table>\n<p>*Mierzone w poprzek produktu, 1cm poni\u017cej r\u0119kaw\u00f3w<br \/>\n**Mierzone od najwy\u017cszego punktu na ramionach do ko\u0144ca produktu<br \/>\nTolerancja b\u0142\u0119du do 5%<\/p>\n<p>&nbsp;<\/p>\n","protected":false},"excerpt":{"rendered":"<style>\n    \/* Styl przycisku *\/\n    .email-button {\n        background-color: white; \/* Bia\u0142y kolor t\u0142a *\/\n        color: black; \/* Kolor tekstu *\/\n        padding: 10px 20px; \/* Odst\u0119py wewn\u0105trz przycisku *\/\n        text-align: center; \/* Wy\u015brodkowany tekst *\/\n        text-decoration: none; \/* Brak podkre\u015blenia tekstu *\/\n        display: inline-block; \/* Wy\u015bwietlanie jako element liniowo-blokowy *\/\n        font-size: 16px; \/* Rozmiar czcionki *\/\n        border: 1px solid black; \/* Czarna, cienka obw\u00f3dka *\/\nmargin-bottom: 10px;\n    }\n    \/* Stylowanie kontenera do wy\u015brodkowania przycisku *\/\n    .center-container {\n        height: auto; \/* Wysoko\u015b\u0107 na ca\u0142y ekran *\/\n        display: flex; \/* U\u017cycie Flexbox *\/\n        justify-content: left; \/* Wy\u015brodkowanie w poziomie *\/\n        align-items: left; \/* Wy\u015brodkowanie w pionie *\/\n    }\n<\/style>\n<div class=\"center-container\">\n    <a href=\"mailto:info@66projekt2.pl\" class=\"email-button\">Zapytaj o cen\u0119<\/a>\n<\/div>\n<table class=\"attributes table table-striped table-hover\">\n<tbody>\n<tr>\n<th>Strona katalogu TexStyles<\/th>\n<td>516<\/td>\n<\/tr>\n<tr>\n<th>Certyfikaty<\/th>\n<td>Fair Working Conditions<\/td>\n<\/tr>\n<tr>\n<th>Gramatura w g\/m\u00b2<\/th>\n<td>120 g\/m\u00b2<\/td>\n<\/tr>\n<tr>\n<th>Sk\u0142ad<\/th>\n<td>100% nylon, Podszewka: 100% poliester<\/td>\n<\/tr>\n<tr>\n<th>Woreczek foliowy<\/th>\n<td>Nie<\/td>\n<\/tr>\n<tr>\n<th>Przeznaczenie<\/th>\n<td>odzie\u017c sportowa<\/td>\n<\/tr>\n<tr>\n<th>Metka<\/th>\n<td>bez metki na karku\/w pasie<\/td>\n<\/tr>\n<tr>\n<th>Kolorystyka<\/th>\n<td>jednokolorowa<\/td>\n<\/tr>\n<tr>\n<th>Piel\u0119gnacja<\/th>\n<td>pranie do 30\u00b0C<br \/>\nprasowanie<\/td>\n<\/tr>\n<tr>\n<th>Nogawki<\/th>\n<td>kr\u00f3tkie<\/td>\n<\/tr>\n<tr>\n<th>Spodnie<\/th>\n<td>spodenki k\u0105pielowe<\/td>\n<\/tr>\n<tr>\n<th>Rozmiary<\/th>\n<td>S, M, L, XL, XXL, (3XL, 4XL, 5XL na zam\u00f3wienie)<\/td>\n<\/tr>\n<\/tbody>\n<\/table>\n","protected":false},"featured_media":4556,"comment_status":"closed","ping_status":"closed","template":"","meta":[],"product_cat":[94,192,160],"product_tag":[],"aioseo_notices":[],"_links":{"self":[{"href":"https:\/\/66projekt.pl\/buildyourbrand\/wp-json\/wp\/v2\/product\/4545"}],"collection":[{"href":"https:\/\/66projekt.pl\/buildyourbrand\/wp-json\/wp\/v2\/product"}],"about":[{"href":"https:\/\/66projekt.pl\/buildyourbrand\/wp-json\/wp\/v2\/types\/product"}],"replies":[{"embeddable":true,"href":"https:\/\/66projekt.pl\/buildyourbrand\/wp-json\/wp\/v2\/comments?post=4545"}],"wp:featuredmedia":[{"embeddable":true,"href":"https:\/\/66projekt.pl\/buildyourbrand\/wp-json\/wp\/v2\/media\/4556"}],"wp:attachment":[{"href":"https:\/\/66projekt.pl\/buildyourbrand\/wp-json\/wp\/v2\/media?parent=4545"}],"wp:term":[{"taxonomy":"product_cat","embeddable":true,"href":"https:\/\/66projekt.pl\/buildyourbrand\/wp-json\/wp\/v2\/product_cat?post=4545"},{"taxonomy":"product_tag","embeddable":true,"href":"https:\/\/66projekt.pl\/buildyourbrand\/wp-json\/wp\/v2\/product_tag?post=4545"}],"curies":[{"name":"wp","href":"https:\/\/api.w.org\/{rel}","templated":true}]}}