{"id":4564,"date":"2023-03-23T09:01:40","date_gmt":"2023-03-23T09:01:40","guid":{"rendered":"https:\/\/66projekt.pl\/buildyourbrand\/?post_type=product&#038;p=4564"},"modified":"2024-01-25T15:45:25","modified_gmt":"2024-01-25T15:45:25","slug":"koszulka-ladies-extended-shoulder-tee-by021","status":"publish","type":"product","link":"https:\/\/66projekt.pl\/buildyourbrand\/produkt\/koszulka-ladies-extended-shoulder-tee-by021\/","title":{"rendered":"Koszulka Ladies Extended Shoulder Tee BY021"},"content":{"rendered":"<p>Damska <strong>koszulka Ladies Extended Shoulder Tee<\/strong> to swobodny, podstawowy element garderoby na co dzie\u0144, kt\u00f3ry \u015bwietnie pasuje zar\u00f3wno do jeans\u00f3w, jak i do sp\u00f3dnicy. <strong>Koszulka<\/strong> ma d\u0142ugi kr\u00f3j i skr\u00f3cone r\u0119kawy. Jej typowy wygl\u0105d podkre\u015blaj\u0105 jednolite przeszycia i okr\u0105g\u0142y dekolt. Dzi\u0119ki jako\u015bci bawe\u0142ny single jersey, mo\u017cna go dowolnie ozdabia\u0107 sitodrukiem lub flexem.<\/p>\n<table border=\"0\" cellspacing=\"2\" cellpadding=\"2\">\n<tbody>\n<tr>\n<td><strong>Rozmiar<\/strong><\/td>\n<td><strong>Szeroko\u015b\u0107 (cm)<\/strong><\/td>\n<td><strong>D\u0142ugo\u015b\u0107 (cm)<\/strong><\/td>\n<\/tr>\n<tr>\n<td>XS<\/td>\n<td>49<\/td>\n<td>65<\/td>\n<\/tr>\n<tr>\n<td>S<\/td>\n<td>51.5<\/td>\n<td>67<\/td>\n<\/tr>\n<tr>\n<td>M<\/td>\n<td>54<\/td>\n<td>69<\/td>\n<\/tr>\n<tr>\n<td>L<\/td>\n<td>56.5<\/td>\n<td>71<\/td>\n<\/tr>\n<tr>\n<td>XL<\/td>\n<td>59<\/td>\n<td>73<\/td>\n<\/tr>\n<tr>\n<td>2XL<\/td>\n<td>63<\/td>\n<td>74<\/td>\n<\/tr>\n<tr>\n<td>3XL<\/td>\n<td>67<\/td>\n<td>75<\/td>\n<\/tr>\n<tr>\n<td>4XL<\/td>\n<td>71<\/td>\n<td>76<\/td>\n<\/tr>\n<tr>\n<td>5XL<\/td>\n<td>75<\/td>\n<td>77<\/td>\n<\/tr>\n<tr>\n<td><\/td>\n<td><\/td>\n<td><\/td>\n<\/tr>\n<tr>\n<td>TOLERANCJA +\/-<\/td>\n<td>5%<\/td>\n<td>5%<\/td>\n<\/tr>\n<\/tbody>\n<\/table>\n<p>*Mierzone w poprzek produktu, 1cm poni\u017cej r\u0119kaw\u00f3w<br \/>\n**Mierzone od najwy\u017cszego punktu na ramionach do ko\u0144ca produktu<br \/>\nTolerancja b\u0142\u0119du do 5%<\/p>\n<p>&nbsp;<\/p>\n","protected":false},"excerpt":{"rendered":"<style>\n    \/* Styl przycisku *\/\n    .email-button {\n        background-color: white; \/* Bia\u0142y kolor t\u0142a *\/\n        color: black; \/* Kolor tekstu *\/\n        padding: 10px 20px; \/* Odst\u0119py wewn\u0105trz przycisku *\/\n        text-align: center; \/* Wy\u015brodkowany tekst *\/\n        text-decoration: none; \/* Brak podkre\u015blenia tekstu *\/\n        display: inline-block; \/* Wy\u015bwietlanie jako element liniowo-blokowy *\/\n        font-size: 16px; \/* Rozmiar czcionki *\/\n        border: 1px solid black; \/* Czarna, cienka obw\u00f3dka *\/\nmargin-bottom: 10px;\n    }\n    \/* Stylowanie kontenera do wy\u015brodkowania przycisku *\/\n    .center-container {\n        height: auto; \/* Wysoko\u015b\u0107 na ca\u0142y ekran *\/\n        display: flex; \/* U\u017cycie Flexbox *\/\n        justify-content: left; \/* Wy\u015brodkowanie w poziomie *\/\n        align-items: left; \/* Wy\u015brodkowanie w pionie *\/\n    }\n<\/style>\n<div class=\"center-container\">\n    <a href=\"mailto:info@66projekt2.pl\" class=\"email-button\">Zapytaj o cen\u0119<\/a>\n<\/div>\n<table class=\"attributes table table-striped table-hover\">\n<tbody>\n<tr>\n<th>Strona katalogu TexStyles<\/th>\n<td>97<\/td>\n<\/tr>\n<tr>\n<th>Rodzaj materia\u0142u<\/th>\n<td>jersey<\/td>\n<\/tr>\n<tr>\n<th>Certyfikaty<\/th>\n<td>Fair Working Conditions<\/td>\n<\/tr>\n<tr>\n<th>Gramatura w g\/m\u00b2<\/th>\n<td>140 g\/m\u00b2<\/td>\n<\/tr>\n<tr>\n<th>Sk\u0142ad<\/th>\n<td>100% bawe\u0142na (Grey: 90% bawe\u0142na \/ 10% wiskoza), (Charcoal: 60% bawe\u0142na \/ 40% poliester)<\/td>\n<\/tr>\n<tr>\n<th>Woreczek foliowy<\/th>\n<td>Nie<\/td>\n<\/tr>\n<tr>\n<th>T-shirty<\/th>\n<td>okr\u0105g\u0142y dekolt<\/td>\n<\/tr>\n<tr>\n<th>Metka<\/th>\n<td>bez metki na karku\/w pasie<\/td>\n<\/tr>\n<tr>\n<th>Dekolt<\/th>\n<td>dekolt okr\u0105g\u0142y<\/td>\n<\/tr>\n<tr>\n<th>Kolorystyka<\/th>\n<td>jednokolorowa<br \/>\nmelan\u017c<br \/>\nPastelowych<\/td>\n<\/tr>\n<tr>\n<th>Piel\u0119gnacja<\/th>\n<td>pranie do 30\u00b0C<br \/>\nprasowanie<\/td>\n<\/tr>\n<tr>\n<th>Kr\u00f3j<\/th>\n<td>d\u0142ugi<\/td>\n<\/tr>\n<tr>\n<th>R\u0119kaw<\/th>\n<td>kr\u00f3tki<\/td>\n<\/tr>\n<tr>\n<th>Wykonanie<\/th>\n<td>szwy boczne<\/td>\n<\/tr>\n<tr>\n<th>Rozmiary<\/th>\n<td>XS, S, M, L, XL, XXL, (3XL, 4XL, 5XL na zam\u00f3wienie)<\/td>\n<\/tr>\n<\/tbody>\n<\/table>\n","protected":false},"featured_media":4596,"comment_status":"closed","ping_status":"closed","template":"","meta":[],"product_cat":[195,94],"product_tag":[],"aioseo_notices":[],"_links":{"self":[{"href":"https:\/\/66projekt.pl\/buildyourbrand\/wp-json\/wp\/v2\/product\/4564"}],"collection":[{"href":"https:\/\/66projekt.pl\/buildyourbrand\/wp-json\/wp\/v2\/product"}],"about":[{"href":"https:\/\/66projekt.pl\/buildyourbrand\/wp-json\/wp\/v2\/types\/product"}],"replies":[{"embeddable":true,"href":"https:\/\/66projekt.pl\/buildyourbrand\/wp-json\/wp\/v2\/comments?post=4564"}],"wp:featuredmedia":[{"embeddable":true,"href":"https:\/\/66projekt.pl\/buildyourbrand\/wp-json\/wp\/v2\/media\/4596"}],"wp:attachment":[{"href":"https:\/\/66projekt.pl\/buildyourbrand\/wp-json\/wp\/v2\/media?parent=4564"}],"wp:term":[{"taxonomy":"product_cat","embeddable":true,"href":"https:\/\/66projekt.pl\/buildyourbrand\/wp-json\/wp\/v2\/product_cat?post=4564"},{"taxonomy":"product_tag","embeddable":true,"href":"https:\/\/66projekt.pl\/buildyourbrand\/wp-json\/wp\/v2\/product_tag?post=4564"}],"curies":[{"name":"wp","href":"https:\/\/api.w.org\/{rel}","templated":true}]}}