{"id":4811,"date":"2023-03-23T13:17:26","date_gmt":"2023-03-23T13:17:26","guid":{"rendered":"https:\/\/66projekt.pl\/buildyourbrand\/?post_type=product&#038;p=4811"},"modified":"2024-01-25T15:38:37","modified_gmt":"2024-01-25T15:38:37","slug":"koszulka-ladies-everyday-tee-by211","status":"publish","type":"product","link":"https:\/\/66projekt.pl\/buildyourbrand\/produkt\/koszulka-ladies-everyday-tee-by211\/","title":{"rendered":"Koszulka Ladies Everyday Tee BY211"},"content":{"rendered":"<p>Kobiecy <strong>T-shirt Ladies Everyday Tee<\/strong> w jednolitym kolorze charakteryzuje si\u0119 prostym i niepretensjonalnym, le\u017c\u0105cym lu\u017ano oversize&#8217;owym krojem z przesuni\u0119tymi ramionami. Wykorzystana bawe\u0142na zapewnia sprawdzony komfort. \u017bebrowany dekolt okr\u0105g\u0142y jest ma\u0142ym akcentem modnego stylu. <strong>Koszulka<\/strong> nadaje si\u0119 r\u00f3wnie\u017c znakowania za pomoc\u0105 flocku, sitodruku lub haftu.<\/p>\n<table border=\"0\" cellspacing=\"2\" cellpadding=\"2\">\n<tbody>\n<tr>\n<td><strong>Rozmiar<\/strong><\/td>\n<td><strong>Szeroko\u015b\u0107 (cm)<\/strong><\/td>\n<td><strong>D\u0142ugo\u015b\u0107 (cm)<\/strong><\/td>\n<\/tr>\n<tr>\n<td>XS<\/td>\n<td>47.5<\/td>\n<td>58<\/td>\n<\/tr>\n<tr>\n<td>S<\/td>\n<td>50<\/td>\n<td>60<\/td>\n<\/tr>\n<tr>\n<td>M<\/td>\n<td>52.5<\/td>\n<td>62<\/td>\n<\/tr>\n<tr>\n<td>L<\/td>\n<td>55<\/td>\n<td>64<\/td>\n<\/tr>\n<tr>\n<td>XL<\/td>\n<td>57.5<\/td>\n<td>66<\/td>\n<\/tr>\n<tr>\n<td>2XL<\/td>\n<td>61.5<\/td>\n<td>67<\/td>\n<\/tr>\n<tr>\n<td>3XL<\/td>\n<td>65.5<\/td>\n<td>68<\/td>\n<\/tr>\n<tr>\n<td>4XL<\/td>\n<td>69.5<\/td>\n<td>69<\/td>\n<\/tr>\n<tr>\n<td>5XL<\/td>\n<td>73.5<\/td>\n<td>70<\/td>\n<\/tr>\n<tr>\n<td>TOLERANCJA +\/-<\/td>\n<td>5%<\/td>\n<td>5%<\/td>\n<\/tr>\n<\/tbody>\n<\/table>\n<p>*Mierzone w poprzek produktu, 1cm poni\u017cej r\u0119kaw\u00f3w<br \/>\n**Mierzone od najwy\u017cszego punktu na ramionach do ko\u0144ca produktu<br \/>\nTolerancja b\u0142\u0119du do 5%<\/p>\n<p>&nbsp;<\/p>\n","protected":false},"excerpt":{"rendered":"<style>\n    \/* Styl przycisku *\/\n    .email-button {\n        background-color: white; \/* Bia\u0142y kolor t\u0142a *\/\n        color: black; \/* Kolor tekstu *\/\n        padding: 10px 20px; \/* Odst\u0119py wewn\u0105trz przycisku *\/\n        text-align: center; \/* Wy\u015brodkowany tekst *\/\n        text-decoration: none; \/* Brak podkre\u015blenia tekstu *\/\n        display: inline-block; \/* Wy\u015bwietlanie jako element liniowo-blokowy *\/\n        font-size: 16px; \/* Rozmiar czcionki *\/\n        border: 1px solid black; \/* Czarna, cienka obw\u00f3dka *\/\nmargin-bottom: 10px;\n    }\n    \/* Stylowanie kontenera do wy\u015brodkowania przycisku *\/\n    .center-container {\n        height: auto; \/* Wysoko\u015b\u0107 na ca\u0142y ekran *\/\n        display: flex; \/* U\u017cycie Flexbox *\/\n        justify-content: left; \/* Wy\u015brodkowanie w poziomie *\/\n        align-items: left; \/* Wy\u015brodkowanie w pionie *\/\n    }\n<\/style>\n<div class=\"center-container\">\n    <a href=\"mailto:info@66projekt2.pl\" class=\"email-button\">Zapytaj o cen\u0119<\/a>\n<\/div>\n<table class=\"attributes table table-striped table-hover\">\n<tbody>\n<tr>\n<th>Strona katalogu TexStyles<\/th>\n<td>95<\/td>\n<\/tr>\n<tr>\n<th>Gramatura w g\/m\u00b2<\/th>\n<td>200 g\/m\u00b2<\/td>\n<\/tr>\n<tr>\n<th>Sk\u0142ad<\/th>\n<td>100% bawe\u0142na<\/td>\n<\/tr>\n<tr>\n<th>T-shirty<\/th>\n<td>okr\u0105g\u0142y dekolt<\/td>\n<\/tr>\n<tr>\n<th>Kolorystyka<\/th>\n<td>jednokolorowa<\/td>\n<\/tr>\n<tr>\n<th>Dekolt<\/th>\n<td>dekolt okr\u0105g\u0142y<\/td>\n<\/tr>\n<tr>\n<th>R\u0119kaw<\/th>\n<td>kr\u00f3tki<br \/>\nwszyty (set in)<\/td>\n<\/tr>\n<tr>\n<th>Piel\u0119gnacja<\/th>\n<td>pranie do 30\u00b0C<br \/>\nprasowanie<\/td>\n<\/tr>\n<tr>\n<th>Kr\u00f3j<\/th>\n<td>lu\u017any<\/td>\n<\/tr>\n<tr>\n<th>Rozmiary<\/th>\n<td>XS, S, M, L, XL, XXL, (3XL, 4XL, 5XL na zam\u00f3wienie)<\/td>\n<\/tr>\n<\/tbody>\n<\/table>\n","protected":false},"featured_media":4824,"comment_status":"closed","ping_status":"closed","template":"","meta":[],"product_cat":[195,94],"product_tag":[],"aioseo_notices":[],"_links":{"self":[{"href":"https:\/\/66projekt.pl\/buildyourbrand\/wp-json\/wp\/v2\/product\/4811"}],"collection":[{"href":"https:\/\/66projekt.pl\/buildyourbrand\/wp-json\/wp\/v2\/product"}],"about":[{"href":"https:\/\/66projekt.pl\/buildyourbrand\/wp-json\/wp\/v2\/types\/product"}],"replies":[{"embeddable":true,"href":"https:\/\/66projekt.pl\/buildyourbrand\/wp-json\/wp\/v2\/comments?post=4811"}],"wp:featuredmedia":[{"embeddable":true,"href":"https:\/\/66projekt.pl\/buildyourbrand\/wp-json\/wp\/v2\/media\/4824"}],"wp:attachment":[{"href":"https:\/\/66projekt.pl\/buildyourbrand\/wp-json\/wp\/v2\/media?parent=4811"}],"wp:term":[{"taxonomy":"product_cat","embeddable":true,"href":"https:\/\/66projekt.pl\/buildyourbrand\/wp-json\/wp\/v2\/product_cat?post=4811"},{"taxonomy":"product_tag","embeddable":true,"href":"https:\/\/66projekt.pl\/buildyourbrand\/wp-json\/wp\/v2\/product_tag?post=4811"}],"curies":[{"name":"wp","href":"https:\/\/api.w.org\/{rel}","templated":true}]}}