{"id":4884,"date":"2023-03-23T15:13:07","date_gmt":"2023-03-23T15:13:07","guid":{"rendered":"https:\/\/66projekt.pl\/buildyourbrand\/?post_type=product&#038;p=4884"},"modified":"2024-01-25T15:35:05","modified_gmt":"2024-01-25T15:35:05","slug":"bluza-organic-kids-sweat-college-jacket-by187","status":"publish","type":"product","link":"https:\/\/66projekt.pl\/buildyourbrand\/produkt\/bluza-organic-kids-sweat-college-jacket-by187\/","title":{"rendered":"Bluza Organic Kids Sweat College Jacket BY187"},"content":{"rendered":"<p><strong>Bluz\u0119 Organic Kids Sweat College Jacket<\/strong> najlepiej opisa\u0107 jako przebojow\u0105 i urocz\u0105! Jest wzorowana na klasycznym projekcie oryginalnych kurtek college&#8217;owych i posiada wszystkie niezb\u0119dne cechy, takie jak pr\u0105\u017ckowany ko\u0142nierz, kontrastowe r\u0119kawy, kieszenie boczne, \u015bci\u0105gacze na r\u0119kawach i u do\u0142u bluzy oraz rz\u0105d guzik\u00f3w. A co wi\u0119cej, wykonana jest z mi\u0119kkiego organicznego materia\u0142u! Dla tych, kt\u00f3rzy pragn\u0105 jeszcze bardziej eleganckiego stylu, mo\u017cna j\u0105 \u0142atwo ozdobi\u0107 haftem, sitodrukiem lub flock drukiem.<\/p>\n<table border=\"0\" cellspacing=\"2\" cellpadding=\"2\">\n<tbody>\n<tr>\n<td><strong>Rozmiar<\/strong><\/td>\n<td><strong>Szeroko\u015b\u0107 (cm)<\/strong><\/td>\n<td><strong>D\u0142ugo\u015b\u0107 (cm)<\/strong><\/td>\n<\/tr>\n<tr>\n<td>110\/116<\/td>\n<td>37<\/td>\n<td>37<\/td>\n<\/tr>\n<tr>\n<td>122\/128<\/td>\n<td>40<\/td>\n<td>41<\/td>\n<\/tr>\n<tr>\n<td>134\/140<\/td>\n<td>43<\/td>\n<td>45<\/td>\n<\/tr>\n<tr>\n<td>146\/152<\/td>\n<td>46<\/td>\n<td>50<\/td>\n<\/tr>\n<tr>\n<td>158\/164<\/td>\n<td>49<\/td>\n<td>55<\/td>\n<\/tr>\n<tr>\n<td>TOLERANCJA +\/-<\/td>\n<td>5%<\/td>\n<td>5%<\/td>\n<\/tr>\n<\/tbody>\n<\/table>\n<p>*Mierzone w poprzek produktu, 1cm poni\u017cej r\u0119kaw\u00f3w<br \/>\n**Mierzone od najwy\u017cszego punktu na ramionach do ko\u0144ca produktu<br \/>\nTolerancja b\u0142\u0119du do 5%<\/p>\n<p>&nbsp;<\/p>\n","protected":false},"excerpt":{"rendered":"<style>\n    \/* Styl przycisku *\/\n    .email-button {\n        background-color: white; \/* Bia\u0142y kolor t\u0142a *\/\n        color: black; \/* Kolor tekstu *\/\n        padding: 10px 20px; \/* Odst\u0119py wewn\u0105trz przycisku *\/\n        text-align: center; \/* Wy\u015brodkowany tekst *\/\n        text-decoration: none; \/* Brak podkre\u015blenia tekstu *\/\n        display: inline-block; \/* Wy\u015bwietlanie jako element liniowo-blokowy *\/\n        font-size: 16px; \/* Rozmiar czcionki *\/\n        border: 1px solid black; \/* Czarna, cienka obw\u00f3dka *\/\nmargin-bottom: 10px;\n    }\n    \/* Stylowanie kontenera do wy\u015brodkowania przycisku *\/\n    .center-container {\n        height: auto; \/* Wysoko\u015b\u0107 na ca\u0142y ekran *\/\n        display: flex; \/* U\u017cycie Flexbox *\/\n        justify-content: left; \/* Wy\u015brodkowanie w poziomie *\/\n        align-items: left; \/* Wy\u015brodkowanie w pionie *\/\n    }\n<\/style>\n<div class=\"center-container\">\n    <a href=\"mailto:info@66projekt2.pl\" class=\"email-button\">Zapytaj o cen\u0119<\/a>\n<\/div>\n<table class=\"attributes table table-striped table-hover\">\n<tbody>\n<tr>\n<th>Strona katalogu TexStyles<\/th>\n<td>606<\/td>\n<\/tr>\n<tr>\n<th>Certyfikaty<\/th>\n<td>bawe\u0142na organiczna<\/td>\n<\/tr>\n<tr>\n<th>Gramatura w g\/m\u00b2<\/th>\n<td>300 g\/m\u00b2<\/td>\n<\/tr>\n<tr>\n<th>Sk\u0142ad<\/th>\n<td>100% bawe\u0142na<\/td>\n<\/tr>\n<tr>\n<th>R\u0119kaw<\/th>\n<td>d\u0142ugi<br \/>\nwszyty (set in)<br \/>\ngumka \/ \u015bci\u0105gacz \/ lam\u00f3wka<\/td>\n<\/tr>\n<tr>\n<th>Piel\u0119gnacja<\/th>\n<td>pranie do 30\u00b0C<br \/>\nprasowanie<\/td>\n<\/tr>\n<tr>\n<th>Bluzy<\/th>\n<td>rozpinane<\/td>\n<\/tr>\n<tr>\n<th>Kolorystyka<\/th>\n<td>wielokolorowa \/ kontrastowa<\/td>\n<\/tr>\n<tr>\n<th>Guziki<\/th>\n<td>zapi\u0119cie na 4 guziki lub wi\u0119cej<br \/>\nnapy<\/td>\n<\/tr>\n<tr>\n<th>Dekolt\/Ko\u0142nierz\/Kaptur<\/th>\n<td>st\u00f3jka<\/td>\n<\/tr>\n<tr>\n<th>Kr\u00f3j<\/th>\n<td>klasyczny<\/td>\n<\/tr>\n<tr>\n<th>Wykonanie<\/th>\n<td>od wewn\u0105trz szczotkowane<\/td>\n<\/tr>\n<tr>\n<th>Rozmiary<\/th>\n<td>110\/116, 122\/128, 134\/140, 146\/152, 158\/164<\/td>\n<\/tr>\n<\/tbody>\n<\/table>\n","protected":false},"featured_media":4894,"comment_status":"closed","ping_status":"closed","template":"","meta":[],"product_cat":[208,94],"product_tag":[],"aioseo_notices":[],"_links":{"self":[{"href":"https:\/\/66projekt.pl\/buildyourbrand\/wp-json\/wp\/v2\/product\/4884"}],"collection":[{"href":"https:\/\/66projekt.pl\/buildyourbrand\/wp-json\/wp\/v2\/product"}],"about":[{"href":"https:\/\/66projekt.pl\/buildyourbrand\/wp-json\/wp\/v2\/types\/product"}],"replies":[{"embeddable":true,"href":"https:\/\/66projekt.pl\/buildyourbrand\/wp-json\/wp\/v2\/comments?post=4884"}],"wp:featuredmedia":[{"embeddable":true,"href":"https:\/\/66projekt.pl\/buildyourbrand\/wp-json\/wp\/v2\/media\/4894"}],"wp:attachment":[{"href":"https:\/\/66projekt.pl\/buildyourbrand\/wp-json\/wp\/v2\/media?parent=4884"}],"wp:term":[{"taxonomy":"product_cat","embeddable":true,"href":"https:\/\/66projekt.pl\/buildyourbrand\/wp-json\/wp\/v2\/product_cat?post=4884"},{"taxonomy":"product_tag","embeddable":true,"href":"https:\/\/66projekt.pl\/buildyourbrand\/wp-json\/wp\/v2\/product_tag?post=4884"}],"curies":[{"name":"wp","href":"https:\/\/api.w.org\/{rel}","templated":true}]}}