{"id":4916,"date":"2023-03-23T15:50:37","date_gmt":"2023-03-23T15:50:37","guid":{"rendered":"https:\/\/66projekt.pl\/buildyourbrand\/?post_type=product&#038;p=4916"},"modified":"2024-01-25T15:32:15","modified_gmt":"2024-01-25T15:32:15","slug":"bluza-basic-kids-hoody-by117","status":"publish","type":"product","link":"https:\/\/66projekt.pl\/buildyourbrand\/produkt\/bluza-basic-kids-hoody-by117\/","title":{"rendered":"Bluza Basic Kids Hoody BY117"},"content":{"rendered":"<p><strong>Bluza Basic Kids Hoody<\/strong> to idealny wyb\u00f3r na spokojne i przytulne chwile. Wyposa\u017cona jest we wszystkie cechy charakterystyczne dla prawdziwej bluzy z kapturem. Zaliczaj\u0105 si\u0119 do nich klasyczne \u015bci\u0105gacze na r\u0119kawach i dole bluzy oraz du\u017ca kiesze\u0144 typu kangur z przodu. Mo\u017cna j\u0105 spersonalizowa\u0107 poprzez nadruk metod\u0105 sitodruku lub flexu.<\/p>\n<table border=\"0\" cellspacing=\"2\" cellpadding=\"2\">\n<tbody>\n<tr>\n<td><strong>Rozmiar<\/strong><\/td>\n<td><strong>Szeroko\u015b\u0107 (cm)<\/strong><\/td>\n<td><strong>D\u0142ugo\u015b\u0107 (cm)<\/strong><\/td>\n<\/tr>\n<tr>\n<td>110\/116<\/td>\n<td>36<\/td>\n<td>48<\/td>\n<\/tr>\n<tr>\n<td>122\/128<\/td>\n<td>39<\/td>\n<td>52<\/td>\n<\/tr>\n<tr>\n<td>134\/140<\/td>\n<td>42<\/td>\n<td>56<\/td>\n<\/tr>\n<tr>\n<td>146\/152<\/td>\n<td>45<\/td>\n<td>61<\/td>\n<\/tr>\n<tr>\n<td>158\/164<\/td>\n<td>48<\/td>\n<td>66<\/td>\n<\/tr>\n<tr>\n<td>TOLERANCJA +\/-<\/td>\n<td>5%<\/td>\n<td>5%<\/td>\n<\/tr>\n<\/tbody>\n<\/table>\n<p>*Mierzone w poprzek produktu, 1cm poni\u017cej r\u0119kaw\u00f3w<br \/>\n**Mierzone od najwy\u017cszego punktu na ramionach do ko\u0144ca produktu<br \/>\nTolerancja b\u0142\u0119du do 5%<\/p>\n<p>&nbsp;<\/p>\n","protected":false},"excerpt":{"rendered":"<style>\n    \/* Styl przycisku *\/\n    .email-button {\n        background-color: white; \/* Bia\u0142y kolor t\u0142a *\/\n        color: black; \/* Kolor tekstu *\/\n        padding: 10px 20px; \/* Odst\u0119py wewn\u0105trz przycisku *\/\n        text-align: center; \/* Wy\u015brodkowany tekst *\/\n        text-decoration: none; \/* Brak podkre\u015blenia tekstu *\/\n        display: inline-block; \/* Wy\u015bwietlanie jako element liniowo-blokowy *\/\n        font-size: 16px; \/* Rozmiar czcionki *\/\n        border: 1px solid black; \/* Czarna, cienka obw\u00f3dka *\/\nmargin-bottom: 10px;\n    }\n    \/* Stylowanie kontenera do wy\u015brodkowania przycisku *\/\n    .center-container {\n        height: auto; \/* Wysoko\u015b\u0107 na ca\u0142y ekran *\/\n        display: flex; \/* U\u017cycie Flexbox *\/\n        justify-content: left; \/* Wy\u015brodkowanie w poziomie *\/\n        align-items: left; \/* Wy\u015brodkowanie w pionie *\/\n    }\n<\/style>\n<div class=\"center-container\">\n    <a href=\"mailto:info@66projekt2.pl\" class=\"email-button\">Zapytaj o cen\u0119<\/a>\n<\/div>\n<table class=\"attributes table table-striped table-hover\">\n<tbody>\n<tr>\n<th>Strona katalogu TexStyles<\/th>\n<td>602<\/td>\n<\/tr>\n<tr>\n<th>Certyfikaty<\/th>\n<td>Fair Working Conditions<\/td>\n<\/tr>\n<tr>\n<th>Gramatura w g\/m\u00b2<\/th>\n<td>300 g\/m\u00b2<\/td>\n<\/tr>\n<tr>\n<th>Sk\u0142ad<\/th>\n<td>65% bawe\u0142na \/ 35% poliester<\/td>\n<\/tr>\n<tr>\n<th>Woreczek foliowy<\/th>\n<td>Nie<\/td>\n<\/tr>\n<tr>\n<th>R\u0119kaw<\/th>\n<td>d\u0142ugi<\/td>\n<\/tr>\n<tr>\n<th>Kolorystyka<\/th>\n<td>jednokolorowa<br \/>\nmelan\u017c<\/td>\n<\/tr>\n<tr>\n<th>Piel\u0119gnacja<\/th>\n<td>pranie do 30\u00b0C<br \/>\nprasowanie<\/td>\n<\/tr>\n<tr>\n<th>Dekolt\/Ko\u0142nierz\/Kaptur<\/th>\n<td>z kapturem<\/td>\n<\/tr>\n<tr>\n<th>Bluzy<\/th>\n<td>bluzy nierozpinane z kapturem<\/td>\n<\/tr>\n<tr>\n<th>Metka<\/th>\n<td>usuwalna<\/td>\n<\/tr>\n<tr>\n<th>Rozmiary<\/th>\n<td>110\/116, 122\/128, 134\/140, 146\/152, 158\/164<\/td>\n<\/tr>\n<\/tbody>\n<\/table>\n","protected":false},"featured_media":4927,"comment_status":"closed","ping_status":"closed","template":"","meta":[],"product_cat":[208,94],"product_tag":[],"aioseo_notices":[],"_links":{"self":[{"href":"https:\/\/66projekt.pl\/buildyourbrand\/wp-json\/wp\/v2\/product\/4916"}],"collection":[{"href":"https:\/\/66projekt.pl\/buildyourbrand\/wp-json\/wp\/v2\/product"}],"about":[{"href":"https:\/\/66projekt.pl\/buildyourbrand\/wp-json\/wp\/v2\/types\/product"}],"replies":[{"embeddable":true,"href":"https:\/\/66projekt.pl\/buildyourbrand\/wp-json\/wp\/v2\/comments?post=4916"}],"wp:featuredmedia":[{"embeddable":true,"href":"https:\/\/66projekt.pl\/buildyourbrand\/wp-json\/wp\/v2\/media\/4927"}],"wp:attachment":[{"href":"https:\/\/66projekt.pl\/buildyourbrand\/wp-json\/wp\/v2\/media?parent=4916"}],"wp:term":[{"taxonomy":"product_cat","embeddable":true,"href":"https:\/\/66projekt.pl\/buildyourbrand\/wp-json\/wp\/v2\/product_cat?post=4916"},{"taxonomy":"product_tag","embeddable":true,"href":"https:\/\/66projekt.pl\/buildyourbrand\/wp-json\/wp\/v2\/product_tag?post=4916"}],"curies":[{"name":"wp","href":"https:\/\/api.w.org\/{rel}","templated":true}]}}