{"id":5064,"date":"2023-03-27T14:31:27","date_gmt":"2023-03-27T14:31:27","guid":{"rendered":"https:\/\/66projekt.pl\/buildyourbrand\/produkt\/skladana-butelka-sportowa-550-ml-z-karabinczykiem\/"},"modified":"2024-01-25T15:14:45","modified_gmt":"2024-01-25T15:14:45","slug":"skladana-butelka-sportowa-550-ml-z-karabinczykiem","status":"publish","type":"product","link":"https:\/\/66projekt.pl\/buildyourbrand\/produkt\/skladana-butelka-sportowa-550-ml-z-karabinczykiem\/","title":{"rendered":"Sk\u0142adana butelka sportowa 550 ml z karabi\u0144czykiem P432.621"},"content":{"rendered":"","protected":false},"excerpt":{"rendered":"<style>\n    \/* Styl przycisku *\/\n    .email-button {\n        background-color: white; \/* Bia\u0142y kolor t\u0142a *\/\n        color: black; \/* Kolor tekstu *\/\n        padding: 10px 20px; \/* Odst\u0119py wewn\u0105trz przycisku *\/\n        text-align: center; \/* Wy\u015brodkowany tekst *\/\n        text-decoration: none; \/* Brak podkre\u015blenia tekstu *\/\n        display: inline-block; \/* Wy\u015bwietlanie jako element liniowo-blokowy *\/\n        font-size: 16px; \/* Rozmiar czcionki *\/\n        border: 1px solid black; \/* Czarna, cienka obw\u00f3dka *\/\nmargin-bottom: 10px;\n    }\n    \/* Stylowanie kontenera do wy\u015brodkowania przycisku *\/\n    .center-container {\n        height: auto; \/* Wysoko\u015b\u0107 na ca\u0142y ekran *\/\n        display: flex; \/* U\u017cycie Flexbox *\/\n        justify-content: left; \/* Wy\u015brodkowanie w poziomie *\/\n        align-items: left; \/* Wy\u015brodkowanie w pionie *\/\n    }\n<\/style>\n<div class=\"center-container\">\n    <a href=\"mailto:info@66projekt2.pl\" class=\"email-button\">Zapytaj o cen\u0119<\/a>\n<\/div>\n<p>Sk\u0142adana butelka sportowa 550 ml z karabi\u0144czykiem, szczelna, wykonana w 100% z silikonu przeznaczonego do kontaktu z \u017cywno\u015bci\u0105, elastyczna i \u0142atwa w czyszczeniu, nie zawiera BPA<\/p>\n<div class=\"param_1 c1 \">Wymiary:\u00a024,3 x \u00f8 7,1 cm<\/div>\n<div class=\"param_1 c1 \">Materia\u0142:\u00a0silikon, aluminium<\/div>\n<div class=\"param_1 c1 \">Kolor:\u00a0czarny<\/div>\n","protected":false},"featured_media":5096,"comment_status":"open","ping_status":"closed","template":"","meta":[],"product_cat":[214],"product_tag":[],"aioseo_notices":[],"_links":{"self":[{"href":"https:\/\/66projekt.pl\/buildyourbrand\/wp-json\/wp\/v2\/product\/5064"}],"collection":[{"href":"https:\/\/66projekt.pl\/buildyourbrand\/wp-json\/wp\/v2\/product"}],"about":[{"href":"https:\/\/66projekt.pl\/buildyourbrand\/wp-json\/wp\/v2\/types\/product"}],"replies":[{"embeddable":true,"href":"https:\/\/66projekt.pl\/buildyourbrand\/wp-json\/wp\/v2\/comments?post=5064"}],"wp:featuredmedia":[{"embeddable":true,"href":"https:\/\/66projekt.pl\/buildyourbrand\/wp-json\/wp\/v2\/media\/5096"}],"wp:attachment":[{"href":"https:\/\/66projekt.pl\/buildyourbrand\/wp-json\/wp\/v2\/media?parent=5064"}],"wp:term":[{"taxonomy":"product_cat","embeddable":true,"href":"https:\/\/66projekt.pl\/buildyourbrand\/wp-json\/wp\/v2\/product_cat?post=5064"},{"taxonomy":"product_tag","embeddable":true,"href":"https:\/\/66projekt.pl\/buildyourbrand\/wp-json\/wp\/v2\/product_tag?post=5064"}],"curies":[{"name":"wp","href":"https:\/\/api.w.org\/{rel}","templated":true}]}}