{"id":5079,"date":"2023-03-27T14:32:23","date_gmt":"2023-03-27T14:32:23","guid":{"rendered":"https:\/\/66projekt.pl\/buildyourbrand\/produkt\/torba-sportowa-podrozna-ochrona-rfid\/"},"modified":"2024-01-25T15:09:31","modified_gmt":"2024-01-25T15:09:31","slug":"torba-sportowa-podrozna-ochrona-rfid","status":"publish","type":"product","link":"https:\/\/66projekt.pl\/buildyourbrand\/produkt\/torba-sportowa-podrozna-ochrona-rfid\/","title":{"rendered":"Torba sportowa, podr\u00f3\u017cna, ochrona RFID"},"content":{"rendered":"","protected":false},"excerpt":{"rendered":"<style>\n    \/* Styl przycisku *\/\n    .email-button {\n        background-color: white; \/* Bia\u0142y kolor t\u0142a *\/\n        color: black; \/* Kolor tekstu *\/\n        padding: 10px 20px; \/* Odst\u0119py wewn\u0105trz przycisku *\/\n        text-align: center; \/* Wy\u015brodkowany tekst *\/\n        text-decoration: none; \/* Brak podkre\u015blenia tekstu *\/\n        display: inline-block; \/* Wy\u015bwietlanie jako element liniowo-blokowy *\/\n        font-size: 16px; \/* Rozmiar czcionki *\/\n        border: 1px solid black; \/* Czarna, cienka obw\u00f3dka *\/\nmargin-bottom: 10px;\n    }\n    \/* Stylowanie kontenera do wy\u015brodkowania przycisku *\/\n    .center-container {\n        height: auto; \/* Wysoko\u015b\u0107 na ca\u0142y ekran *\/\n        display: flex; \/* U\u017cycie Flexbox *\/\n        justify-content: left; \/* Wy\u015brodkowanie w poziomie *\/\n        align-items: left; \/* Wy\u015brodkowanie w pionie *\/\n    }\n<\/style>\n<div class=\"center-container\">\n    <a href=\"mailto:info@66projekt2.pl\" class=\"email-button\">Zapytaj o cen\u0119<\/a>\n<\/div>\n<p>Torba sportowa, podr\u00f3\u017cna z ochron\u0105 RFID, przegroda g\u0142\u00f3wna i kiesze\u0144 wewn\u0119trzna zamykana na zamek, uchwyty i regulowany pasek na rami\u0119<\/p>\n","protected":false},"featured_media":5078,"comment_status":"open","ping_status":"closed","template":"","meta":[],"product_cat":[222],"product_tag":[],"aioseo_notices":[],"_links":{"self":[{"href":"https:\/\/66projekt.pl\/buildyourbrand\/wp-json\/wp\/v2\/product\/5079"}],"collection":[{"href":"https:\/\/66projekt.pl\/buildyourbrand\/wp-json\/wp\/v2\/product"}],"about":[{"href":"https:\/\/66projekt.pl\/buildyourbrand\/wp-json\/wp\/v2\/types\/product"}],"replies":[{"embeddable":true,"href":"https:\/\/66projekt.pl\/buildyourbrand\/wp-json\/wp\/v2\/comments?post=5079"}],"wp:featuredmedia":[{"embeddable":true,"href":"https:\/\/66projekt.pl\/buildyourbrand\/wp-json\/wp\/v2\/media\/5078"}],"wp:attachment":[{"href":"https:\/\/66projekt.pl\/buildyourbrand\/wp-json\/wp\/v2\/media?parent=5079"}],"wp:term":[{"taxonomy":"product_cat","embeddable":true,"href":"https:\/\/66projekt.pl\/buildyourbrand\/wp-json\/wp\/v2\/product_cat?post=5079"},{"taxonomy":"product_tag","embeddable":true,"href":"https:\/\/66projekt.pl\/buildyourbrand\/wp-json\/wp\/v2\/product_tag?post=5079"}],"curies":[{"name":"wp","href":"https:\/\/api.w.org\/{rel}","templated":true}]}}