{"id":5083,"date":"2023-03-27T14:32:34","date_gmt":"2023-03-27T14:32:34","guid":{"rendered":"https:\/\/66projekt.pl\/buildyourbrand\/produkt\/saszetka-zapinana-w-pasie-jane\/"},"modified":"2024-01-25T15:07:41","modified_gmt":"2024-01-25T15:07:41","slug":"saszetka-zapinana-w-pasie-jane","status":"publish","type":"product","link":"https:\/\/66projekt.pl\/buildyourbrand\/produkt\/saszetka-zapinana-w-pasie-jane\/","title":{"rendered":"Saszetka zapinana w pasie | Jane"},"content":{"rendered":"","protected":false},"excerpt":{"rendered":"<style>\n    \/* Styl przycisku *\/\n    .email-button {\n        background-color: white; \/* Bia\u0142y kolor t\u0142a *\/\n        color: black; \/* Kolor tekstu *\/\n        padding: 10px 20px; \/* Odst\u0119py wewn\u0105trz przycisku *\/\n        text-align: center; \/* Wy\u015brodkowany tekst *\/\n        text-decoration: none; \/* Brak podkre\u015blenia tekstu *\/\n        display: inline-block; \/* Wy\u015bwietlanie jako element liniowo-blokowy *\/\n        font-size: 16px; \/* Rozmiar czcionki *\/\n        border: 1px solid black; \/* Czarna, cienka obw\u00f3dka *\/\nmargin-bottom: 10px;\n    }\n    \/* Stylowanie kontenera do wy\u015brodkowania przycisku *\/\n    .center-container {\n        height: auto; \/* Wysoko\u015b\u0107 na ca\u0142y ekran *\/\n        display: flex; \/* U\u017cycie Flexbox *\/\n        justify-content: left; \/* Wy\u015brodkowanie w poziomie *\/\n        align-items: left; \/* Wy\u015brodkowanie w pionie *\/\n    }\n<\/style>\n<div class=\"center-container\">\n    <a href=\"mailto:info@66projekt2.pl\" class=\"email-button\">Zapytaj o cen\u0119<\/a>\n<\/div>\n<p>Saszetka zapinana w pasie, przegroda g\u0142\u00f3wna oraz przednia i tylna kiesze\u0144 na zamek b\u0142yskawiczny, min. obw\u00f3d ok. 77 cm, max. obw\u00f3d ok. 111 cm<\/p>\n","protected":false},"featured_media":5082,"comment_status":"open","ping_status":"closed","template":"","meta":[],"product_cat":[220],"product_tag":[],"aioseo_notices":[],"_links":{"self":[{"href":"https:\/\/66projekt.pl\/buildyourbrand\/wp-json\/wp\/v2\/product\/5083"}],"collection":[{"href":"https:\/\/66projekt.pl\/buildyourbrand\/wp-json\/wp\/v2\/product"}],"about":[{"href":"https:\/\/66projekt.pl\/buildyourbrand\/wp-json\/wp\/v2\/types\/product"}],"replies":[{"embeddable":true,"href":"https:\/\/66projekt.pl\/buildyourbrand\/wp-json\/wp\/v2\/comments?post=5083"}],"wp:featuredmedia":[{"embeddable":true,"href":"https:\/\/66projekt.pl\/buildyourbrand\/wp-json\/wp\/v2\/media\/5082"}],"wp:attachment":[{"href":"https:\/\/66projekt.pl\/buildyourbrand\/wp-json\/wp\/v2\/media?parent=5083"}],"wp:term":[{"taxonomy":"product_cat","embeddable":true,"href":"https:\/\/66projekt.pl\/buildyourbrand\/wp-json\/wp\/v2\/product_cat?post=5083"},{"taxonomy":"product_tag","embeddable":true,"href":"https:\/\/66projekt.pl\/buildyourbrand\/wp-json\/wp\/v2\/product_tag?post=5083"}],"curies":[{"name":"wp","href":"https:\/\/api.w.org\/{rel}","templated":true}]}}