{"id":5099,"date":"2023-03-27T16:46:58","date_gmt":"2023-03-27T16:46:58","guid":{"rendered":"https:\/\/66projekt.pl\/buildyourbrand\/?post_type=product&#038;p=5099"},"modified":"2024-01-25T15:03:05","modified_gmt":"2024-01-25T15:03:05","slug":"worek-ze-sznurkiem-impact-aware-p762-631","status":"publish","type":"product","link":"https:\/\/66projekt.pl\/buildyourbrand\/produkt\/worek-ze-sznurkiem-impact-aware-p762-631\/","title":{"rendered":"Worek ze sznurkiem Impact AWARE\u2122 P762.631"},"content":{"rendered":"","protected":false},"excerpt":{"rendered":"<style>\n    \/* Styl przycisku *\/\n    .email-button {\n        background-color: white; \/* Bia\u0142y kolor t\u0142a *\/\n        color: black; \/* Kolor tekstu *\/\n        padding: 10px 20px; \/* Odst\u0119py wewn\u0105trz przycisku *\/\n        text-align: center; \/* Wy\u015brodkowany tekst *\/\n        text-decoration: none; \/* Brak podkre\u015blenia tekstu *\/\n        display: inline-block; \/* Wy\u015bwietlanie jako element liniowo-blokowy *\/\n        font-size: 16px; \/* Rozmiar czcionki *\/\n        border: 1px solid black; \/* Czarna, cienka obw\u00f3dka *\/\nmargin-bottom: 10px;\n    }\n    \/* Stylowanie kontenera do wy\u015brodkowania przycisku *\/\n    .center-container {\n        height: auto; \/* Wysoko\u015b\u0107 na ca\u0142y ekran *\/\n        display: flex; \/* U\u017cycie Flexbox *\/\n        justify-content: left; \/* Wy\u015brodkowanie w poziomie *\/\n        align-items: left; \/* Wy\u015brodkowanie w pionie *\/\n    }\n<\/style>\n<div class=\"center-container\">\n    <a href=\"mailto:info@66projekt2.pl\" class=\"email-button\">Zapytaj o cen\u0119<\/a>\n<\/div>\n<p>Worek ze sznurkiem, wykonany z mieszanki 70% bawe\u0142ny i 30% rPET o gramaturze 145 g\/m2, dzi\u0119ki czemu zaoszcz\u0119dzonych zosta\u0142o 562 litr\u00f3w wody, dzi\u0119ki zastosowaniu technologii \u015bledz\u0105cej AWARE\u2122 wykorzystane w\u0142\u00f3kna s\u0105 identyfikowalne z pochodzenia oraz wyprodukowane zosta\u0142y zgodnie z ide\u0105 zr\u00f3wnowa\u017conego rozwoju, dane dotycz\u0105ce oszcz\u0119dno\u015bci wody opieraj\u0105 si\u0119 na por\u00f3wnaniu z konwencjonalnym w\u0142\u00f3knem, wyliczenia opieraj\u0105 si\u0119 na wiarygodnych danych LCA opublikowanych przez Textile Exchange w materiale \u201eMaterial Snapshots 2016\u201d, 2% wp\u0142yw\u00f3w z ka\u017cdego sprzedanego produktu z kolekcji Impact jest przekazywane na rzecz Water.org<\/p>\n<div class=\"param_1 c1 \">Wymiary:\u00a035 x 1 x 44 cm<\/div>\n<div class=\"param_1 c1 \">Materia\u0142:\u00a0bawe\u0142na z recyklingu<\/div>\n<div class=\"param_1 c1 \">Kolor:\u00a0czarny<\/div>\n","protected":false},"featured_media":5101,"comment_status":"open","ping_status":"closed","template":"","meta":[],"product_cat":[222],"product_tag":[],"aioseo_notices":[],"_links":{"self":[{"href":"https:\/\/66projekt.pl\/buildyourbrand\/wp-json\/wp\/v2\/product\/5099"}],"collection":[{"href":"https:\/\/66projekt.pl\/buildyourbrand\/wp-json\/wp\/v2\/product"}],"about":[{"href":"https:\/\/66projekt.pl\/buildyourbrand\/wp-json\/wp\/v2\/types\/product"}],"replies":[{"embeddable":true,"href":"https:\/\/66projekt.pl\/buildyourbrand\/wp-json\/wp\/v2\/comments?post=5099"}],"wp:featuredmedia":[{"embeddable":true,"href":"https:\/\/66projekt.pl\/buildyourbrand\/wp-json\/wp\/v2\/media\/5101"}],"wp:attachment":[{"href":"https:\/\/66projekt.pl\/buildyourbrand\/wp-json\/wp\/v2\/media?parent=5099"}],"wp:term":[{"taxonomy":"product_cat","embeddable":true,"href":"https:\/\/66projekt.pl\/buildyourbrand\/wp-json\/wp\/v2\/product_cat?post=5099"},{"taxonomy":"product_tag","embeddable":true,"href":"https:\/\/66projekt.pl\/buildyourbrand\/wp-json\/wp\/v2\/product_tag?post=5099"}],"curies":[{"name":"wp","href":"https:\/\/api.w.org\/{rel}","templated":true}]}}