{"id":5112,"date":"2023-03-27T17:14:26","date_gmt":"2023-03-27T17:14:26","guid":{"rendered":"https:\/\/66projekt.pl\/buildyourbrand\/?post_type=product&#038;p=5112"},"modified":"2024-01-25T14:59:18","modified_gmt":"2024-01-25T14:59:18","slug":"bobby-soft-art-plecak-chroniacy-przed-kieszonkowcami-p705-868","status":"publish","type":"product","link":"https:\/\/66projekt.pl\/buildyourbrand\/produkt\/bobby-soft-art-plecak-chroniacy-przed-kieszonkowcami-p705-868\/","title":{"rendered":"Bobby Soft &#8220;Art&#8221; plecak chroni\u0105cy przed kieszonkowcami P705.868"},"content":{"rendered":"\n\t\t<style type=\"text\/css\">\n\t\t\t#gallery-1 {\n\t\t\t\tmargin: auto;\n\t\t\t}\n\t\t\t#gallery-1 .gallery-item {\n\t\t\t\tfloat: left;\n\t\t\t\tmargin-top: 10px;\n\t\t\t\ttext-align: center;\n\t\t\t\twidth: 50%;\n\t\t\t}\n\t\t\t#gallery-1 img {\n\t\t\t\tborder: 2px solid #cfcfcf;\n\t\t\t}\n\t\t\t#gallery-1 .gallery-caption {\n\t\t\t\tmargin-left: 0;\n\t\t\t}\n\t\t\t\/* see gallery_shortcode() in wp-includes\/media.php *\/\n\t\t<\/style>\n\t\t<div id='gallery-1' class='gallery galleryid-5112 gallery-columns-2 gallery-size-full'><dl class='gallery-item'>\n\t\t\t<dt class='gallery-icon landscape'>\n\t\t\t\t<span class=\"fresco\" data-fresco-group=\"\" href='https:\/\/66projekt.pl\/buildyourbrand\/wp-content\/uploads\/2023\/03\/P705.868_6.jpg'><img loading=\"lazy\" decoding=\"async\" width=\"800\" height=\"800\" src=\"https:\/\/66projekt.pl\/buildyourbrand\/wp-content\/uploads\/2023\/03\/P705.868_6.jpg\" class=\"attachment-full size-full\" alt=\"\" srcset=\"https:\/\/66projekt.pl\/buildyourbrand\/wp-content\/uploads\/2023\/03\/P705.868_6.jpg 800w, https:\/\/66projekt.pl\/buildyourbrand\/wp-content\/uploads\/2023\/03\/P705.868_6-300x300.jpg 300w, https:\/\/66projekt.pl\/buildyourbrand\/wp-content\/uploads\/2023\/03\/P705.868_6-150x150.jpg 150w, https:\/\/66projekt.pl\/buildyourbrand\/wp-content\/uploads\/2023\/03\/P705.868_6-768x768.jpg 768w, https:\/\/66projekt.pl\/buildyourbrand\/wp-content\/uploads\/2023\/03\/P705.868_6-100x100.jpg 100w, https:\/\/66projekt.pl\/buildyourbrand\/wp-content\/uploads\/2023\/03\/P705.868_6-50x50.jpg 50w\" sizes=\"(max-width: 800px) 100vw, 800px\" \/><\/a>\n\t\t\t<\/dt><\/dl><dl class='gallery-item'>\n\t\t\t<dt class='gallery-icon landscape'>\n\t\t\t\t<span class=\"fresco\" data-fresco-group=\"\" href='https:\/\/66projekt.pl\/buildyourbrand\/wp-content\/uploads\/2023\/03\/P705.868_7.jpg'><img loading=\"lazy\" decoding=\"async\" width=\"800\" height=\"800\" src=\"https:\/\/66projekt.pl\/buildyourbrand\/wp-content\/uploads\/2023\/03\/P705.868_7.jpg\" class=\"attachment-full size-full\" alt=\"\" srcset=\"https:\/\/66projekt.pl\/buildyourbrand\/wp-content\/uploads\/2023\/03\/P705.868_7.jpg 800w, https:\/\/66projekt.pl\/buildyourbrand\/wp-content\/uploads\/2023\/03\/P705.868_7-300x300.jpg 300w, https:\/\/66projekt.pl\/buildyourbrand\/wp-content\/uploads\/2023\/03\/P705.868_7-150x150.jpg 150w, https:\/\/66projekt.pl\/buildyourbrand\/wp-content\/uploads\/2023\/03\/P705.868_7-768x768.jpg 768w, https:\/\/66projekt.pl\/buildyourbrand\/wp-content\/uploads\/2023\/03\/P705.868_7-100x100.jpg 100w, https:\/\/66projekt.pl\/buildyourbrand\/wp-content\/uploads\/2023\/03\/P705.868_7-50x50.jpg 50w\" sizes=\"(max-width: 800px) 100vw, 800px\" \/><\/a>\n\t\t\t<\/dt><\/dl><br style=\"clear: both\" \/><dl class='gallery-item'>\n\t\t\t<dt class='gallery-icon landscape'>\n\t\t\t\t<span class=\"fresco\" data-fresco-group=\"\" href='https:\/\/66projekt.pl\/buildyourbrand\/wp-content\/uploads\/2023\/03\/P705.868_8.jpg'><img loading=\"lazy\" decoding=\"async\" width=\"800\" height=\"800\" src=\"https:\/\/66projekt.pl\/buildyourbrand\/wp-content\/uploads\/2023\/03\/P705.868_8.jpg\" class=\"attachment-full size-full\" alt=\"\" srcset=\"https:\/\/66projekt.pl\/buildyourbrand\/wp-content\/uploads\/2023\/03\/P705.868_8.jpg 800w, https:\/\/66projekt.pl\/buildyourbrand\/wp-content\/uploads\/2023\/03\/P705.868_8-300x300.jpg 300w, https:\/\/66projekt.pl\/buildyourbrand\/wp-content\/uploads\/2023\/03\/P705.868_8-150x150.jpg 150w, https:\/\/66projekt.pl\/buildyourbrand\/wp-content\/uploads\/2023\/03\/P705.868_8-768x768.jpg 768w, https:\/\/66projekt.pl\/buildyourbrand\/wp-content\/uploads\/2023\/03\/P705.868_8-100x100.jpg 100w, https:\/\/66projekt.pl\/buildyourbrand\/wp-content\/uploads\/2023\/03\/P705.868_8-50x50.jpg 50w\" sizes=\"(max-width: 800px) 100vw, 800px\" \/><\/a>\n\t\t\t<\/dt><\/dl><dl class='gallery-item'>\n\t\t\t<dt class='gallery-icon landscape'>\n\t\t\t\t<span class=\"fresco\" data-fresco-group=\"\" href='https:\/\/66projekt.pl\/buildyourbrand\/wp-content\/uploads\/2023\/03\/P705.868_10.jpg'><img loading=\"lazy\" decoding=\"async\" width=\"800\" height=\"800\" src=\"https:\/\/66projekt.pl\/buildyourbrand\/wp-content\/uploads\/2023\/03\/P705.868_10.jpg\" class=\"attachment-full size-full\" alt=\"\" srcset=\"https:\/\/66projekt.pl\/buildyourbrand\/wp-content\/uploads\/2023\/03\/P705.868_10.jpg 800w, https:\/\/66projekt.pl\/buildyourbrand\/wp-content\/uploads\/2023\/03\/P705.868_10-300x300.jpg 300w, https:\/\/66projekt.pl\/buildyourbrand\/wp-content\/uploads\/2023\/03\/P705.868_10-150x150.jpg 150w, https:\/\/66projekt.pl\/buildyourbrand\/wp-content\/uploads\/2023\/03\/P705.868_10-768x768.jpg 768w, https:\/\/66projekt.pl\/buildyourbrand\/wp-content\/uploads\/2023\/03\/P705.868_10-100x100.jpg 100w, https:\/\/66projekt.pl\/buildyourbrand\/wp-content\/uploads\/2023\/03\/P705.868_10-50x50.jpg 50w\" sizes=\"(max-width: 800px) 100vw, 800px\" \/><\/a>\n\t\t\t<\/dt><\/dl><br style=\"clear: both\" \/><dl class='gallery-item'>\n\t\t\t<dt class='gallery-icon landscape'>\n\t\t\t\t<span class=\"fresco\" data-fresco-group=\"\" href='https:\/\/66projekt.pl\/buildyourbrand\/wp-content\/uploads\/2023\/03\/P705.868_12.jpg'><img loading=\"lazy\" decoding=\"async\" width=\"800\" height=\"800\" src=\"https:\/\/66projekt.pl\/buildyourbrand\/wp-content\/uploads\/2023\/03\/P705.868_12.jpg\" class=\"attachment-full size-full\" alt=\"\" srcset=\"https:\/\/66projekt.pl\/buildyourbrand\/wp-content\/uploads\/2023\/03\/P705.868_12.jpg 800w, https:\/\/66projekt.pl\/buildyourbrand\/wp-content\/uploads\/2023\/03\/P705.868_12-300x300.jpg 300w, https:\/\/66projekt.pl\/buildyourbrand\/wp-content\/uploads\/2023\/03\/P705.868_12-150x150.jpg 150w, https:\/\/66projekt.pl\/buildyourbrand\/wp-content\/uploads\/2023\/03\/P705.868_12-768x768.jpg 768w, https:\/\/66projekt.pl\/buildyourbrand\/wp-content\/uploads\/2023\/03\/P705.868_12-100x100.jpg 100w, https:\/\/66projekt.pl\/buildyourbrand\/wp-content\/uploads\/2023\/03\/P705.868_12-50x50.jpg 50w\" sizes=\"(max-width: 800px) 100vw, 800px\" \/><\/a>\n\t\t\t<\/dt><\/dl><dl class='gallery-item'>\n\t\t\t<dt class='gallery-icon landscape'>\n\t\t\t\t<span class=\"fresco\" data-fresco-group=\"\" href='https:\/\/66projekt.pl\/buildyourbrand\/wp-content\/uploads\/2023\/03\/P705.868_13.jpg'><img loading=\"lazy\" decoding=\"async\" width=\"800\" height=\"800\" src=\"https:\/\/66projekt.pl\/buildyourbrand\/wp-content\/uploads\/2023\/03\/P705.868_13.jpg\" class=\"attachment-full size-full\" alt=\"\" srcset=\"https:\/\/66projekt.pl\/buildyourbrand\/wp-content\/uploads\/2023\/03\/P705.868_13.jpg 800w, https:\/\/66projekt.pl\/buildyourbrand\/wp-content\/uploads\/2023\/03\/P705.868_13-300x300.jpg 300w, https:\/\/66projekt.pl\/buildyourbrand\/wp-content\/uploads\/2023\/03\/P705.868_13-150x150.jpg 150w, https:\/\/66projekt.pl\/buildyourbrand\/wp-content\/uploads\/2023\/03\/P705.868_13-768x768.jpg 768w, https:\/\/66projekt.pl\/buildyourbrand\/wp-content\/uploads\/2023\/03\/P705.868_13-100x100.jpg 100w, https:\/\/66projekt.pl\/buildyourbrand\/wp-content\/uploads\/2023\/03\/P705.868_13-50x50.jpg 50w\" sizes=\"(max-width: 800px) 100vw, 800px\" \/><\/a>\n\t\t\t<\/dt><\/dl><br style=\"clear: both\" \/>\n\t\t<\/div>\n\n","protected":false},"excerpt":{"rendered":"<style>\n    \/* Styl przycisku *\/\n    .email-button {\n        background-color: white; \/* Bia\u0142y kolor t\u0142a *\/\n        color: black; \/* Kolor tekstu *\/\n        padding: 10px 20px; \/* Odst\u0119py wewn\u0105trz przycisku *\/\n        text-align: center; \/* Wy\u015brodkowany tekst *\/\n        text-decoration: none; \/* Brak podkre\u015blenia tekstu *\/\n        display: inline-block; \/* Wy\u015bwietlanie jako element liniowo-blokowy *\/\n        font-size: 16px; \/* Rozmiar czcionki *\/\n        border: 1px solid black; \/* Czarna, cienka obw\u00f3dka *\/\nmargin-bottom: 10px;\n    }\n    \/* Stylowanie kontenera do wy\u015brodkowania przycisku *\/\n    .center-container {\n        height: auto; \/* Wysoko\u015b\u0107 na ca\u0142y ekran *\/\n        display: flex; \/* U\u017cycie Flexbox *\/\n        justify-content: left; \/* Wy\u015brodkowanie w poziomie *\/\n        align-items: left; \/* Wy\u015brodkowanie w pionie *\/\n    }\n<\/style>\n<div class=\"center-container\">\n    <a href=\"mailto:info@66projekt2.pl\" class=\"email-button\">Zapytaj o cen\u0119<\/a>\n<\/div>\n<p>Plecak chroni\u0105cy przed kieszonkowcami Bobby Soft, wodoodporny materia\u0142, wykonany z przyjaznego \u015brodowisku materia\u0142u rPET, ukryte zamki i kieszenie, kieszenie z ochron\u0105 RFID, przestronna przegroda g\u0142\u00f3wna z kieszeniami wewn\u0105trz i mi\u0119kk\u0105 przegrod\u0105 na laptopa do 15,6&#8243;, zintegrowany port USB do \u0142adowania telefon\u00f3w (power-bank nie jest do\u0142\u0105czony), rozszerzalna g\u00f3rna cz\u0119\u015b\u0107 plecaka<\/p>\n<div class=\"param_1 c1 \">Wymiary:\u00a030 x 18 x 45 cm<\/div>\n<div class=\"param_1 c1 \">Materia\u0142:\u00a0RPET, poliester<\/div>\n<div class=\"param_1 c1 \">Kolor:\u00a0full<\/div>\n","protected":false},"featured_media":5113,"comment_status":"open","ping_status":"closed","template":"","meta":[],"product_cat":[222],"product_tag":[],"aioseo_notices":[],"_links":{"self":[{"href":"https:\/\/66projekt.pl\/buildyourbrand\/wp-json\/wp\/v2\/product\/5112"}],"collection":[{"href":"https:\/\/66projekt.pl\/buildyourbrand\/wp-json\/wp\/v2\/product"}],"about":[{"href":"https:\/\/66projekt.pl\/buildyourbrand\/wp-json\/wp\/v2\/types\/product"}],"replies":[{"embeddable":true,"href":"https:\/\/66projekt.pl\/buildyourbrand\/wp-json\/wp\/v2\/comments?post=5112"}],"wp:featuredmedia":[{"embeddable":true,"href":"https:\/\/66projekt.pl\/buildyourbrand\/wp-json\/wp\/v2\/media\/5113"}],"wp:attachment":[{"href":"https:\/\/66projekt.pl\/buildyourbrand\/wp-json\/wp\/v2\/media?parent=5112"}],"wp:term":[{"taxonomy":"product_cat","embeddable":true,"href":"https:\/\/66projekt.pl\/buildyourbrand\/wp-json\/wp\/v2\/product_cat?post=5112"},{"taxonomy":"product_tag","embeddable":true,"href":"https:\/\/66projekt.pl\/buildyourbrand\/wp-json\/wp\/v2\/product_tag?post=5112"}],"curies":[{"name":"wp","href":"https:\/\/api.w.org\/{rel}","templated":true}]}}