{"id":4332,"date":"2024-02-15T11:10:54","date_gmt":"2024-02-15T11:10:54","guid":{"rendered":"https:\/\/66projekt.pl\/fullprint\/?page_id=4332"},"modified":"2026-02-19T11:23:49","modified_gmt":"2026-02-19T11:23:49","slug":"projektowanie-odziezy-sportowej","status":"publish","type":"page","link":"https:\/\/66projekt.pl\/fullprint\/projektowanie-odziezy-sportowej\/","title":{"rendered":"PROJEKTOWANIE ODZIE\u017bY SPORTOWEJ"},"content":{"rendered":"<section class=\"wpb-content-wrapper\"><p>[vc_row][vc_column width=&#8221;1\/2&#8243;][vc_column_text css=&#8221;.vc_custom_1709806092775{margin-bottom: 75px !important;}&#8221;]<img loading=\"lazy\" decoding=\"async\" class=\"alignnone wp-image-5080\" src=\"https:\/\/66projekt.pl\/fullprint\/wp-content\/uploads\/2024\/03\/marathon-runners-on-the-street-healthy-lifestyle-2023-11-27-05-28-51-utc-scaled.jpg\" alt=\"\" width=\"3749\" height=\"2500\" srcset=\"https:\/\/66projekt.pl\/fullprint\/wp-content\/uploads\/2024\/03\/marathon-runners-on-the-street-healthy-lifestyle-2023-11-27-05-28-51-utc-scaled.jpg 2560w, https:\/\/66projekt.pl\/fullprint\/wp-content\/uploads\/2024\/03\/marathon-runners-on-the-street-healthy-lifestyle-2023-11-27-05-28-51-utc-300x200.jpg 300w, https:\/\/66projekt.pl\/fullprint\/wp-content\/uploads\/2024\/03\/marathon-runners-on-the-street-healthy-lifestyle-2023-11-27-05-28-51-utc-1024x683.jpg 1024w, https:\/\/66projekt.pl\/fullprint\/wp-content\/uploads\/2024\/03\/marathon-runners-on-the-street-healthy-lifestyle-2023-11-27-05-28-51-utc-768x512.jpg 768w, https:\/\/66projekt.pl\/fullprint\/wp-content\/uploads\/2024\/03\/marathon-runners-on-the-street-healthy-lifestyle-2023-11-27-05-28-51-utc-1536x1024.jpg 1536w, https:\/\/66projekt.pl\/fullprint\/wp-content\/uploads\/2024\/03\/marathon-runners-on-the-street-healthy-lifestyle-2023-11-27-05-28-51-utc-2048x1365.jpg 2048w\" sizes=\"auto, (max-width: 3749px) 100vw, 3749px\" \/>[\/vc_column_text][\/vc_column][vc_column width=&#8221;1\/2&#8243;][vc_column_text]<\/p>\n<h3 style=\"text-align: right;\">Wyr\u00f3\u017cnij si\u0119 na starcie: Innowacyjne projekty odzie\u017cy sportowej na ka\u017cde wydarzenie<\/h3>\n<p>[\/vc_column_text][vc_empty_space][vc_column_text]<\/p>\n<h5 style=\"text-align: right;\"><span style=\"font-weight: 400;\">Odkryj nieograniczone mo\u017cliwo\u015bci z naszymi us\u0142ugami projektowania odzie\u017cy sportowej! Czy jeste\u015b entuzjast\u0105 maratonu, triathlonu czy innego wydarzenia sportowego w du\u017cych miastach Polski? Nasza agencja marketingowa specjalizuje si\u0119 w tworzeniu unikalnych, pe\u0142nych energii projekt\u00f3w odzie\u017cy, kt\u00f3re pomog\u0105 Ci wyr\u00f3\u017cni\u0107 si\u0119 i zwi\u0119kszy\u0107 Twoj\u0105 wydajno\u015b\u0107. Rozumiemy, \u017ce ka\u017cdy sportowiec jest wyj\u0105tkowy, dlatego nasze projektowanie odzie\u017cy sportowej jest dostosowane do indywidualnych potrzeb i cel\u00f3w.<\/span><\/h5>\n<p>[\/vc_column_text][vc_empty_space height=&#8221;64px&#8221;][vc_btn title=&#8221;ZAPYTAJ O PROJEKTOWANIE ODZIE\u017bY SPORTOWEJ&#8221; style=&#8221;classic&#8221; shape=&#8221;square&#8221; color=&#8221;black&#8221; size=&#8221;lg&#8221; align=&#8221;center&#8221; button_block=&#8221;true&#8221; link=&#8221;url:%23CTA&#8221;][\/vc_column][\/vc_row][vc_row][vc_column][vc_empty_space][\/vc_column][\/vc_row][vc_row full_width=&#8221;stretch_row&#8221; css=&#8221;.vc_custom_1709803870331{background-color: #000000 !important;}&#8221;][vc_column css=&#8221;.vc_custom_1709910879760{margin-top: px !important;}&#8221;][vc_column_text css=&#8221;.vc_custom_1709910790805{padding-bottom: 50px !important;}&#8221;]<\/p>\n<h4 style=\"text-align: center;\"><span style=\"font-weight: 400; color: white;\">Nasz zesp\u00f3\u0142 profesjonalist\u00f3w \u0142\u0105czy pasj\u0119 do sportu z zaawansowan\u0105 wiedz\u0105 o projektowaniu i szyciu ubra\u0144, aby dostarczy\u0107 Ci odzie\u017c, kt\u00f3ra nie tylko wygl\u0105da \u015bwietnie, ale tak\u017ce zapewnia maksymalny komfort i wydajno\u015b\u0107. Od personalizowanych koszulek i spodenek,<br \/>\npo kompleksowe zestawy dla ca\u0142ego zespo\u0142u \u2013 tw\u00f3j projekt odzie\u017cy b\u0119dzie \u015bwiadczy\u0142 o Twojej pasji i dedykacji.<\/span><\/h4>\n<p>[\/vc_column_text][\/vc_column][\/vc_row][vc_row css=&#8221;.vc_custom_1708093830546{padding-right: 100px !important;padding-left: 100px !important;}&#8221;][vc_column width=&#8221;1\/2&#8243;][vc_empty_space][vc_column_text]<\/p>\n<h3 style=\"text-align: left;\">Przekraczaj granice wydajno\u015bci: Styl i innowacja w projektowaniu Twojej odzie\u017cy sportowej<\/h3>\n<p>[\/vc_column_text][vc_empty_space][vc_column_text]<\/p>\n<h5 style=\"text-align: left;\">Wybieraj\u0105c nasze us\u0142ugi, decydujesz si\u0119 na wsp\u00f3\u0142prac\u0119 z ekspertami, kt\u00f3rzy rozumiej\u0105 dynamiczny \u015bwiat sportu i najnowsze trendy w projektowaniu odzie\u017cy sportowej. Dzi\u0119ki naszej wiedzy i do\u015bwiadczeniu, Twoje ubrania nie tylko b\u0119d\u0105 estetycznie dopasowane do Twoich potrzeb, ale r\u00f3wnie\u017c technicznie przemy\u015blane, by wspiera\u0107 Twoje sportowe aspiracje.<\/h5>\n<p>[\/vc_column_text][\/vc_column][vc_column width=&#8221;1\/2&#8243;][vc_column_text css=&#8221;.vc_custom_1709805654599{margin-bottom: 75px !important;}&#8221;]<img loading=\"lazy\" decoding=\"async\" class=\"alignnone wp-image-4854 size-full\" src=\"https:\/\/66projekt.pl\/fullprint\/wp-content\/uploads\/2024\/03\/projektowanie-odziezy-sportowej.webp\" alt=\"\" width=\"690\" height=\"400\" srcset=\"https:\/\/66projekt.pl\/fullprint\/wp-content\/uploads\/2024\/03\/projektowanie-odziezy-sportowej.webp 690w, https:\/\/66projekt.pl\/fullprint\/wp-content\/uploads\/2024\/03\/projektowanie-odziezy-sportowej-300x174.webp 300w\" sizes=\"auto, (max-width: 690px) 100vw, 690px\" \/>[\/vc_column_text][\/vc_column][\/vc_row][vc_row css=&#8221;.vc_custom_1709805012726{margin-top: -100px !important;}&#8221;][vc_column][vc_separator color=&#8221;custom&#8221; accent_color=&#8221;#dd3333&#8243;][vc_column_text]<\/p>\n<h4 style=\"text-align: center;\"><span style=\"font-weight: 400;\">Nie pozw\u00f3l, aby Tw\u00f3j str\u00f3j sta\u0142 si\u0119 barier\u0105 w osi\u0105ganiu lepszych wynik\u00f3w. Skontaktuj si\u0119 z nami ju\u017c dzi\u015b, aby rozpocz\u0105\u0107 projektowanie odzie\u017cy sportowej, kt\u00f3ra zmieni spos\u00f3b, w jaki rywalizujesz i \u015bwi\u0119tujesz swoje sukcesy. Pami\u0119taj, dobry wygl\u0105d to nie tylko kwestia estetyki, ale r\u00f3wnie\u017c motywacji i pewno\u015bci siebie. Zaakceptuj wyzwanie i pozw\u00f3l, aby Tw\u00f3j str\u00f3j sportowy by\u0142 r\u00f3wnie ambitny jak Ty!<\/span><\/h4>\n<p>[\/vc_column_text][vc_separator color=&#8221;custom&#8221; accent_color=&#8221;#dd3333&#8243;][vc_column_text]<\/p>\n<h2 style=\"text-align: center;\">PRZYK\u0141ADOWE REALIZACJE<\/h2>\n<p>[\/vc_column_text][vc_row_inner][vc_column_inner width=&#8221;1\/3&#8243;][vc_single_image image=&#8221;5649&#8243; img_size=&#8221;full&#8221;][\/vc_column_inner][vc_column_inner width=&#8221;1\/3&#8243;][vc_single_image image=&#8221;5648&#8243; img_size=&#8221;full&#8221;][\/vc_column_inner][vc_column_inner width=&#8221;1\/3&#8243;][vc_single_image image=&#8221;5647&#8243; img_size=&#8221;full&#8221;][\/vc_column_inner][\/vc_row_inner][vc_row_inner][vc_column_inner width=&#8221;1\/4&#8243;][vc_single_image image=&#8221;4842&#8243; img_size=&#8221;full&#8221;][\/vc_column_inner][vc_column_inner width=&#8221;1\/4&#8243;][vc_single_image image=&#8221;4841&#8243; img_size=&#8221;full&#8221;][\/vc_column_inner][vc_column_inner width=&#8221;1\/4&#8243;][vc_single_image image=&#8221;4839&#8243; img_size=&#8221;full&#8221;][\/vc_column_inner][vc_column_inner width=&#8221;1\/4&#8243;][vc_single_image image=&#8221;4838&#8243; img_size=&#8221;full&#8221;][\/vc_column_inner][\/vc_row_inner][vc_row_inner][vc_column_inner width=&#8221;1\/4&#8243;][vc_single_image image=&#8221;4844&#8243; img_size=&#8221;full&#8221;][\/vc_column_inner][vc_column_inner width=&#8221;1\/4&#8243;][vc_single_image image=&#8221;4846&#8243; img_size=&#8221;full&#8221;][\/vc_column_inner][vc_column_inner width=&#8221;1\/4&#8243;][vc_single_image image=&#8221;5590&#8243; img_size=&#8221;full&#8221;][\/vc_column_inner][vc_column_inner width=&#8221;1\/4&#8243;][vc_single_image image=&#8221;5593&#8243; img_size=&#8221;full&#8221;][\/vc_column_inner][\/vc_row_inner][\/vc_column][\/vc_row][vc_section full_height=&#8221;yes&#8221; content_placement=&#8221;middle&#8221; css=&#8221;.vc_custom_1709910731459{margin-top: 50px !important;background-image: url(https:\/\/66projekt.pl\/fullprint\/wp-content\/uploads\/2017\/02\/skarpety-z-nadrukiem-fullprint-producent-poznan-1-e1681554554888.webp?id=4025) !important;background-position: center !important;background-repeat: no-repeat !important;background-size: cover !important;}&#8221; el_id=&#8221;CTA&#8221;][vc_row][vc_column][vc_row_inner type=&#8221;boxed&#8221; css=&#8221;.vc_custom_1415287200594{padding-right: 10% !important;padding-bottom: 50px !important;padding-left: 10% !important;}&#8221; font_color=&#8221;#ffffff&#8221;][vc_column_inner][vc_icon type=&#8221;linecons&#8221; color=&#8221;black&#8221; background_style=&#8221;rounded-outline&#8221; background_color=&#8221;black&#8221; size=&#8221;lg&#8221; align=&#8221;center&#8221;][vc_column_text]<\/p>\n<h3 style=\"text-align: center;\">ZAINTERESOWANY PROJEKTOWANIEM ODZIE\u017bY?<\/h3>\n<p>[\/vc_column_text][vc_column_text]<\/p>\n<h4 style=\"text-align: center;\">Prosz\u0119 wype\u0142nij formularz. Przygotujemy ofert\u0119 w ci\u0105gu 48H<\/h4>\n<p>[\/vc_column_text]\n<div class=\"wpcf7 no-js\" id=\"wpcf7-f3640-o1\" lang=\"pl-PL\" dir=\"ltr\" data-wpcf7-id=\"3640\">\n<div class=\"screen-reader-response\"><p role=\"status\" aria-live=\"polite\" aria-atomic=\"true\"><\/p> <ul><\/ul><\/div>\n<form action=\"\/fullprint\/wp-json\/wp\/v2\/pages\/4332#wpcf7-f3640-o1\" method=\"post\" class=\"wpcf7-form init\" aria-label=\"Formularz kontaktowy\" novalidate=\"novalidate\" data-status=\"init\">\n<div style=\"display: none;\">\n<input type=\"hidden\" name=\"_wpcf7\" value=\"3640\" \/>\n<input type=\"hidden\" name=\"_wpcf7_version\" value=\"6.0.6\" \/>\n<input type=\"hidden\" name=\"_wpcf7_locale\" value=\"pl_PL\" \/>\n<input type=\"hidden\" name=\"_wpcf7_unit_tag\" value=\"wpcf7-f3640-o1\" \/>\n<input type=\"hidden\" name=\"_wpcf7_container_post\" value=\"0\" \/>\n<input type=\"hidden\" name=\"_wpcf7_posted_data_hash\" value=\"\" \/>\n<\/div>\n<div class=\"cf-input__wrapper\">\n\t<p><span class=\"cf-input__name\">TWOJE IMI\u0118<\/span><br \/>\n<span class=\"wpcf7-form-control-wrap\" data-name=\"your-name\"><input size=\"40\" maxlength=\"400\" class=\"wpcf7-form-control wpcf7-text wpcf7-validates-as-required\" id=\"contact-form__name\" aria-required=\"true\" aria-invalid=\"false\" value=\"\" type=\"text\" name=\"your-name\" \/><\/span>\n\t<\/p>\n<\/div>\n<div class=\"cf-input__wrapper\">\n\t<p><span class=\"cf-input__email\">TW\u00d3J EMAIL<\/span><br \/>\n<span class=\"wpcf7-form-control-wrap\" data-name=\"your-email\"><input size=\"40\" maxlength=\"400\" class=\"wpcf7-form-control wpcf7-text wpcf7-validates-as-required\" id=\"contact-form__email\" aria-required=\"true\" aria-invalid=\"false\" value=\"\" type=\"text\" name=\"your-email\" \/><\/span>\n\t<\/p>\n<\/div>\n<div class=\"cf-input__wrapper\">\n\t<p><span class=\"cf-input__email\">TW\u00d3J NUMER TEL.<\/span><br \/>\n<span class=\"wpcf7-form-control-wrap\" data-name=\"tel-927\"><input size=\"40\" maxlength=\"400\" class=\"wpcf7-form-control wpcf7-tel wpcf7-text wpcf7-validates-as-tel\" aria-invalid=\"false\" value=\"\" type=\"tel\" name=\"tel-927\" \/><\/span>\n\t<\/p>\n<\/div>\n<div class=\"cf-input__wrapper\">\n\t<p><span class=\"cf-input__message\">OPISZ SWOJE ZAPYTANIE<\/span><br \/>\n<span class=\"wpcf7-form-control-wrap\" data-name=\"your-message\"><textarea cols=\"40\" rows=\"10\" maxlength=\"2000\" class=\"wpcf7-form-control wpcf7-textarea wpcf7-validates-as-required\" id=\"contact-form__message\" aria-required=\"true\" aria-invalid=\"false\" placeholder=\"Je\u015bli zale\u017cy Ci na czasie i chcesz przyspieszy\u0107 otrzymanie propozycji nawet x3, to wspomnij w wiadomo\u015bci o: \n1. Ilo\u015bci i rodzaju potrzebnych produkt\u00f3w\n2. Projekcie nadruk\u00f3w i ich umiejscowieniu\n3. Czasie, w kt\u00f3rym musimy dostarczy\u0107 gotowe produkty\n4. Szacunkowym bud\u017cecie jaki posiadasz na Twoje zam\u00f3wienie\n5. Wspomnij dlaczego potrzebujesz naszych produkt\u00f3w i jak chcesz je wykorzystywa\u0107?\" name=\"your-message\"><\/textarea><\/span>\n\t<\/p>\n<\/div>\n<p><button type=\"submit\" class=\"wpcf7-form-control wpcf7-submit btn btn--gold btn--full\">Wy\u015blij<\/button>\n<\/p><p style=\"display: none !important;\" class=\"akismet-fields-container\" data-prefix=\"_wpcf7_ak_\"><label>&#916;<textarea name=\"_wpcf7_ak_hp_textarea\" cols=\"45\" rows=\"8\" maxlength=\"100\"><\/textarea><\/label><input type=\"hidden\" id=\"ak_js_1\" name=\"_wpcf7_ak_js\" value=\"32\"\/><script>document.getElementById( \"ak_js_1\" ).setAttribute( \"value\", ( new Date() ).getTime() );<\/script><\/p><div class=\"wpcf7-response-output\" aria-hidden=\"true\"><\/div>\n<\/form>\n<\/div>\n[\/vc_column_inner][\/vc_row_inner][\/vc_column][\/vc_row][\/vc_section]<\/p>\n<\/section>","protected":false},"excerpt":{"rendered":"<p>[vc_row][vc_column width=&#8221;1\/2&#8243;][vc_column_text css=&#8221;.vc_custom_1709806092775{margin-bottom: 75px !important;}&#8221;][\/vc_column_text][\/vc_column][vc_column width=&#8221;1\/2&#8243;][vc_column_text] Wyr\u00f3\u017cnij si\u0119 na starcie: Innowacyjne projekty odzie\u017cy sportowej na ka\u017cde wydarzenie [\/vc_column_text][vc_empty_space][vc_column_text] Odkryj nieograniczone mo\u017cliwo\u015bci z naszymi us\u0142ugami projektowania odzie\u017cy sportowej! Czy jeste\u015b entuzjast\u0105 maratonu, triathlonu czy innego wydarzenia sportowego w du\u017cych miastach Polski? Nasza agencja marketingowa specjalizuje si\u0119 w tworzeniu unikalnych, pe\u0142nych energii projekt\u00f3w odzie\u017cy, kt\u00f3re pomog\u0105 Ci [&hellip;]<\/p>\n","protected":false},"author":9,"featured_media":0,"parent":0,"menu_order":0,"comment_status":"closed","ping_status":"closed","template":"","meta":{"footnotes":""},"class_list":["post-4332","page","type-page","status-publish","hentry"],"yoast_head":"<!-- This site is optimized with the Yoast SEO plugin v25.3 - https:\/\/yoast.com\/wordpress\/plugins\/seo\/ -->\n<title>PROJEKTOWANIE ODZIE\u017bY SPORTOWEJ - READY_TO_66 Producent Odzie\u017cy Sportowej<\/title>\n<meta name=\"robots\" content=\"index, follow, max-snippet:-1, max-image-preview:large, max-video-preview:-1\" \/>\n<link rel=\"canonical\" href=\"https:\/\/66projekt.pl\/fullprint\/projektowanie-odziezy-sportowej\/\" \/>\n<meta property=\"og:locale\" content=\"pl_PL\" \/>\n<meta property=\"og:type\" content=\"article\" \/>\n<meta property=\"og:title\" content=\"PROJEKTOWANIE ODZIE\u017bY SPORTOWEJ - READY_TO_66 Producent Odzie\u017cy Sportowej\" \/>\n<meta property=\"og:description\" content=\"[vc_row][vc_column width=&#8221;1\/2&#8243;][vc_column_text css=&#8221;.vc_custom_1709806092775{margin-bottom: 75px !important;}&#8221;][\/vc_column_text][\/vc_column][vc_column width=&#8221;1\/2&#8243;][vc_column_text] Wyr\u00f3\u017cnij si\u0119 na starcie: Innowacyjne projekty odzie\u017cy sportowej na ka\u017cde wydarzenie [\/vc_column_text][vc_empty_space][vc_column_text] Odkryj nieograniczone mo\u017cliwo\u015bci z naszymi us\u0142ugami projektowania odzie\u017cy sportowej! Czy jeste\u015b entuzjast\u0105 maratonu, triathlonu czy innego wydarzenia sportowego w du\u017cych miastach Polski? Nasza agencja marketingowa specjalizuje si\u0119 w tworzeniu unikalnych, pe\u0142nych energii projekt\u00f3w odzie\u017cy, kt\u00f3re pomog\u0105 Ci [&hellip;]\" \/>\n<meta property=\"og:url\" content=\"https:\/\/66projekt.pl\/fullprint\/projektowanie-odziezy-sportowej\/\" \/>\n<meta property=\"og:site_name\" content=\"READY_TO_66 Producent Odzie\u017cy Sportowej\" \/>\n<meta property=\"article:publisher\" content=\"https:\/\/www.facebook.com\/66projekt\" \/>\n<meta property=\"article:modified_time\" content=\"2026-02-19T11:23:49+00:00\" \/>\n<meta property=\"og:image\" content=\"https:\/\/66projekt.pl\/fullprint\/wp-content\/uploads\/2024\/03\/marathon-runners-on-the-street-healthy-lifestyle-2023-11-27-05-28-51-utc-scaled.jpg\" \/>\n\t<meta property=\"og:image:width\" content=\"2560\" \/>\n\t<meta property=\"og:image:height\" content=\"1707\" \/>\n\t<meta property=\"og:image:type\" content=\"image\/jpeg\" \/>\n<meta name=\"twitter:card\" content=\"summary_large_image\" \/>\n<meta name=\"twitter:label1\" content=\"Szacowany czas czytania\" \/>\n\t<meta name=\"twitter:data1\" content=\"7 minut\" \/>\n<script type=\"application\/ld+json\" class=\"yoast-schema-graph\">{\"@context\":\"https:\/\/schema.org\",\"@graph\":[{\"@type\":\"WebPage\",\"@id\":\"https:\/\/66projekt.pl\/fullprint\/projektowanie-odziezy-sportowej\/\",\"url\":\"https:\/\/66projekt.pl\/fullprint\/projektowanie-odziezy-sportowej\/\",\"name\":\"PROJEKTOWANIE ODZIE\u017bY SPORTOWEJ - READY_TO_66 Producent Odzie\u017cy Sportowej\",\"isPartOf\":{\"@id\":\"https:\/\/66projekt.pl\/fullprint\/#website\"},\"primaryImageOfPage\":{\"@id\":\"https:\/\/66projekt.pl\/fullprint\/projektowanie-odziezy-sportowej\/#primaryimage\"},\"image\":{\"@id\":\"https:\/\/66projekt.pl\/fullprint\/projektowanie-odziezy-sportowej\/#primaryimage\"},\"thumbnailUrl\":\"https:\/\/66projekt.pl\/fullprint\/wp-content\/uploads\/2024\/03\/marathon-runners-on-the-street-healthy-lifestyle-2023-11-27-05-28-51-utc-scaled.jpg\",\"datePublished\":\"2024-02-15T11:10:54+00:00\",\"dateModified\":\"2026-02-19T11:23:49+00:00\",\"inLanguage\":\"pl-PL\",\"potentialAction\":[{\"@type\":\"ReadAction\",\"target\":[\"https:\/\/66projekt.pl\/fullprint\/projektowanie-odziezy-sportowej\/\"]}]},{\"@type\":\"ImageObject\",\"inLanguage\":\"pl-PL\",\"@id\":\"https:\/\/66projekt.pl\/fullprint\/projektowanie-odziezy-sportowej\/#primaryimage\",\"url\":\"https:\/\/66projekt.pl\/fullprint\/wp-content\/uploads\/2024\/03\/marathon-runners-on-the-street-healthy-lifestyle-2023-11-27-05-28-51-utc-scaled.jpg\",\"contentUrl\":\"https:\/\/66projekt.pl\/fullprint\/wp-content\/uploads\/2024\/03\/marathon-runners-on-the-street-healthy-lifestyle-2023-11-27-05-28-51-utc-scaled.jpg\",\"width\":2560,\"height\":1707,\"caption\":\"Marathon runners on the street. Healthy lifestyle. Athletes endurance\"},{\"@type\":\"WebSite\",\"@id\":\"https:\/\/66projekt.pl\/fullprint\/#website\",\"url\":\"https:\/\/66projekt.pl\/fullprint\/\",\"name\":\"READY_TO_66 Producent Odzie\u017cy Sportowej\",\"description\":\"Koszulki Sportowe z Nadrukiem\",\"publisher\":{\"@id\":\"https:\/\/66projekt.pl\/fullprint\/#organization\"},\"potentialAction\":[{\"@type\":\"SearchAction\",\"target\":{\"@type\":\"EntryPoint\",\"urlTemplate\":\"https:\/\/66projekt.pl\/fullprint\/?s={search_term_string}\"},\"query-input\":{\"@type\":\"PropertyValueSpecification\",\"valueRequired\":true,\"valueName\":\"search_term_string\"}}],\"inLanguage\":\"pl-PL\"},{\"@type\":\"Organization\",\"@id\":\"https:\/\/66projekt.pl\/fullprint\/#organization\",\"name\":\"READY_TO_66 Producent Odzie\u017cy Sportowej\",\"url\":\"https:\/\/66projekt.pl\/fullprint\/\",\"logo\":{\"@type\":\"ImageObject\",\"inLanguage\":\"pl-PL\",\"@id\":\"https:\/\/66projekt.pl\/fullprint\/#\/schema\/logo\/image\/\",\"url\":\"https:\/\/66projekt.pl\/fullprint\/wp-content\/uploads\/2024\/02\/66pojekt-ready-to-66-logo.webp\",\"contentUrl\":\"https:\/\/66projekt.pl\/fullprint\/wp-content\/uploads\/2024\/02\/66pojekt-ready-to-66-logo.webp\",\"width\":1285,\"height\":284,\"caption\":\"READY_TO_66 Producent Odzie\u017cy Sportowej\"},\"image\":{\"@id\":\"https:\/\/66projekt.pl\/fullprint\/#\/schema\/logo\/image\/\"},\"sameAs\":[\"https:\/\/www.facebook.com\/66projekt\"]}]}<\/script>\n<!-- \/ Yoast SEO plugin. -->","yoast_head_json":{"title":"PROJEKTOWANIE ODZIE\u017bY SPORTOWEJ - READY_TO_66 Producent Odzie\u017cy Sportowej","robots":{"index":"index","follow":"follow","max-snippet":"max-snippet:-1","max-image-preview":"max-image-preview:large","max-video-preview":"max-video-preview:-1"},"canonical":"https:\/\/66projekt.pl\/fullprint\/projektowanie-odziezy-sportowej\/","og_locale":"pl_PL","og_type":"article","og_title":"PROJEKTOWANIE ODZIE\u017bY SPORTOWEJ - READY_TO_66 Producent Odzie\u017cy Sportowej","og_description":"[vc_row][vc_column width=&#8221;1\/2&#8243;][vc_column_text css=&#8221;.vc_custom_1709806092775{margin-bottom: 75px !important;}&#8221;][\/vc_column_text][\/vc_column][vc_column width=&#8221;1\/2&#8243;][vc_column_text] Wyr\u00f3\u017cnij si\u0119 na starcie: Innowacyjne projekty odzie\u017cy sportowej na ka\u017cde wydarzenie [\/vc_column_text][vc_empty_space][vc_column_text] Odkryj nieograniczone mo\u017cliwo\u015bci z naszymi us\u0142ugami projektowania odzie\u017cy sportowej! Czy jeste\u015b entuzjast\u0105 maratonu, triathlonu czy innego wydarzenia sportowego w du\u017cych miastach Polski? Nasza agencja marketingowa specjalizuje si\u0119 w tworzeniu unikalnych, pe\u0142nych energii projekt\u00f3w odzie\u017cy, kt\u00f3re pomog\u0105 Ci [&hellip;]","og_url":"https:\/\/66projekt.pl\/fullprint\/projektowanie-odziezy-sportowej\/","og_site_name":"READY_TO_66 Producent Odzie\u017cy Sportowej","article_publisher":"https:\/\/www.facebook.com\/66projekt","article_modified_time":"2026-02-19T11:23:49+00:00","og_image":[{"width":2560,"height":1707,"url":"https:\/\/66projekt.pl\/fullprint\/wp-content\/uploads\/2024\/03\/marathon-runners-on-the-street-healthy-lifestyle-2023-11-27-05-28-51-utc-scaled.jpg","type":"image\/jpeg"}],"twitter_card":"summary_large_image","twitter_misc":{"Szacowany czas czytania":"7 minut"},"schema":{"@context":"https:\/\/schema.org","@graph":[{"@type":"WebPage","@id":"https:\/\/66projekt.pl\/fullprint\/projektowanie-odziezy-sportowej\/","url":"https:\/\/66projekt.pl\/fullprint\/projektowanie-odziezy-sportowej\/","name":"PROJEKTOWANIE ODZIE\u017bY SPORTOWEJ - READY_TO_66 Producent Odzie\u017cy Sportowej","isPartOf":{"@id":"https:\/\/66projekt.pl\/fullprint\/#website"},"primaryImageOfPage":{"@id":"https:\/\/66projekt.pl\/fullprint\/projektowanie-odziezy-sportowej\/#primaryimage"},"image":{"@id":"https:\/\/66projekt.pl\/fullprint\/projektowanie-odziezy-sportowej\/#primaryimage"},"thumbnailUrl":"https:\/\/66projekt.pl\/fullprint\/wp-content\/uploads\/2024\/03\/marathon-runners-on-the-street-healthy-lifestyle-2023-11-27-05-28-51-utc-scaled.jpg","datePublished":"2024-02-15T11:10:54+00:00","dateModified":"2026-02-19T11:23:49+00:00","inLanguage":"pl-PL","potentialAction":[{"@type":"ReadAction","target":["https:\/\/66projekt.pl\/fullprint\/projektowanie-odziezy-sportowej\/"]}]},{"@type":"ImageObject","inLanguage":"pl-PL","@id":"https:\/\/66projekt.pl\/fullprint\/projektowanie-odziezy-sportowej\/#primaryimage","url":"https:\/\/66projekt.pl\/fullprint\/wp-content\/uploads\/2024\/03\/marathon-runners-on-the-street-healthy-lifestyle-2023-11-27-05-28-51-utc-scaled.jpg","contentUrl":"https:\/\/66projekt.pl\/fullprint\/wp-content\/uploads\/2024\/03\/marathon-runners-on-the-street-healthy-lifestyle-2023-11-27-05-28-51-utc-scaled.jpg","width":2560,"height":1707,"caption":"Marathon runners on the street. Healthy lifestyle. Athletes endurance"},{"@type":"WebSite","@id":"https:\/\/66projekt.pl\/fullprint\/#website","url":"https:\/\/66projekt.pl\/fullprint\/","name":"READY_TO_66 Producent Odzie\u017cy Sportowej","description":"Koszulki Sportowe z Nadrukiem","publisher":{"@id":"https:\/\/66projekt.pl\/fullprint\/#organization"},"potentialAction":[{"@type":"SearchAction","target":{"@type":"EntryPoint","urlTemplate":"https:\/\/66projekt.pl\/fullprint\/?s={search_term_string}"},"query-input":{"@type":"PropertyValueSpecification","valueRequired":true,"valueName":"search_term_string"}}],"inLanguage":"pl-PL"},{"@type":"Organization","@id":"https:\/\/66projekt.pl\/fullprint\/#organization","name":"READY_TO_66 Producent Odzie\u017cy Sportowej","url":"https:\/\/66projekt.pl\/fullprint\/","logo":{"@type":"ImageObject","inLanguage":"pl-PL","@id":"https:\/\/66projekt.pl\/fullprint\/#\/schema\/logo\/image\/","url":"https:\/\/66projekt.pl\/fullprint\/wp-content\/uploads\/2024\/02\/66pojekt-ready-to-66-logo.webp","contentUrl":"https:\/\/66projekt.pl\/fullprint\/wp-content\/uploads\/2024\/02\/66pojekt-ready-to-66-logo.webp","width":1285,"height":284,"caption":"READY_TO_66 Producent Odzie\u017cy Sportowej"},"image":{"@id":"https:\/\/66projekt.pl\/fullprint\/#\/schema\/logo\/image\/"},"sameAs":["https:\/\/www.facebook.com\/66projekt"]}]}},"_links":{"self":[{"href":"https:\/\/66projekt.pl\/fullprint\/wp-json\/wp\/v2\/pages\/4332","targetHints":{"allow":["GET"]}}],"collection":[{"href":"https:\/\/66projekt.pl\/fullprint\/wp-json\/wp\/v2\/pages"}],"about":[{"href":"https:\/\/66projekt.pl\/fullprint\/wp-json\/wp\/v2\/types\/page"}],"author":[{"embeddable":true,"href":"https:\/\/66projekt.pl\/fullprint\/wp-json\/wp\/v2\/users\/9"}],"replies":[{"embeddable":true,"href":"https:\/\/66projekt.pl\/fullprint\/wp-json\/wp\/v2\/comments?post=4332"}],"version-history":[{"count":32,"href":"https:\/\/66projekt.pl\/fullprint\/wp-json\/wp\/v2\/pages\/4332\/revisions"}],"predecessor-version":[{"id":6395,"href":"https:\/\/66projekt.pl\/fullprint\/wp-json\/wp\/v2\/pages\/4332\/revisions\/6395"}],"wp:attachment":[{"href":"https:\/\/66projekt.pl\/fullprint\/wp-json\/wp\/v2\/media?parent=4332"}],"curies":[{"name":"wp","href":"https:\/\/api.w.org\/{rel}","templated":true}]}}