{"id":4336,"date":"2024-02-15T11:13:21","date_gmt":"2024-02-15T11:13:21","guid":{"rendered":"https:\/\/66projekt.pl\/fullprint\/?page_id=4336"},"modified":"2025-02-11T14:14:59","modified_gmt":"2025-02-11T14:14:59","slug":"pakiety-startowe","status":"publish","type":"page","link":"https:\/\/66projekt.pl\/fullprint\/pakiety-startowe\/","title":{"rendered":"PAKIETY STARTOWE"},"content":{"rendered":"<section class=\"wpb-content-wrapper\"><p>[vc_row full_width=&#8221;stretch_row&#8221;][vc_column][vc_column_text]<img loading=\"lazy\" decoding=\"async\" class=\"alignnone wp-image-5347 size-full\" src=\"https:\/\/66projekt.pl\/fullprint\/wp-content\/uploads\/2024\/03\/pakiety-startowe-1.webp\" alt=\"\" width=\"1968\" height=\"903\" srcset=\"https:\/\/66projekt.pl\/fullprint\/wp-content\/uploads\/2024\/03\/pakiety-startowe-1.webp 1968w, https:\/\/66projekt.pl\/fullprint\/wp-content\/uploads\/2024\/03\/pakiety-startowe-1-300x138.webp 300w, https:\/\/66projekt.pl\/fullprint\/wp-content\/uploads\/2024\/03\/pakiety-startowe-1-1024x470.webp 1024w, https:\/\/66projekt.pl\/fullprint\/wp-content\/uploads\/2024\/03\/pakiety-startowe-1-768x352.webp 768w, https:\/\/66projekt.pl\/fullprint\/wp-content\/uploads\/2024\/03\/pakiety-startowe-1-1536x705.webp 1536w\" sizes=\"auto, (max-width: 1968px) 100vw, 1968px\" \/>[\/vc_column_text][\/vc_column][\/vc_row][vc_row][vc_column][vc_column_text]<\/p>\n<h4 style=\"text-align: center;\"><span style=\"font-weight: 400;\">Witamy na stronie dedykowanej sponsorom i organizatorom wydarze\u0144 sportowych w Polsce! Jeste\u015bmy 66projekt.pl \u2013 firm\u0105, kt\u00f3ra z pasj\u0105 tworzy wysokiej jako\u015bci odzie\u017c sportow\u0105 fullprint, idealn\u0105 dla ka\u017cdego uczestnika wydarze\u0144 takich jak biegi miejskie, maratony, triathlony, biegi g\u00f3rskie, czy ekstremalne wyzwania typu Runmageddon.<\/span><\/h4>\n<p>[\/vc_column_text][vc_empty_space height=&#8221;64px&#8221;][vc_btn title=&#8221;ZAM\u00d3W PAKIETY STARTOWE&#8221; style=&#8221;classic&#8221; shape=&#8221;square&#8221; color=&#8221;black&#8221; size=&#8221;lg&#8221; align=&#8221;center&#8221; link=&#8221;url:%23CTA&#8221;][vc_empty_space][vc_column_text]<\/p>\n<h5 style=\"text-align: center;\"><span style=\"font-weight: 400;\">Rozumiemy, jak wa\u017cne jest, aby ka\u017cdy sportowiec czu\u0142 si\u0119 wyj\u0105tkowo i komfortowo podczas rywalizacji. Dlatego oferujemy zr\u00f3\u017cnicowane pakiety startowe, kt\u00f3re z pewno\u015bci\u0105 wzbogac\u0105 do\u015bwiadczenie ka\u017cdego uczestnika. Nasze pakiety mog\u0105 zawiera\u0107 nie tylko unikalnie zaprojektowane koszulki, ale r\u00f3wnie\u017c praktyczne gad\u017cety, kt\u00f3re b\u0119d\u0105 wspiera\u0107 sportowc\u00f3w na ka\u017cdym etapie ich wyzwania.<\/span><\/h5>\n<p>[\/vc_column_text][vc_empty_space][\/vc_column][\/vc_row][vc_row][vc_column][vc_empty_space][vc_column_text]<\/p>\n<h5 style=\"text-align: center;\">Dbamy o to, aby ka\u017cde wydarzenie sportowe by\u0142o niepowtarzalne i idealnie dopasowane do oczekiwa\u0144 jego uczestnik\u00f3w. Wychodz\u0105c naprzeciw indywidualnym potrzebom, umo\u017cliwiamy organizatorom samodzielne skomponowanie pakiet\u00f3w startowych z naszej bogatej oferty produkt\u00f3w. Niezale\u017cnie czy to wyzwanie w malowniczych g\u00f3rskich szlakach, czy ekscytuj\u0105ce zmagania w miejskiej d\u017cungli \u2013 nasza odzie\u017c gwarantuje ka\u017cdemu zawodnikowi maksymalny komfort, styl i wsparcie.<\/h5>\n<p>[\/vc_column_text][vc_empty_space][\/vc_column][\/vc_row][vc_row][vc_column][vc_empty_space][\/vc_column][\/vc_row][vc_row full_width=&#8221;stretch_row&#8221; css=&#8221;.vc_custom_1709913463057{padding-bottom: 55px !important;background-color: #0a0a0a !important;}&#8221;][vc_column][vc_column_text]<\/p>\n<h2 style=\"text-align: center; color: white;\">SKOMPONUJ W\u0141ASNY PAKIET<\/h2>\n<p>[\/vc_column_text][\/vc_column][\/vc_row][vc_row][vc_column][vc_empty_space][\/vc_column][\/vc_row][vc_row][vc_column width=&#8221;1\/2&#8243;][vc_column_text]<a href=\"https:\/\/66projekt.pl\/fullprint\/oferta-koszulek-budzetowych\/\"><img loading=\"lazy\" decoding=\"async\" class=\"aligncenter wp-image-5355\" src=\"https:\/\/66projekt.pl\/fullprint\/wp-content\/uploads\/2024\/03\/koszulki-budzetowe-291x300.webp\" alt=\"\" width=\"500\" height=\"516\" srcset=\"https:\/\/66projekt.pl\/fullprint\/wp-content\/uploads\/2024\/03\/koszulki-budzetowe-291x300.webp 291w, https:\/\/66projekt.pl\/fullprint\/wp-content\/uploads\/2024\/03\/koszulki-budzetowe-768x793.webp 768w, https:\/\/66projekt.pl\/fullprint\/wp-content\/uploads\/2024\/03\/koszulki-budzetowe.webp 875w\" sizes=\"auto, (max-width: 500px) 100vw, 500px\" \/><\/a>[\/vc_column_text][vc_empty_space][vc_btn title=&#8221;OFERTA KOSZULEK BUD\u017bETOWYCH&#8221; style=&#8221;classic&#8221; shape=&#8221;square&#8221; color=&#8221;warning&#8221; size=&#8221;lg&#8221; align=&#8221;center&#8221; css_animation=&#8221;none&#8221; button_block=&#8221;true&#8221; link=&#8221;url:https%3A%2F%2F66projekt.pl%2Ffullprint%2Foferta-koszulek-budzetowych%2F|title:OFERTA%20KOSZULEK%20BUD%C5%BBETOWYCH&#8221;][\/vc_column][vc_column width=&#8221;1\/2&#8243;][vc_column_text]<a href=\"https:\/\/66projekt.voyager-katalog.pl\/pl\/sport\/\" target=\"_blank\" rel=\"noopener\"><img loading=\"lazy\" decoding=\"async\" class=\"aligncenter wp-image-5352\" src=\"https:\/\/66projekt.pl\/fullprint\/wp-content\/uploads\/2024\/03\/katalog-gadzetow-2.webp\" alt=\"\" width=\"500\" height=\"516\" srcset=\"https:\/\/66projekt.pl\/fullprint\/wp-content\/uploads\/2024\/03\/katalog-gadzetow-2.webp 875w, https:\/\/66projekt.pl\/fullprint\/wp-content\/uploads\/2024\/03\/katalog-gadzetow-2-291x300.webp 291w, https:\/\/66projekt.pl\/fullprint\/wp-content\/uploads\/2024\/03\/katalog-gadzetow-2-768x793.webp 768w\" sizes=\"auto, (max-width: 500px) 100vw, 500px\" \/><\/a>[\/vc_column_text][vc_empty_space][vc_btn title=&#8221;KATALOG GAD\u017bET\u00d3W SPORTOWYCH&#8221; style=&#8221;classic&#8221; shape=&#8221;square&#8221; color=&#8221;warning&#8221; size=&#8221;lg&#8221; align=&#8221;center&#8221; css_animation=&#8221;none&#8221; button_block=&#8221;true&#8221; link=&#8221;url:https%3A%2F%2F66projekt.voyager-katalog.pl%2Fpl%2Fsport%2F|title:KATALOG%20GAD%C5%BBET%C3%93W%20SPORTOWYCH|target:_blank&#8221;][\/vc_column][\/vc_row][vc_row][vc_column][vc_empty_space][\/vc_column][\/vc_row][vc_row][vc_column width=&#8221;1\/2&#8243;][vc_column_text]<\/p>\n<h3 style=\"text-align: center;\">Zbuduj Niezapomniane Wra\u017cenia z 66projekt.pl \u2013 Tw\u00f3j Partner w Organizacji Wyj\u0105tkowych Wydarze\u0144<\/h3>\n<p>[\/vc_column_text][vc_empty_space][vc_column_text]<\/p>\n<h4 style=\"text-align: center;\"><span style=\"font-weight: 400;\">Zapraszamy do wsp\u00f3\u0142pracy organizator\u00f3w i sponsor\u00f3w poszukuj\u0105cych wyj\u0105tkowych rozwi\u0105za\u0144, kt\u00f3re podkre\u015bl\u0105 charakter ich wydarze\u0144 i zapewni\u0105 niezapomniane wra\u017cenia wszystkim uczestnikom. Wybierz 66projekt.pl i zaoferuj uczestnikom swojego wydarzenia co\u015b wi\u0119cej ni\u017c tylko wyzwanie \u2013 zaoferuj im pe\u0142n\u0105 palet\u0119 emocji, wspomnie\u0144 i stylu, dzi\u0119ki naszym pakietom startowym.<\/span><\/h4>\n<p>[\/vc_column_text][\/vc_column][vc_column width=&#8221;1\/2&#8243;][vc_column_text]<img loading=\"lazy\" decoding=\"async\" class=\"alignnone wp-image-5194 size-full\" src=\"https:\/\/66projekt.pl\/fullprint\/wp-content\/uploads\/2024\/03\/sports-women-group-grass-and-bottle-in-circle-for-2023-11-27-04-56-16-utc.webp\" alt=\"\" width=\"7934\" height=\"5292\" \/>[\/vc_column_text][\/vc_column][\/vc_row][vc_row][vc_column][vc_separator color=&#8221;custom&#8221; accent_color=&#8221;#dd3333&#8243;][vc_column_text]<\/p>\n<h4 style=\"text-align: center;\"><span style=\"font-weight: 400;\">Niech ka\u017cdy krok na drodze do mety b\u0119dzie wyrazisty i niezapomniany z 66projekt.pl. Skontaktuj si\u0119 z nami, aby dowiedzie\u0107 si\u0119 wi\u0119cej o naszych pakietach sportowych i zacznij przygotowania do swojego nadchodz\u0105cego wydarzenia ju\u017c dzi\u015b!<\/span><\/h4>\n<p>[\/vc_column_text][vc_separator color=&#8221;custom&#8221; accent_color=&#8221;#dd3333&#8243;][\/vc_column][\/vc_row][vc_row][vc_column][vc_empty_space][\/vc_column][\/vc_row][vc_section full_height=&#8221;yes&#8221; content_placement=&#8221;middle&#8221; css=&#8221;.vc_custom_1709911597104{background-image: url(https:\/\/66projekt.pl\/fullprint\/wp-content\/uploads\/2017\/02\/skarpety-z-nadrukiem-fullprint-producent-poznan-1-e1681554554888.webp?id=4025) !important;background-position: center !important;background-repeat: no-repeat !important;background-size: cover !important;}&#8221; el_id=&#8221;CTA&#8221;][vc_row][vc_column][vc_row_inner type=&#8221;boxed&#8221; css=&#8221;.vc_custom_1415287200594{padding-right: 10% !important;padding-bottom: 50px !important;padding-left: 10% !important;}&#8221; font_color=&#8221;#ffffff&#8221;][vc_column_inner][vc_icon type=&#8221;linecons&#8221; color=&#8221;black&#8221; background_style=&#8221;rounded-outline&#8221; background_color=&#8221;black&#8221; size=&#8221;lg&#8221; align=&#8221;center&#8221;][vc_column_text]<\/p>\n<h3 style=\"text-align: center;\"><span style=\"color: #00000;\">ILE KOSZTUJ\u0104 PAKIETY STARTOWE?<\/span><\/h3>\n<p>[\/vc_column_text][vc_column_text]<\/p>\n<h4 style=\"text-align: center;\"><span style=\"color: #00000;\">Prosz\u0119 wype\u0142nij formularz. Przygotujemy ofert\u0119 w ci\u0105gu 48H<\/span><\/h4>\n<p>[\/vc_column_text]\n<div class=\"wpcf7 no-js\" id=\"wpcf7-f3640-o1\" lang=\"pl-PL\" dir=\"ltr\" data-wpcf7-id=\"3640\">\n<div class=\"screen-reader-response\"><p role=\"status\" aria-live=\"polite\" aria-atomic=\"true\"><\/p> <ul><\/ul><\/div>\n<form action=\"\/fullprint\/wp-json\/wp\/v2\/pages\/4336#wpcf7-f3640-o1\" method=\"post\" class=\"wpcf7-form init\" aria-label=\"Formularz kontaktowy\" novalidate=\"novalidate\" data-status=\"init\">\n<div style=\"display: none;\">\n<input type=\"hidden\" name=\"_wpcf7\" value=\"3640\" \/>\n<input type=\"hidden\" name=\"_wpcf7_version\" value=\"6.0.6\" \/>\n<input type=\"hidden\" name=\"_wpcf7_locale\" value=\"pl_PL\" \/>\n<input type=\"hidden\" name=\"_wpcf7_unit_tag\" value=\"wpcf7-f3640-o1\" \/>\n<input type=\"hidden\" name=\"_wpcf7_container_post\" value=\"0\" \/>\n<input type=\"hidden\" name=\"_wpcf7_posted_data_hash\" value=\"\" \/>\n<\/div>\n<div class=\"cf-input__wrapper\">\n\t<p><span class=\"cf-input__name\">TWOJE IMI\u0118<\/span><br \/>\n<span class=\"wpcf7-form-control-wrap\" data-name=\"your-name\"><input size=\"40\" maxlength=\"400\" class=\"wpcf7-form-control wpcf7-text wpcf7-validates-as-required\" id=\"contact-form__name\" aria-required=\"true\" aria-invalid=\"false\" value=\"\" type=\"text\" name=\"your-name\" \/><\/span>\n\t<\/p>\n<\/div>\n<div class=\"cf-input__wrapper\">\n\t<p><span class=\"cf-input__email\">TW\u00d3J EMAIL<\/span><br \/>\n<span class=\"wpcf7-form-control-wrap\" data-name=\"your-email\"><input size=\"40\" maxlength=\"400\" class=\"wpcf7-form-control wpcf7-text wpcf7-validates-as-required\" id=\"contact-form__email\" aria-required=\"true\" aria-invalid=\"false\" value=\"\" type=\"text\" name=\"your-email\" \/><\/span>\n\t<\/p>\n<\/div>\n<div class=\"cf-input__wrapper\">\n\t<p><span class=\"cf-input__email\">TW\u00d3J NUMER TEL.<\/span><br \/>\n<span class=\"wpcf7-form-control-wrap\" data-name=\"tel-927\"><input size=\"40\" maxlength=\"400\" class=\"wpcf7-form-control wpcf7-tel wpcf7-text wpcf7-validates-as-tel\" aria-invalid=\"false\" value=\"\" type=\"tel\" name=\"tel-927\" \/><\/span>\n\t<\/p>\n<\/div>\n<div class=\"cf-input__wrapper\">\n\t<p><span class=\"cf-input__message\">OPISZ SWOJE ZAPYTANIE<\/span><br \/>\n<span class=\"wpcf7-form-control-wrap\" data-name=\"your-message\"><textarea cols=\"40\" rows=\"10\" maxlength=\"2000\" class=\"wpcf7-form-control wpcf7-textarea wpcf7-validates-as-required\" id=\"contact-form__message\" aria-required=\"true\" aria-invalid=\"false\" placeholder=\"Je\u015bli zale\u017cy Ci na czasie i chcesz przyspieszy\u0107 otrzymanie propozycji nawet x3, to wspomnij w wiadomo\u015bci o: \n1. Ilo\u015bci i rodzaju potrzebnych produkt\u00f3w\n2. Projekcie nadruk\u00f3w i ich umiejscowieniu\n3. Czasie, w kt\u00f3rym musimy dostarczy\u0107 gotowe produkty\n4. Szacunkowym bud\u017cecie jaki posiadasz na Twoje zam\u00f3wienie\n5. Wspomnij dlaczego potrzebujesz naszych produkt\u00f3w i jak chcesz je wykorzystywa\u0107?\" name=\"your-message\"><\/textarea><\/span>\n\t<\/p>\n<\/div>\n<p><button type=\"submit\" class=\"wpcf7-form-control wpcf7-submit btn btn--gold btn--full\">Wy\u015blij<\/button>\n<\/p><p style=\"display: none !important;\" class=\"akismet-fields-container\" data-prefix=\"_wpcf7_ak_\"><label>&#916;<textarea name=\"_wpcf7_ak_hp_textarea\" cols=\"45\" rows=\"8\" maxlength=\"100\"><\/textarea><\/label><input type=\"hidden\" id=\"ak_js_1\" name=\"_wpcf7_ak_js\" value=\"82\"\/><script>document.getElementById( \"ak_js_1\" ).setAttribute( \"value\", ( new Date() ).getTime() );<\/script><\/p><div class=\"wpcf7-response-output\" aria-hidden=\"true\"><\/div>\n<\/form>\n<\/div>\n[\/vc_column_inner][\/vc_row_inner][\/vc_column][\/vc_row][\/vc_section]<\/p>\n<\/section>","protected":false},"excerpt":{"rendered":"<p>[vc_row full_width=&#8221;stretch_row&#8221;][vc_column][vc_column_text][\/vc_column_text][\/vc_column][\/vc_row][vc_row][vc_column][vc_column_text] Witamy na stronie dedykowanej sponsorom i organizatorom wydarze\u0144 sportowych w Polsce! Jeste\u015bmy 66projekt.pl \u2013 firm\u0105, kt\u00f3ra z pasj\u0105 tworzy wysokiej jako\u015bci odzie\u017c sportow\u0105 fullprint, idealn\u0105 dla ka\u017cdego uczestnika wydarze\u0144 takich jak biegi miejskie, maratony, triathlony, biegi g\u00f3rskie, czy ekstremalne wyzwania typu Runmageddon. [\/vc_column_text][vc_empty_space height=&#8221;64px&#8221;][vc_btn title=&#8221;ZAM\u00d3W PAKIETY STARTOWE&#8221; style=&#8221;classic&#8221; shape=&#8221;square&#8221; color=&#8221;black&#8221; size=&#8221;lg&#8221; align=&#8221;center&#8221; link=&#8221;url:%23CTA&#8221;][vc_empty_space][vc_column_text] [&hellip;]<\/p>\n","protected":false},"author":9,"featured_media":0,"parent":0,"menu_order":0,"comment_status":"closed","ping_status":"closed","template":"","meta":{"footnotes":""},"class_list":["post-4336","page","type-page","status-publish","hentry"],"yoast_head":"<!-- This site is optimized with the Yoast SEO plugin v25.3 - https:\/\/yoast.com\/wordpress\/plugins\/seo\/ -->\n<title>PAKIETY STARTOWE - READY_TO_66 Producent Odzie\u017cy Sportowej<\/title>\n<meta name=\"robots\" content=\"index, follow, max-snippet:-1, max-image-preview:large, max-video-preview:-1\" \/>\n<link rel=\"canonical\" href=\"https:\/\/66projekt.pl\/fullprint\/pakiety-startowe\/\" \/>\n<meta property=\"og:locale\" content=\"pl_PL\" \/>\n<meta property=\"og:type\" content=\"article\" \/>\n<meta property=\"og:title\" content=\"PAKIETY STARTOWE - READY_TO_66 Producent Odzie\u017cy Sportowej\" \/>\n<meta property=\"og:description\" content=\"[vc_row full_width=&#8221;stretch_row&#8221;][vc_column][vc_column_text][\/vc_column_text][\/vc_column][\/vc_row][vc_row][vc_column][vc_column_text] Witamy na stronie dedykowanej sponsorom i organizatorom wydarze\u0144 sportowych w Polsce! Jeste\u015bmy 66projekt.pl \u2013 firm\u0105, kt\u00f3ra z pasj\u0105 tworzy wysokiej jako\u015bci odzie\u017c sportow\u0105 fullprint, idealn\u0105 dla ka\u017cdego uczestnika wydarze\u0144 takich jak biegi miejskie, maratony, triathlony, biegi g\u00f3rskie, czy ekstremalne wyzwania typu Runmageddon. [\/vc_column_text][vc_empty_space height=&#8221;64px&#8221;][vc_btn title=&#8221;ZAM\u00d3W PAKIETY STARTOWE&#8221; style=&#8221;classic&#8221; shape=&#8221;square&#8221; color=&#8221;black&#8221; size=&#8221;lg&#8221; align=&#8221;center&#8221; link=&#8221;url:%23CTA&#8221;][vc_empty_space][vc_column_text] [&hellip;]\" \/>\n<meta property=\"og:url\" content=\"https:\/\/66projekt.pl\/fullprint\/pakiety-startowe\/\" \/>\n<meta property=\"og:site_name\" content=\"READY_TO_66 Producent Odzie\u017cy Sportowej\" \/>\n<meta property=\"article:publisher\" content=\"https:\/\/www.facebook.com\/66projekt\" \/>\n<meta property=\"article:modified_time\" content=\"2025-02-11T14:14:59+00:00\" \/>\n<meta property=\"og:image\" content=\"https:\/\/66projekt.pl\/fullprint\/wp-content\/uploads\/2024\/03\/pakiety-startowe-1.webp\" \/>\n\t<meta property=\"og:image:width\" content=\"1968\" \/>\n\t<meta property=\"og:image:height\" content=\"903\" \/>\n\t<meta property=\"og:image:type\" content=\"image\/webp\" \/>\n<meta name=\"twitter:card\" content=\"summary_large_image\" \/>\n<meta name=\"twitter:label1\" content=\"Szacowany czas czytania\" \/>\n\t<meta name=\"twitter:data1\" content=\"3 minuty\" \/>\n<script type=\"application\/ld+json\" class=\"yoast-schema-graph\">{\"@context\":\"https:\/\/schema.org\",\"@graph\":[{\"@type\":\"WebPage\",\"@id\":\"https:\/\/66projekt.pl\/fullprint\/pakiety-startowe\/\",\"url\":\"https:\/\/66projekt.pl\/fullprint\/pakiety-startowe\/\",\"name\":\"PAKIETY STARTOWE - READY_TO_66 Producent Odzie\u017cy Sportowej\",\"isPartOf\":{\"@id\":\"https:\/\/66projekt.pl\/fullprint\/#website\"},\"primaryImageOfPage\":{\"@id\":\"https:\/\/66projekt.pl\/fullprint\/pakiety-startowe\/#primaryimage\"},\"image\":{\"@id\":\"https:\/\/66projekt.pl\/fullprint\/pakiety-startowe\/#primaryimage\"},\"thumbnailUrl\":\"https:\/\/66projekt.pl\/fullprint\/wp-content\/uploads\/2024\/03\/pakiety-startowe-1.webp\",\"datePublished\":\"2024-02-15T11:13:21+00:00\",\"dateModified\":\"2025-02-11T14:14:59+00:00\",\"inLanguage\":\"pl-PL\",\"potentialAction\":[{\"@type\":\"ReadAction\",\"target\":[\"https:\/\/66projekt.pl\/fullprint\/pakiety-startowe\/\"]}]},{\"@type\":\"ImageObject\",\"inLanguage\":\"pl-PL\",\"@id\":\"https:\/\/66projekt.pl\/fullprint\/pakiety-startowe\/#primaryimage\",\"url\":\"https:\/\/66projekt.pl\/fullprint\/wp-content\/uploads\/2024\/03\/pakiety-startowe-1.webp\",\"contentUrl\":\"https:\/\/66projekt.pl\/fullprint\/wp-content\/uploads\/2024\/03\/pakiety-startowe-1.webp\",\"width\":1968,\"height\":903},{\"@type\":\"WebSite\",\"@id\":\"https:\/\/66projekt.pl\/fullprint\/#website\",\"url\":\"https:\/\/66projekt.pl\/fullprint\/\",\"name\":\"READY_TO_66 Producent Odzie\u017cy Sportowej\",\"description\":\"Koszulki Sportowe z Nadrukiem\",\"publisher\":{\"@id\":\"https:\/\/66projekt.pl\/fullprint\/#organization\"},\"potentialAction\":[{\"@type\":\"SearchAction\",\"target\":{\"@type\":\"EntryPoint\",\"urlTemplate\":\"https:\/\/66projekt.pl\/fullprint\/?s={search_term_string}\"},\"query-input\":{\"@type\":\"PropertyValueSpecification\",\"valueRequired\":true,\"valueName\":\"search_term_string\"}}],\"inLanguage\":\"pl-PL\"},{\"@type\":\"Organization\",\"@id\":\"https:\/\/66projekt.pl\/fullprint\/#organization\",\"name\":\"READY_TO_66 Producent Odzie\u017cy Sportowej\",\"url\":\"https:\/\/66projekt.pl\/fullprint\/\",\"logo\":{\"@type\":\"ImageObject\",\"inLanguage\":\"pl-PL\",\"@id\":\"https:\/\/66projekt.pl\/fullprint\/#\/schema\/logo\/image\/\",\"url\":\"https:\/\/66projekt.pl\/fullprint\/wp-content\/uploads\/2024\/02\/66pojekt-ready-to-66-logo.webp\",\"contentUrl\":\"https:\/\/66projekt.pl\/fullprint\/wp-content\/uploads\/2024\/02\/66pojekt-ready-to-66-logo.webp\",\"width\":1285,\"height\":284,\"caption\":\"READY_TO_66 Producent Odzie\u017cy Sportowej\"},\"image\":{\"@id\":\"https:\/\/66projekt.pl\/fullprint\/#\/schema\/logo\/image\/\"},\"sameAs\":[\"https:\/\/www.facebook.com\/66projekt\"]}]}<\/script>\n<!-- \/ Yoast SEO plugin. -->","yoast_head_json":{"title":"PAKIETY STARTOWE - READY_TO_66 Producent Odzie\u017cy Sportowej","robots":{"index":"index","follow":"follow","max-snippet":"max-snippet:-1","max-image-preview":"max-image-preview:large","max-video-preview":"max-video-preview:-1"},"canonical":"https:\/\/66projekt.pl\/fullprint\/pakiety-startowe\/","og_locale":"pl_PL","og_type":"article","og_title":"PAKIETY STARTOWE - READY_TO_66 Producent Odzie\u017cy Sportowej","og_description":"[vc_row full_width=&#8221;stretch_row&#8221;][vc_column][vc_column_text][\/vc_column_text][\/vc_column][\/vc_row][vc_row][vc_column][vc_column_text] Witamy na stronie dedykowanej sponsorom i organizatorom wydarze\u0144 sportowych w Polsce! Jeste\u015bmy 66projekt.pl \u2013 firm\u0105, kt\u00f3ra z pasj\u0105 tworzy wysokiej jako\u015bci odzie\u017c sportow\u0105 fullprint, idealn\u0105 dla ka\u017cdego uczestnika wydarze\u0144 takich jak biegi miejskie, maratony, triathlony, biegi g\u00f3rskie, czy ekstremalne wyzwania typu Runmageddon. [\/vc_column_text][vc_empty_space height=&#8221;64px&#8221;][vc_btn title=&#8221;ZAM\u00d3W PAKIETY STARTOWE&#8221; style=&#8221;classic&#8221; shape=&#8221;square&#8221; color=&#8221;black&#8221; size=&#8221;lg&#8221; align=&#8221;center&#8221; link=&#8221;url:%23CTA&#8221;][vc_empty_space][vc_column_text] [&hellip;]","og_url":"https:\/\/66projekt.pl\/fullprint\/pakiety-startowe\/","og_site_name":"READY_TO_66 Producent Odzie\u017cy Sportowej","article_publisher":"https:\/\/www.facebook.com\/66projekt","article_modified_time":"2025-02-11T14:14:59+00:00","og_image":[{"width":1968,"height":903,"url":"https:\/\/66projekt.pl\/fullprint\/wp-content\/uploads\/2024\/03\/pakiety-startowe-1.webp","type":"image\/webp"}],"twitter_card":"summary_large_image","twitter_misc":{"Szacowany czas czytania":"3 minuty"},"schema":{"@context":"https:\/\/schema.org","@graph":[{"@type":"WebPage","@id":"https:\/\/66projekt.pl\/fullprint\/pakiety-startowe\/","url":"https:\/\/66projekt.pl\/fullprint\/pakiety-startowe\/","name":"PAKIETY STARTOWE - READY_TO_66 Producent Odzie\u017cy Sportowej","isPartOf":{"@id":"https:\/\/66projekt.pl\/fullprint\/#website"},"primaryImageOfPage":{"@id":"https:\/\/66projekt.pl\/fullprint\/pakiety-startowe\/#primaryimage"},"image":{"@id":"https:\/\/66projekt.pl\/fullprint\/pakiety-startowe\/#primaryimage"},"thumbnailUrl":"https:\/\/66projekt.pl\/fullprint\/wp-content\/uploads\/2024\/03\/pakiety-startowe-1.webp","datePublished":"2024-02-15T11:13:21+00:00","dateModified":"2025-02-11T14:14:59+00:00","inLanguage":"pl-PL","potentialAction":[{"@type":"ReadAction","target":["https:\/\/66projekt.pl\/fullprint\/pakiety-startowe\/"]}]},{"@type":"ImageObject","inLanguage":"pl-PL","@id":"https:\/\/66projekt.pl\/fullprint\/pakiety-startowe\/#primaryimage","url":"https:\/\/66projekt.pl\/fullprint\/wp-content\/uploads\/2024\/03\/pakiety-startowe-1.webp","contentUrl":"https:\/\/66projekt.pl\/fullprint\/wp-content\/uploads\/2024\/03\/pakiety-startowe-1.webp","width":1968,"height":903},{"@type":"WebSite","@id":"https:\/\/66projekt.pl\/fullprint\/#website","url":"https:\/\/66projekt.pl\/fullprint\/","name":"READY_TO_66 Producent Odzie\u017cy Sportowej","description":"Koszulki Sportowe z Nadrukiem","publisher":{"@id":"https:\/\/66projekt.pl\/fullprint\/#organization"},"potentialAction":[{"@type":"SearchAction","target":{"@type":"EntryPoint","urlTemplate":"https:\/\/66projekt.pl\/fullprint\/?s={search_term_string}"},"query-input":{"@type":"PropertyValueSpecification","valueRequired":true,"valueName":"search_term_string"}}],"inLanguage":"pl-PL"},{"@type":"Organization","@id":"https:\/\/66projekt.pl\/fullprint\/#organization","name":"READY_TO_66 Producent Odzie\u017cy Sportowej","url":"https:\/\/66projekt.pl\/fullprint\/","logo":{"@type":"ImageObject","inLanguage":"pl-PL","@id":"https:\/\/66projekt.pl\/fullprint\/#\/schema\/logo\/image\/","url":"https:\/\/66projekt.pl\/fullprint\/wp-content\/uploads\/2024\/02\/66pojekt-ready-to-66-logo.webp","contentUrl":"https:\/\/66projekt.pl\/fullprint\/wp-content\/uploads\/2024\/02\/66pojekt-ready-to-66-logo.webp","width":1285,"height":284,"caption":"READY_TO_66 Producent Odzie\u017cy Sportowej"},"image":{"@id":"https:\/\/66projekt.pl\/fullprint\/#\/schema\/logo\/image\/"},"sameAs":["https:\/\/www.facebook.com\/66projekt"]}]}},"_links":{"self":[{"href":"https:\/\/66projekt.pl\/fullprint\/wp-json\/wp\/v2\/pages\/4336","targetHints":{"allow":["GET"]}}],"collection":[{"href":"https:\/\/66projekt.pl\/fullprint\/wp-json\/wp\/v2\/pages"}],"about":[{"href":"https:\/\/66projekt.pl\/fullprint\/wp-json\/wp\/v2\/types\/page"}],"author":[{"embeddable":true,"href":"https:\/\/66projekt.pl\/fullprint\/wp-json\/wp\/v2\/users\/9"}],"replies":[{"embeddable":true,"href":"https:\/\/66projekt.pl\/fullprint\/wp-json\/wp\/v2\/comments?post=4336"}],"version-history":[{"count":36,"href":"https:\/\/66projekt.pl\/fullprint\/wp-json\/wp\/v2\/pages\/4336\/revisions"}],"predecessor-version":[{"id":6315,"href":"https:\/\/66projekt.pl\/fullprint\/wp-json\/wp\/v2\/pages\/4336\/revisions\/6315"}],"wp:attachment":[{"href":"https:\/\/66projekt.pl\/fullprint\/wp-json\/wp\/v2\/media?parent=4336"}],"curies":[{"name":"wp","href":"https:\/\/api.w.org\/{rel}","templated":true}]}}