{"id":4481,"date":"2024-02-20T08:05:53","date_gmt":"2024-02-20T08:05:53","guid":{"rendered":"https:\/\/66projekt.pl\/fullprint\/?page_id=4481"},"modified":"2024-05-23T11:03:57","modified_gmt":"2024-05-23T11:03:57","slug":"czapki-sportowe","status":"publish","type":"page","link":"https:\/\/66projekt.pl\/fullprint\/producent-odziezy-sportowej\/czapki-sportowe\/","title":{"rendered":"CZAPKI SPORTOWE"},"content":{"rendered":"<section class=\"wpb-content-wrapper\"><p>[vc_row][vc_column][vc_empty_space][\/vc_column][\/vc_row][vc_row css=&#8221;.vc_custom_1709636577715{margin-bottom: -50px !important;padding-bottom: -50px !important;}&#8221;][vc_column width=&#8221;1\/2&#8243;][vc_column_text]<\/p>\n<h3 style=\"text-align: left;\"><strong>Stw\u00f3rz Unikatow\u0105 Czapk\u0119 do Biegania \u2013 Twojego Wiernego Partnera w Ka\u017cdym Wyzwaniu!<\/strong><\/h3>\n<p>&nbsp;<\/p>\n<h5 style=\"text-align: left;\"><span style=\"font-weight: 400;\">Szukasz nie tylko ochrony przed s\u0142o\u0144cem czy ch\u0142odem, ale tak\u017ce sposobu na wyra\u017cenie siebie podczas biegania? Nasze czapki do biegania i czapki z daszkiem do biegania to wi\u0119cej ni\u017c tylko akcesoria. To tw\u00f3j osobisty akcent w ka\u017cdym maratonie, triathlonie, biegu g\u00f3rskim czy ekstremalnym wyzwaniu typu runmageddon. Dzi\u0119ki mo\u017cliwo\u015bci stworzenia czapki fullprint wg w\u0142asnego projektu graficznego, ka\u017cda czapka termoaktywna staje si\u0119 unikatowym dzie\u0142em sztuki.<\/span><\/h5>\n<p>[\/vc_column_text][vc_empty_space height=&#8221;96px&#8221;][vc_btn title=&#8221;ZAM\u00d3W CZAPKI&#8221; style=&#8221;classic&#8221; shape=&#8221;square&#8221; color=&#8221;black&#8221; size=&#8221;lg&#8221; align=&#8221;center&#8221; button_block=&#8221;true&#8221; link=&#8221;url:%23CTA&#8221;][\/vc_column][vc_column width=&#8221;1\/2&#8243;][vc_column_text css=&#8221;.vc_custom_1709269060543{margin-bottom: 75px !important;}&#8221;]<img loading=\"lazy\" decoding=\"async\" class=\"alignnone wp-image-4684 size-full\" src=\"https:\/\/66projekt.pl\/fullprint\/wp-content\/uploads\/2024\/03\/biegacze-w-czapkach.webp\" alt=\"\" width=\"7952\" height=\"5304\" \/>[\/vc_column_text][\/vc_column][\/vc_row][vc_row][vc_column][vc_separator color=&#8221;custom&#8221; accent_color=&#8221;#dd3333&#8243;][\/vc_column][\/vc_row][vc_row][vc_column][vc_column_text]<\/p>\n<h5 style=\"text-align: center;\"><span style=\"font-weight: 400;\">Niewa\u017cne, czy szukasz czapki do biegania m\u0119skiej czy czapki sportowej damskiej \u2013 nasze produkty s\u0105 zaprojektowane, by sprosta\u0107 oczekiwaniom zar\u00f3wno kobiet, jak i m\u0119\u017cczyzn. Wybieraj\u0105c nasz\u0105 czapk\u0119 sportow\u0105 z daszkiem lub termoaktywn\u0105 czapk\u0119 do biegania, stawiasz na komfort, funkcjonalno\u015b\u0107 i styl.<\/span><\/h5>\n<p>[\/vc_column_text][vc_empty_space height=&#8221;64px&#8221;][\/vc_column][\/vc_row][vc_row full_width=&#8221;stretch_row&#8221; css=&#8221;.vc_custom_1709910160009{padding-bottom: 65px !important;background-color: #0a0a0a !important;}&#8221;][vc_column][vc_column_text]<\/p>\n<h4 style=\"text-align: center;\"><span style=\"color: #000000;\"><span style=\"color: #ffffff;\"><span style=\"caret-color: #ffffff;\">Czapka z daszkiem idealnie skomponuje si\u0119 z <a href=\"https:\/\/66projekt.pl\/fullprint\/portfolio-item\/bluzy-fullprint\/\">bluz\u0105 fullprint<\/a> z Twoim oryginalnym wzorem, kt\u00f3r\u0105 r\u00f3wnie\u017c mo\u017cesz wyprodukowa\u0107 u nas!<\/span><\/span><\/span><\/h4>\n<p>[\/vc_column_text][\/vc_column][\/vc_row][vc_row full_width=&#8221;stretch_row&#8221; css=&#8221;.vc_custom_1709267255898{margin-top: 50px !important;margin-bottom: 10px !important;}&#8221;][vc_column][vc_column_text]<\/p>\n<h2 style=\"text-align: center;\"><span style=\"color: #00000;\">Czapki Fullprint &#8211; stylowe nakrycie g\u0142owy dla ka\u017cdego<\/span><\/h2>\n<p>[\/vc_column_text][vc_column_text]<\/p>\n<h5 style=\"text-align: left;\">Czapki Fullprint to modne nakrycia g\u0142owy, kt\u00f3re zyskuj\u0105 coraz wi\u0119ksz\u0105 popularno\u015b\u0107. Dzi\u0119ki swojemu oryginalnemu wzornictwu i r\u00f3\u017cnorodnym mo\u017cliwo\u015bciom personalizacji, sta\u0142y si\u0119 one \u015bwietnym sposobem na wyra\u017cenie swojego stylu i indywidualno\u015bci. W tym artykule om\u00f3wimy korzy\u015bci wynikaj\u0105ce z korzystania z czapek Fullprint oraz czapek z daszkiem i zimowych.<\/h5>\n<p>[\/vc_column_text][vc_row_inner][vc_column_inner width=&#8221;1\/3&#8243;][vc_single_image image=&#8221;4678&#8243; img_size=&#8221;large&#8221;][\/vc_column_inner][vc_column_inner width=&#8221;1\/3&#8243;][vc_single_image image=&#8221;4681&#8243; img_size=&#8221;full&#8221;][\/vc_column_inner][vc_column_inner width=&#8221;1\/3&#8243;][vc_single_image image=&#8221;4683&#8243; img_size=&#8221;full&#8221;][\/vc_column_inner][\/vc_row_inner][\/vc_column][\/vc_row][vc_row css=&#8221;.vc_custom_1487285360364{margin-bottom: 75px !important;}&#8221;][vc_column width=&#8221;1\/2&#8243;][vc_column_text css=&#8221;.vc_custom_1682342358338{margin-bottom: 75px !important;}&#8221;]<\/p>\n<div id=\"attachment_3859\" style=\"width: 1275px\" class=\"wp-caption alignnone\"><img loading=\"lazy\" decoding=\"async\" aria-describedby=\"caption-attachment-3859\" class=\"wp-image-3859 size-full\" src=\"https:\/\/66projekt.pl\/fullprint\/wp-content\/uploads\/2017\/02\/czapki-dziane-szwalnia-poznan-e1681311118806.webp\" alt=\"czapki-fullprint-dziane-zimowe\" width=\"1265\" height=\"942\" srcset=\"https:\/\/66projekt.pl\/fullprint\/wp-content\/uploads\/2017\/02\/czapki-dziane-szwalnia-poznan-e1681311118806.webp 1265w, https:\/\/66projekt.pl\/fullprint\/wp-content\/uploads\/2017\/02\/czapki-dziane-szwalnia-poznan-e1681311118806-300x223.webp 300w, https:\/\/66projekt.pl\/fullprint\/wp-content\/uploads\/2017\/02\/czapki-dziane-szwalnia-poznan-e1681311118806-1024x763.webp 1024w, https:\/\/66projekt.pl\/fullprint\/wp-content\/uploads\/2017\/02\/czapki-dziane-szwalnia-poznan-e1681311118806-768x572.webp 768w, https:\/\/66projekt.pl\/fullprint\/wp-content\/uploads\/2017\/02\/czapki-dziane-szwalnia-poznan-e1681311118806-920x685.webp 920w\" sizes=\"auto, (max-width: 1265px) 100vw, 1265px\" \/><p id=\"caption-attachment-3859\" class=\"wp-caption-text\">czapki dziane zimowe<\/p><\/div>\n<p>[\/vc_column_text][\/vc_column][vc_column width=&#8221;1\/2&#8243;][vc_column_text]<\/p>\n<h5><span style=\"font-weight: 400;\">Nasze czapki sportowe, zar\u00f3wno m\u0119skie, jak i damskie, s\u0105 wykonane z materia\u0142\u00f3w najwy\u017cszej jako\u015bci, kt\u00f3re zapewniaj\u0105 doskona\u0142\u0105 wentylacj\u0119, ochron\u0119 przed UV i odprowadzanie wilgoci, by\u015b m\u00f3g\u0142 skupi\u0107 si\u0119 wy\u0142\u0105cznie na swoim biegu. Dzi\u0119ki technologii fullprint, masz nieograniczone mo\u017cliwo\u015bci w kreowaniu designu \u2013 od \u015bmia\u0142ych, energetyzuj\u0105cych wzor\u00f3w, po subtelne, eleganckie motywy.<\/span><\/h5>\n<p>&nbsp;<\/p>\n<h5><span style=\"font-weight: 400;\">Nie czekaj! Wejd\u017a na nowy poziom personalizacji i poka\u017c sw\u00f3j unikalny styl podczas ka\u017cdego biegu. Stw\u00f3rz swoj\u0105 czapk\u0119 do biegania ju\u017c dzi\u015b i b\u0105d\u017a nie tylko uczestnikiem, ale gwiazd\u0105 ka\u017cdego eventu sportowego!<\/span><\/h5>\n<p>[\/vc_column_text][vc_column_text]<\/p>\n<h4>Je\u015bli chcia\u0142by\u015b wyr\u00f3\u017cni\u0107 si\u0119 wyj\u0105tkowym projektem nadruku, <strong><a href=\"https:\/\/66projekt.pl\/fullprint\/projektowanie-odziezy-sportowej\/\">Studio Graficzne 66projekt<\/a><\/strong> jest do Twojej dyspozycji.<\/h4>\n<p>[\/vc_column_text][\/vc_column][\/vc_row][vc_section full_height=&#8221;yes&#8221; content_placement=&#8221;middle&#8221; css=&#8221;.vc_custom_1709909168765{background-image: url(https:\/\/66projekt.pl\/fullprint\/wp-content\/uploads\/2017\/02\/skarpety-z-nadrukiem-fullprint-producent-poznan-1-e1681554554888.webp?id=4025) !important;background-position: center !important;background-repeat: no-repeat !important;background-size: cover !important;}&#8221; el_id=&#8221;CTA&#8221;][vc_row][vc_column][vc_row_inner type=&#8221;boxed&#8221; css=&#8221;.vc_custom_1415287200594{padding-right: 10% !important;padding-bottom: 50px !important;padding-left: 10% !important;}&#8221; font_color=&#8221;#ffffff&#8221;][vc_column_inner][vc_icon type=&#8221;linecons&#8221; color=&#8221;black&#8221; background_style=&#8221;rounded-outline&#8221; background_color=&#8221;black&#8221; size=&#8221;lg&#8221; align=&#8221;center&#8221;][vc_column_text]<\/p>\n<h3 style=\"text-align: center;\">ILE KOSZTUJ\u0104 CZAPKI SPORTOWE?<\/h3>\n<p>[\/vc_column_text][vc_column_text]<\/p>\n<h4 style=\"text-align: center;\">Prosz\u0119 wype\u0142nij formularz. Przygotujemy ofert\u0119 w ci\u0105gu 48H<\/h4>\n<p>[\/vc_column_text]\n<div class=\"wpcf7 no-js\" id=\"wpcf7-f3640-o1\" lang=\"pl-PL\" dir=\"ltr\" data-wpcf7-id=\"3640\">\n<div class=\"screen-reader-response\"><p role=\"status\" aria-live=\"polite\" aria-atomic=\"true\"><\/p> <ul><\/ul><\/div>\n<form action=\"\/fullprint\/wp-json\/wp\/v2\/pages\/4481#wpcf7-f3640-o1\" method=\"post\" class=\"wpcf7-form init\" aria-label=\"Formularz kontaktowy\" novalidate=\"novalidate\" data-status=\"init\">\n<div style=\"display: none;\">\n<input type=\"hidden\" name=\"_wpcf7\" value=\"3640\" \/>\n<input type=\"hidden\" name=\"_wpcf7_version\" value=\"6.0.6\" \/>\n<input type=\"hidden\" name=\"_wpcf7_locale\" value=\"pl_PL\" \/>\n<input type=\"hidden\" name=\"_wpcf7_unit_tag\" value=\"wpcf7-f3640-o1\" \/>\n<input type=\"hidden\" name=\"_wpcf7_container_post\" value=\"0\" \/>\n<input type=\"hidden\" name=\"_wpcf7_posted_data_hash\" value=\"\" \/>\n<\/div>\n<div class=\"cf-input__wrapper\">\n\t<p><span class=\"cf-input__name\">TWOJE IMI\u0118<\/span><br \/>\n<span class=\"wpcf7-form-control-wrap\" data-name=\"your-name\"><input size=\"40\" maxlength=\"400\" class=\"wpcf7-form-control wpcf7-text wpcf7-validates-as-required\" id=\"contact-form__name\" aria-required=\"true\" aria-invalid=\"false\" value=\"\" type=\"text\" name=\"your-name\" \/><\/span>\n\t<\/p>\n<\/div>\n<div class=\"cf-input__wrapper\">\n\t<p><span class=\"cf-input__email\">TW\u00d3J EMAIL<\/span><br \/>\n<span class=\"wpcf7-form-control-wrap\" data-name=\"your-email\"><input size=\"40\" maxlength=\"400\" class=\"wpcf7-form-control wpcf7-text wpcf7-validates-as-required\" id=\"contact-form__email\" aria-required=\"true\" aria-invalid=\"false\" value=\"\" type=\"text\" name=\"your-email\" \/><\/span>\n\t<\/p>\n<\/div>\n<div class=\"cf-input__wrapper\">\n\t<p><span class=\"cf-input__email\">TW\u00d3J NUMER TEL.<\/span><br \/>\n<span class=\"wpcf7-form-control-wrap\" data-name=\"tel-927\"><input size=\"40\" maxlength=\"400\" class=\"wpcf7-form-control wpcf7-tel wpcf7-text wpcf7-validates-as-tel\" aria-invalid=\"false\" value=\"\" type=\"tel\" name=\"tel-927\" \/><\/span>\n\t<\/p>\n<\/div>\n<div class=\"cf-input__wrapper\">\n\t<p><span class=\"cf-input__message\">OPISZ SWOJE ZAPYTANIE<\/span><br \/>\n<span class=\"wpcf7-form-control-wrap\" data-name=\"your-message\"><textarea cols=\"40\" rows=\"10\" maxlength=\"2000\" class=\"wpcf7-form-control wpcf7-textarea wpcf7-validates-as-required\" id=\"contact-form__message\" aria-required=\"true\" aria-invalid=\"false\" placeholder=\"Je\u015bli zale\u017cy Ci na czasie i chcesz przyspieszy\u0107 otrzymanie propozycji nawet x3, to wspomnij w wiadomo\u015bci o: \n1. Ilo\u015bci i rodzaju potrzebnych produkt\u00f3w\n2. Projekcie nadruk\u00f3w i ich umiejscowieniu\n3. Czasie, w kt\u00f3rym musimy dostarczy\u0107 gotowe produkty\n4. Szacunkowym bud\u017cecie jaki posiadasz na Twoje zam\u00f3wienie\n5. Wspomnij dlaczego potrzebujesz naszych produkt\u00f3w i jak chcesz je wykorzystywa\u0107?\" name=\"your-message\"><\/textarea><\/span>\n\t<\/p>\n<\/div>\n<p><button type=\"submit\" class=\"wpcf7-form-control wpcf7-submit btn btn--gold btn--full\">Wy\u015blij<\/button>\n<\/p><p style=\"display: none !important;\" class=\"akismet-fields-container\" data-prefix=\"_wpcf7_ak_\"><label>&#916;<textarea name=\"_wpcf7_ak_hp_textarea\" cols=\"45\" rows=\"8\" maxlength=\"100\"><\/textarea><\/label><input type=\"hidden\" id=\"ak_js_1\" name=\"_wpcf7_ak_js\" value=\"1\"\/><script>document.getElementById( \"ak_js_1\" ).setAttribute( \"value\", ( new Date() ).getTime() );<\/script><\/p><div class=\"wpcf7-response-output\" aria-hidden=\"true\"><\/div>\n<\/form>\n<\/div>\n[\/vc_column_inner][\/vc_row_inner][\/vc_column][\/vc_row][\/vc_section]<\/p>\n<\/section>","protected":false},"excerpt":{"rendered":"<p>[vc_row][vc_column][vc_empty_space][\/vc_column][\/vc_row][vc_row css=&#8221;.vc_custom_1709636577715{margin-bottom: -50px !important;padding-bottom: -50px !important;}&#8221;][vc_column width=&#8221;1\/2&#8243;][vc_column_text] Stw\u00f3rz Unikatow\u0105 Czapk\u0119 do Biegania \u2013 Twojego Wiernego Partnera w Ka\u017cdym Wyzwaniu! &nbsp; Szukasz nie tylko ochrony przed s\u0142o\u0144cem czy ch\u0142odem, ale tak\u017ce sposobu na wyra\u017cenie siebie podczas biegania? Nasze czapki do biegania i czapki z daszkiem do biegania to wi\u0119cej ni\u017c tylko akcesoria. To tw\u00f3j osobisty akcent [&hellip;]<\/p>\n","protected":false},"author":1,"featured_media":0,"parent":4326,"menu_order":0,"comment_status":"closed","ping_status":"closed","template":"","meta":{"footnotes":""},"class_list":["post-4481","page","type-page","status-publish","hentry"],"yoast_head":"<!-- This site is optimized with the Yoast SEO plugin v25.3 - https:\/\/yoast.com\/wordpress\/plugins\/seo\/ -->\n<title>Czapka do Biegania - Personalizuj i Wyra\u017a Siebie! | READY_to_66<\/title>\n<meta name=\"description\" content=\"Stw\u00f3rz unikatow\u0105 czapk\u0119 do biegania! Zapewnij sobie styl, komfort i funkcjonalno\u015b\u0107 podczas ka\u017cdego wyzwania.\" \/>\n<meta name=\"robots\" content=\"index, follow, max-snippet:-1, max-image-preview:large, max-video-preview:-1\" \/>\n<link rel=\"canonical\" href=\"https:\/\/66projekt.pl\/fullprint\/producent-odziezy-sportowej\/czapki-sportowe\/\" \/>\n<meta property=\"og:locale\" content=\"pl_PL\" \/>\n<meta property=\"og:type\" content=\"article\" \/>\n<meta property=\"og:title\" content=\"Czapka do Biegania - Personalizuj i Wyra\u017a Siebie! | READY_to_66\" \/>\n<meta property=\"og:description\" content=\"Stw\u00f3rz unikatow\u0105 czapk\u0119 do biegania! Zapewnij sobie styl, komfort i funkcjonalno\u015b\u0107 podczas ka\u017cdego wyzwania.\" \/>\n<meta property=\"og:url\" content=\"https:\/\/66projekt.pl\/fullprint\/producent-odziezy-sportowej\/czapki-sportowe\/\" \/>\n<meta property=\"og:site_name\" content=\"READY_TO_66 Producent Odzie\u017cy Sportowej\" \/>\n<meta property=\"article:publisher\" content=\"https:\/\/www.facebook.com\/66projekt\" \/>\n<meta property=\"article:modified_time\" content=\"2024-05-23T11:03:57+00:00\" \/>\n<meta property=\"og:image\" content=\"https:\/\/66projekt.pl\/fullprint\/wp-content\/uploads\/2024\/03\/biegacze-w-czapkach.webp\" \/>\n<meta name=\"twitter:card\" content=\"summary_large_image\" \/>\n<meta name=\"twitter:title\" content=\"Czapka do Biegania - Personalizuj i Wyra\u017a Siebie! | READY_to_66\" \/>\n<meta name=\"twitter:description\" content=\"Stw\u00f3rz unikatow\u0105 czapk\u0119 do biegania! Zapewnij sobie styl, komfort i funkcjonalno\u015b\u0107 podczas ka\u017cdego wyzwania.\" \/>\n<meta name=\"twitter:label1\" content=\"Szacowany czas czytania\" \/>\n\t<meta name=\"twitter:data1\" content=\"4 minuty\" \/>\n<script type=\"application\/ld+json\" class=\"yoast-schema-graph\">{\"@context\":\"https:\/\/schema.org\",\"@graph\":[{\"@type\":\"WebPage\",\"@id\":\"https:\/\/66projekt.pl\/fullprint\/producent-odziezy-sportowej\/czapki-sportowe\/\",\"url\":\"https:\/\/66projekt.pl\/fullprint\/producent-odziezy-sportowej\/czapki-sportowe\/\",\"name\":\"Czapka do Biegania - Personalizuj i Wyra\u017a Siebie! | READY_to_66\",\"isPartOf\":{\"@id\":\"https:\/\/66projekt.pl\/fullprint\/#website\"},\"primaryImageOfPage\":{\"@id\":\"https:\/\/66projekt.pl\/fullprint\/producent-odziezy-sportowej\/czapki-sportowe\/#primaryimage\"},\"image\":{\"@id\":\"https:\/\/66projekt.pl\/fullprint\/producent-odziezy-sportowej\/czapki-sportowe\/#primaryimage\"},\"thumbnailUrl\":\"https:\/\/66projekt.pl\/fullprint\/wp-content\/uploads\/2024\/03\/biegacze-w-czapkach.webp\",\"datePublished\":\"2024-02-20T08:05:53+00:00\",\"dateModified\":\"2024-05-23T11:03:57+00:00\",\"description\":\"Stw\u00f3rz unikatow\u0105 czapk\u0119 do biegania! Zapewnij sobie styl, komfort i funkcjonalno\u015b\u0107 podczas ka\u017cdego wyzwania.\",\"breadcrumb\":{\"@id\":\"https:\/\/66projekt.pl\/fullprint\/producent-odziezy-sportowej\/czapki-sportowe\/#breadcrumb\"},\"inLanguage\":\"pl-PL\",\"potentialAction\":[{\"@type\":\"ReadAction\",\"target\":[\"https:\/\/66projekt.pl\/fullprint\/producent-odziezy-sportowej\/czapki-sportowe\/\"]}]},{\"@type\":\"ImageObject\",\"inLanguage\":\"pl-PL\",\"@id\":\"https:\/\/66projekt.pl\/fullprint\/producent-odziezy-sportowej\/czapki-sportowe\/#primaryimage\",\"url\":\"https:\/\/66projekt.pl\/fullprint\/wp-content\/uploads\/2024\/03\/biegacze-w-czapkach.webp\",\"contentUrl\":\"https:\/\/66projekt.pl\/fullprint\/wp-content\/uploads\/2024\/03\/biegacze-w-czapkach.webp\",\"width\":7952,\"height\":5304},{\"@type\":\"BreadcrumbList\",\"@id\":\"https:\/\/66projekt.pl\/fullprint\/producent-odziezy-sportowej\/czapki-sportowe\/#breadcrumb\",\"itemListElement\":[{\"@type\":\"ListItem\",\"position\":1,\"name\":\"PRODUCENT ODZIE\u017bY SPORTOWEJ\",\"item\":\"https:\/\/66projekt.pl\/fullprint\/producent-odziezy-sportowej\/\"},{\"@type\":\"ListItem\",\"position\":2,\"name\":\"CZAPKI SPORTOWE\"}]},{\"@type\":\"WebSite\",\"@id\":\"https:\/\/66projekt.pl\/fullprint\/#website\",\"url\":\"https:\/\/66projekt.pl\/fullprint\/\",\"name\":\"READY_TO_66 Producent Odzie\u017cy Sportowej\",\"description\":\"Koszulki Sportowe z Nadrukiem\",\"publisher\":{\"@id\":\"https:\/\/66projekt.pl\/fullprint\/#organization\"},\"potentialAction\":[{\"@type\":\"SearchAction\",\"target\":{\"@type\":\"EntryPoint\",\"urlTemplate\":\"https:\/\/66projekt.pl\/fullprint\/?s={search_term_string}\"},\"query-input\":{\"@type\":\"PropertyValueSpecification\",\"valueRequired\":true,\"valueName\":\"search_term_string\"}}],\"inLanguage\":\"pl-PL\"},{\"@type\":\"Organization\",\"@id\":\"https:\/\/66projekt.pl\/fullprint\/#organization\",\"name\":\"READY_TO_66 Producent Odzie\u017cy Sportowej\",\"url\":\"https:\/\/66projekt.pl\/fullprint\/\",\"logo\":{\"@type\":\"ImageObject\",\"inLanguage\":\"pl-PL\",\"@id\":\"https:\/\/66projekt.pl\/fullprint\/#\/schema\/logo\/image\/\",\"url\":\"https:\/\/66projekt.pl\/fullprint\/wp-content\/uploads\/2024\/02\/66pojekt-ready-to-66-logo.webp\",\"contentUrl\":\"https:\/\/66projekt.pl\/fullprint\/wp-content\/uploads\/2024\/02\/66pojekt-ready-to-66-logo.webp\",\"width\":1285,\"height\":284,\"caption\":\"READY_TO_66 Producent Odzie\u017cy Sportowej\"},\"image\":{\"@id\":\"https:\/\/66projekt.pl\/fullprint\/#\/schema\/logo\/image\/\"},\"sameAs\":[\"https:\/\/www.facebook.com\/66projekt\"]}]}<\/script>\n<!-- \/ Yoast SEO plugin. -->","yoast_head_json":{"title":"Czapka do Biegania - Personalizuj i Wyra\u017a Siebie! | READY_to_66","description":"Stw\u00f3rz unikatow\u0105 czapk\u0119 do biegania! Zapewnij sobie styl, komfort i funkcjonalno\u015b\u0107 podczas ka\u017cdego wyzwania.","robots":{"index":"index","follow":"follow","max-snippet":"max-snippet:-1","max-image-preview":"max-image-preview:large","max-video-preview":"max-video-preview:-1"},"canonical":"https:\/\/66projekt.pl\/fullprint\/producent-odziezy-sportowej\/czapki-sportowe\/","og_locale":"pl_PL","og_type":"article","og_title":"Czapka do Biegania - Personalizuj i Wyra\u017a Siebie! | READY_to_66","og_description":"Stw\u00f3rz unikatow\u0105 czapk\u0119 do biegania! Zapewnij sobie styl, komfort i funkcjonalno\u015b\u0107 podczas ka\u017cdego wyzwania.","og_url":"https:\/\/66projekt.pl\/fullprint\/producent-odziezy-sportowej\/czapki-sportowe\/","og_site_name":"READY_TO_66 Producent Odzie\u017cy Sportowej","article_publisher":"https:\/\/www.facebook.com\/66projekt","article_modified_time":"2024-05-23T11:03:57+00:00","og_image":[{"url":"https:\/\/66projekt.pl\/fullprint\/wp-content\/uploads\/2024\/03\/biegacze-w-czapkach.webp","type":"","width":"","height":""}],"twitter_card":"summary_large_image","twitter_title":"Czapka do Biegania - Personalizuj i Wyra\u017a Siebie! | READY_to_66","twitter_description":"Stw\u00f3rz unikatow\u0105 czapk\u0119 do biegania! Zapewnij sobie styl, komfort i funkcjonalno\u015b\u0107 podczas ka\u017cdego wyzwania.","twitter_misc":{"Szacowany czas czytania":"4 minuty"},"schema":{"@context":"https:\/\/schema.org","@graph":[{"@type":"WebPage","@id":"https:\/\/66projekt.pl\/fullprint\/producent-odziezy-sportowej\/czapki-sportowe\/","url":"https:\/\/66projekt.pl\/fullprint\/producent-odziezy-sportowej\/czapki-sportowe\/","name":"Czapka do Biegania - Personalizuj i Wyra\u017a Siebie! | READY_to_66","isPartOf":{"@id":"https:\/\/66projekt.pl\/fullprint\/#website"},"primaryImageOfPage":{"@id":"https:\/\/66projekt.pl\/fullprint\/producent-odziezy-sportowej\/czapki-sportowe\/#primaryimage"},"image":{"@id":"https:\/\/66projekt.pl\/fullprint\/producent-odziezy-sportowej\/czapki-sportowe\/#primaryimage"},"thumbnailUrl":"https:\/\/66projekt.pl\/fullprint\/wp-content\/uploads\/2024\/03\/biegacze-w-czapkach.webp","datePublished":"2024-02-20T08:05:53+00:00","dateModified":"2024-05-23T11:03:57+00:00","description":"Stw\u00f3rz unikatow\u0105 czapk\u0119 do biegania! Zapewnij sobie styl, komfort i funkcjonalno\u015b\u0107 podczas ka\u017cdego wyzwania.","breadcrumb":{"@id":"https:\/\/66projekt.pl\/fullprint\/producent-odziezy-sportowej\/czapki-sportowe\/#breadcrumb"},"inLanguage":"pl-PL","potentialAction":[{"@type":"ReadAction","target":["https:\/\/66projekt.pl\/fullprint\/producent-odziezy-sportowej\/czapki-sportowe\/"]}]},{"@type":"ImageObject","inLanguage":"pl-PL","@id":"https:\/\/66projekt.pl\/fullprint\/producent-odziezy-sportowej\/czapki-sportowe\/#primaryimage","url":"https:\/\/66projekt.pl\/fullprint\/wp-content\/uploads\/2024\/03\/biegacze-w-czapkach.webp","contentUrl":"https:\/\/66projekt.pl\/fullprint\/wp-content\/uploads\/2024\/03\/biegacze-w-czapkach.webp","width":7952,"height":5304},{"@type":"BreadcrumbList","@id":"https:\/\/66projekt.pl\/fullprint\/producent-odziezy-sportowej\/czapki-sportowe\/#breadcrumb","itemListElement":[{"@type":"ListItem","position":1,"name":"PRODUCENT ODZIE\u017bY SPORTOWEJ","item":"https:\/\/66projekt.pl\/fullprint\/producent-odziezy-sportowej\/"},{"@type":"ListItem","position":2,"name":"CZAPKI SPORTOWE"}]},{"@type":"WebSite","@id":"https:\/\/66projekt.pl\/fullprint\/#website","url":"https:\/\/66projekt.pl\/fullprint\/","name":"READY_TO_66 Producent Odzie\u017cy Sportowej","description":"Koszulki Sportowe z Nadrukiem","publisher":{"@id":"https:\/\/66projekt.pl\/fullprint\/#organization"},"potentialAction":[{"@type":"SearchAction","target":{"@type":"EntryPoint","urlTemplate":"https:\/\/66projekt.pl\/fullprint\/?s={search_term_string}"},"query-input":{"@type":"PropertyValueSpecification","valueRequired":true,"valueName":"search_term_string"}}],"inLanguage":"pl-PL"},{"@type":"Organization","@id":"https:\/\/66projekt.pl\/fullprint\/#organization","name":"READY_TO_66 Producent Odzie\u017cy Sportowej","url":"https:\/\/66projekt.pl\/fullprint\/","logo":{"@type":"ImageObject","inLanguage":"pl-PL","@id":"https:\/\/66projekt.pl\/fullprint\/#\/schema\/logo\/image\/","url":"https:\/\/66projekt.pl\/fullprint\/wp-content\/uploads\/2024\/02\/66pojekt-ready-to-66-logo.webp","contentUrl":"https:\/\/66projekt.pl\/fullprint\/wp-content\/uploads\/2024\/02\/66pojekt-ready-to-66-logo.webp","width":1285,"height":284,"caption":"READY_TO_66 Producent Odzie\u017cy Sportowej"},"image":{"@id":"https:\/\/66projekt.pl\/fullprint\/#\/schema\/logo\/image\/"},"sameAs":["https:\/\/www.facebook.com\/66projekt"]}]}},"_links":{"self":[{"href":"https:\/\/66projekt.pl\/fullprint\/wp-json\/wp\/v2\/pages\/4481","targetHints":{"allow":["GET"]}}],"collection":[{"href":"https:\/\/66projekt.pl\/fullprint\/wp-json\/wp\/v2\/pages"}],"about":[{"href":"https:\/\/66projekt.pl\/fullprint\/wp-json\/wp\/v2\/types\/page"}],"author":[{"embeddable":true,"href":"https:\/\/66projekt.pl\/fullprint\/wp-json\/wp\/v2\/users\/1"}],"replies":[{"embeddable":true,"href":"https:\/\/66projekt.pl\/fullprint\/wp-json\/wp\/v2\/comments?post=4481"}],"version-history":[{"count":55,"href":"https:\/\/66projekt.pl\/fullprint\/wp-json\/wp\/v2\/pages\/4481\/revisions"}],"predecessor-version":[{"id":5427,"href":"https:\/\/66projekt.pl\/fullprint\/wp-json\/wp\/v2\/pages\/4481\/revisions\/5427"}],"up":[{"embeddable":true,"href":"https:\/\/66projekt.pl\/fullprint\/wp-json\/wp\/v2\/pages\/4326"}],"wp:attachment":[{"href":"https:\/\/66projekt.pl\/fullprint\/wp-json\/wp\/v2\/media?parent=4481"}],"curies":[{"name":"wp","href":"https:\/\/api.w.org\/{rel}","templated":true}]}}