{"id":4499,"date":"2024-02-20T11:51:10","date_gmt":"2024-02-20T11:51:10","guid":{"rendered":"https:\/\/66projekt.pl\/fullprint\/?page_id=4499"},"modified":"2026-03-02T15:30:48","modified_gmt":"2026-03-02T15:30:48","slug":"workoplecaki","status":"publish","type":"page","link":"https:\/\/66projekt.pl\/fullprint\/produkcja-odziezy-sportowej\/workoplecaki\/","title":{"rendered":"WORKOPLECAKI"},"content":{"rendered":"<section class=\"wpb-content-wrapper\"><p>[vc_row css=&#8221;.vc_custom_1680872956318{margin-bottom: 10px !important;}&#8221;][vc_column width=&#8221;1\/2&#8243;][vc_column_text css=&#8221;.vc_custom_1772465446702{margin-bottom: 75px !important;}&#8221;]<img loading=\"lazy\" decoding=\"async\" class=\"alignnone wp-image-5374 size-large\" src=\"https:\/\/66projekt.pl\/fullprint\/wp-content\/uploads\/2024\/03\/workoplecak-ready-to-66-953x1024.webp\" alt=\"\" width=\"900\" height=\"967\" srcset=\"https:\/\/66projekt.pl\/fullprint\/wp-content\/uploads\/2024\/03\/workoplecak-ready-to-66-953x1024.webp 953w, https:\/\/66projekt.pl\/fullprint\/wp-content\/uploads\/2024\/03\/workoplecak-ready-to-66-279x300.webp 279w, https:\/\/66projekt.pl\/fullprint\/wp-content\/uploads\/2024\/03\/workoplecak-ready-to-66-768x825.webp 768w, https:\/\/66projekt.pl\/fullprint\/wp-content\/uploads\/2024\/03\/workoplecak-ready-to-66.webp 1350w\" sizes=\"auto, (max-width: 900px) 100vw, 900px\" \/>[\/vc_column_text][\/vc_column][vc_column width=&#8221;1\/2&#8243;][vc_column_text]<\/p>\n<h3 style=\"text-align: left;\">Akcesoria Fullprint &#8211; jak torby, worki i butelki pomagaj\u0105 w uprawianiu sportu<\/h3>\n<p>[\/vc_column_text][vc_column_text]<\/p>\n<h5 style=\"text-align: left;\">Ka\u017cdy, kto uprawia sport, wie jak wa\u017cne jest wyposa\u017cenie sportowe. Poza odzie\u017c\u0105 i obuwiem, niezb\u0119dnymi elementami s\u0105 tak\u017ce akcesoria, kt\u00f3re u\u0142atwiaj\u0105 i usprawniaj\u0105 trening oraz pomagaj\u0105 w utrzymaniu higieny. W tym artykule przyjrzymy si\u0119 akcesoriom sportowym Fullprint &#8211; takim jak torby, worki i butelki sportowe &#8211; oraz ich roli w uprawianiu sportu.<\/h5>\n<p>[\/vc_column_text][vc_empty_space height=&#8221;96px&#8221;][vc_btn title=&#8221;ZAM\u00d3W WORKOPLECAKI FULLPRINT&#8221; style=&#8221;classic&#8221; shape=&#8221;square&#8221; color=&#8221;black&#8221; size=&#8221;lg&#8221; align=&#8221;center&#8221; button_block=&#8221;true&#8221; link=&#8221;url:%23CTA&#8221;][\/vc_column][\/vc_row][vc_row full_width=&#8221;stretch_row&#8221; css=&#8221;.vc_custom_1709741531344{padding-bottom: 50px !important;background-color: #0a0a0a !important;}&#8221;][vc_column][vc_column_text]<\/p>\n<h4 style=\"text-align: center; color: white;\">Je\u015bli chcia\u0142by\u015b wyr\u00f3\u017cni\u0107 si\u0119 wyj\u0105tkowym projektem nadruku, sprawd\u017a nasz\u0105 ofert\u0119 <a href=\"https:\/\/66projekt.pl\/fullprint\/projektowanie-odziezy-sportowej\/\">projektowania odzie\u017cy<\/a>,<br \/>\nkt\u00f3re jest do Twojej dyspozycji.<\/h4>\n<p>[\/vc_column_text][\/vc_column][\/vc_row][vc_row css=&#8221;.vc_custom_1709741954502{margin-bottom: -50px !important;border-bottom-width: -50px !important;padding-bottom: -50px !important;}&#8221;][vc_column width=&#8221;1\/2&#8243;][vc_empty_space][vc_column_text]<\/p>\n<h2 style=\"text-align: left;\">Torby sportowe Fullprint<\/h2>\n<h5 style=\"text-align: left;\">Torby sportowe Fullprint s\u0105 niezb\u0119dnym elementem dla ka\u017cdego, kto uprawia sport. Pozwalaj\u0105 one na wygodne przenoszenie odzie\u017cy sportowej, but\u00f3w i innych niezb\u0119dnych rzeczy na trening lub zawody. W ofercie Fullprint znajduj\u0105 si\u0119 torby sportowe w r\u00f3\u017cnych rozmiarach, kolorach i wzorach, dzi\u0119ki czemu ka\u017cdy mo\u017ce znale\u017a\u0107 co\u015b dla siebie. Torby te wykonane s\u0105 z najwy\u017cszej jako\u015bci materia\u0142\u00f3w, co gwarantuje ich trwa\u0142o\u015b\u0107 i odporno\u015b\u0107 na uszkodzenia.<\/h5>\n<p>[\/vc_column_text][vc_column_text]<\/p>\n<h3 style=\"text-align: left;\">Inne akcesoria sportowe Fullprint<\/h3>\n<h5 style=\"text-align: left;\">Opr\u00f3cz toreb, work\u00f3w i butelek mo\u017cemy wykona\u0107 ka\u017cdy gad\u017cet sportowy, kt\u00f3rego potrzebujesz. Szaliki, frotki, bandamy, kominiarki, opaski&#8230;<br \/>\nZaprojektujemy i uszyjemy ka\u017cdy produkt.<\/h5>\n<p>[\/vc_column_text][\/vc_column][vc_column width=&#8221;1\/2&#8243;][vc_column_text css=&#8221;.vc_custom_1682345806716{margin-bottom: 75px !important;}&#8221;]<\/p>\n<div id=\"attachment_4103\" style=\"width: 1058px\" class=\"wp-caption alignleft\"><img loading=\"lazy\" decoding=\"async\" aria-describedby=\"caption-attachment-4103\" class=\"wp-image-4103\" src=\"https:\/\/66projekt.pl\/fullprint\/wp-content\/uploads\/2017\/02\/workoplecak-i-bluza-fullprint-poznan-producent-szwalnia.jpg\" alt=\"akcesoria fullprint dla Ciebie\" width=\"1048\" height=\"692\" srcset=\"https:\/\/66projekt.pl\/fullprint\/wp-content\/uploads\/2017\/02\/workoplecak-i-bluza-fullprint-poznan-producent-szwalnia.jpg 800w, https:\/\/66projekt.pl\/fullprint\/wp-content\/uploads\/2017\/02\/workoplecak-i-bluza-fullprint-poznan-producent-szwalnia-300x198.jpg 300w, https:\/\/66projekt.pl\/fullprint\/wp-content\/uploads\/2017\/02\/workoplecak-i-bluza-fullprint-poznan-producent-szwalnia-768x507.jpg 768w\" sizes=\"auto, (max-width: 1048px) 100vw, 1048px\" \/><p id=\"caption-attachment-4103\" class=\"wp-caption-text\">akcesoria fullprint dla Ciebie<\/p><\/div>\n<p>[\/vc_column_text][\/vc_column][vc_column][vc_separator color=&#8221;custom&#8221; accent_color=&#8221;#dd3333&#8243;][vc_column_text]<\/p>\n<h2 style=\"text-align: center;\">Worki sportowe Fullprint<\/h2>\n<h5 style=\"text-align: center;\">Worki sportowe Fullprint to \u015bwietna alternatywa dla tradycyjnych toreb sportowych. Dzi\u0119ki swojej elastyczno\u015bci i pojemno\u015bci pozwalaj\u0105 na wygodne przenoszenie wi\u0119kszych przedmiot\u00f3w, takich jak pi\u0142ki, hantle czy sprz\u0119t do treningu si\u0142owego. Worki te wykonane s\u0105 z materia\u0142\u00f3w o zwi\u0119kszonej wytrzyma\u0142o\u015bci, co gwarantuje ich odporno\u015b\u0107 na uszkodzenia.<\/h5>\n<p>[\/vc_column_text][vc_separator color=&#8221;custom&#8221; accent_color=&#8221;#dd3333&#8243;][vc_empty_space height=&#8221;64px&#8221;][\/vc_column][\/vc_row][vc_section full_height=&#8221;yes&#8221; content_placement=&#8221;middle&#8221; css=&#8221;.vc_custom_1709910450376{background-image: url(https:\/\/66projekt.pl\/fullprint\/wp-content\/uploads\/2017\/02\/skarpety-z-nadrukiem-fullprint-producent-poznan-1-e1681554554888.webp?id=4025) !important;background-position: center !important;background-repeat: no-repeat !important;background-size: cover !important;}&#8221; el_id=&#8221;CTA&#8221;][vc_row][vc_column][vc_row_inner type=&#8221;boxed&#8221; css=&#8221;.vc_custom_1415287200594{padding-right: 10% !important;padding-bottom: 50px !important;padding-left: 10% !important;}&#8221; font_color=&#8221;#ffffff&#8221;][vc_column_inner][vc_icon type=&#8221;linecons&#8221; color=&#8221;black&#8221; background_style=&#8221;rounded-outline&#8221; background_color=&#8221;black&#8221; size=&#8221;lg&#8221; align=&#8221;center&#8221;][vc_column_text]<\/p>\n<h3 style=\"text-align: center;\">ILE KOSZTUJ\u0104 WORKOPLECAKI FULLPRINT?<\/h3>\n<p>[\/vc_column_text][vc_column_text]<\/p>\n<h4 style=\"text-align: center;\">Prosz\u0119 wype\u0142nij formularz. Przygotujemy ofert\u0119 w ci\u0105gu 48H<\/h4>\n<p>[\/vc_column_text]\n<div class=\"wpcf7 no-js\" id=\"wpcf7-f3640-o1\" lang=\"pl-PL\" dir=\"ltr\" data-wpcf7-id=\"3640\">\n<div class=\"screen-reader-response\"><p role=\"status\" aria-live=\"polite\" aria-atomic=\"true\"><\/p> <ul><\/ul><\/div>\n<form action=\"\/fullprint\/wp-json\/wp\/v2\/pages\/4499#wpcf7-f3640-o1\" method=\"post\" class=\"wpcf7-form init\" aria-label=\"Formularz kontaktowy\" novalidate=\"novalidate\" data-status=\"init\">\n<div style=\"display: none;\">\n<input type=\"hidden\" name=\"_wpcf7\" value=\"3640\" \/>\n<input type=\"hidden\" name=\"_wpcf7_version\" value=\"6.0.6\" \/>\n<input type=\"hidden\" name=\"_wpcf7_locale\" value=\"pl_PL\" \/>\n<input type=\"hidden\" name=\"_wpcf7_unit_tag\" value=\"wpcf7-f3640-o1\" \/>\n<input type=\"hidden\" name=\"_wpcf7_container_post\" value=\"0\" \/>\n<input type=\"hidden\" name=\"_wpcf7_posted_data_hash\" value=\"\" \/>\n<\/div>\n<div class=\"cf-input__wrapper\">\n\t<p><span class=\"cf-input__name\">TWOJE IMI\u0118<\/span><br \/>\n<span class=\"wpcf7-form-control-wrap\" data-name=\"your-name\"><input size=\"40\" maxlength=\"400\" class=\"wpcf7-form-control wpcf7-text wpcf7-validates-as-required\" id=\"contact-form__name\" aria-required=\"true\" aria-invalid=\"false\" value=\"\" type=\"text\" name=\"your-name\" \/><\/span>\n\t<\/p>\n<\/div>\n<div class=\"cf-input__wrapper\">\n\t<p><span class=\"cf-input__email\">TW\u00d3J EMAIL<\/span><br \/>\n<span class=\"wpcf7-form-control-wrap\" data-name=\"your-email\"><input size=\"40\" maxlength=\"400\" class=\"wpcf7-form-control wpcf7-text wpcf7-validates-as-required\" id=\"contact-form__email\" aria-required=\"true\" aria-invalid=\"false\" value=\"\" type=\"text\" name=\"your-email\" \/><\/span>\n\t<\/p>\n<\/div>\n<div class=\"cf-input__wrapper\">\n\t<p><span class=\"cf-input__email\">TW\u00d3J NUMER TEL.<\/span><br \/>\n<span class=\"wpcf7-form-control-wrap\" data-name=\"tel-927\"><input size=\"40\" maxlength=\"400\" class=\"wpcf7-form-control wpcf7-tel wpcf7-text wpcf7-validates-as-tel\" aria-invalid=\"false\" value=\"\" type=\"tel\" name=\"tel-927\" \/><\/span>\n\t<\/p>\n<\/div>\n<div class=\"cf-input__wrapper\">\n\t<p><span class=\"cf-input__message\">OPISZ SWOJE ZAPYTANIE<\/span><br \/>\n<span class=\"wpcf7-form-control-wrap\" data-name=\"your-message\"><textarea cols=\"40\" rows=\"10\" maxlength=\"2000\" class=\"wpcf7-form-control wpcf7-textarea wpcf7-validates-as-required\" id=\"contact-form__message\" aria-required=\"true\" aria-invalid=\"false\" placeholder=\"Je\u015bli zale\u017cy Ci na czasie i chcesz przyspieszy\u0107 otrzymanie propozycji nawet x3, to wspomnij w wiadomo\u015bci o: \n1. Ilo\u015bci i rodzaju potrzebnych produkt\u00f3w\n2. Projekcie nadruk\u00f3w i ich umiejscowieniu\n3. Czasie, w kt\u00f3rym musimy dostarczy\u0107 gotowe produkty\n4. Szacunkowym bud\u017cecie jaki posiadasz na Twoje zam\u00f3wienie\n5. Wspomnij dlaczego potrzebujesz naszych produkt\u00f3w i jak chcesz je wykorzystywa\u0107?\" name=\"your-message\"><\/textarea><\/span>\n\t<\/p>\n<\/div>\n<p><button type=\"submit\" class=\"wpcf7-form-control wpcf7-submit btn btn--gold btn--full\">Wy\u015blij<\/button>\n<\/p><p style=\"display: none !important;\" class=\"akismet-fields-container\" data-prefix=\"_wpcf7_ak_\"><label>&#916;<textarea name=\"_wpcf7_ak_hp_textarea\" cols=\"45\" rows=\"8\" maxlength=\"100\"><\/textarea><\/label><input type=\"hidden\" id=\"ak_js_1\" name=\"_wpcf7_ak_js\" value=\"38\"\/><script>document.getElementById( \"ak_js_1\" ).setAttribute( \"value\", ( new Date() ).getTime() );<\/script><\/p><div class=\"wpcf7-response-output\" aria-hidden=\"true\"><\/div>\n<\/form>\n<\/div>\n[\/vc_column_inner][\/vc_row_inner][\/vc_column][\/vc_row][\/vc_section]<\/p>\n<\/section>","protected":false},"excerpt":{"rendered":"<p>[vc_row css=&#8221;.vc_custom_1680872956318{margin-bottom: 10px !important;}&#8221;][vc_column width=&#8221;1\/2&#8243;][vc_column_text css=&#8221;.vc_custom_1772465446702{margin-bottom: 75px !important;}&#8221;][\/vc_column_text][\/vc_column][vc_column width=&#8221;1\/2&#8243;][vc_column_text] Akcesoria Fullprint &#8211; jak torby, worki i butelki pomagaj\u0105 w uprawianiu sportu [\/vc_column_text][vc_column_text] Ka\u017cdy, kto uprawia sport, wie jak wa\u017cne jest wyposa\u017cenie sportowe. Poza odzie\u017c\u0105 i obuwiem, niezb\u0119dnymi elementami s\u0105 tak\u017ce akcesoria, kt\u00f3re u\u0142atwiaj\u0105 i usprawniaj\u0105 trening oraz pomagaj\u0105 w utrzymaniu higieny. W tym artykule przyjrzymy [&hellip;]<\/p>\n","protected":false},"author":1,"featured_media":0,"parent":3440,"menu_order":0,"comment_status":"closed","ping_status":"closed","template":"","meta":{"footnotes":""},"class_list":["post-4499","page","type-page","status-publish","hentry"],"yoast_head":"<!-- This site is optimized with the Yoast SEO plugin v25.3 - https:\/\/yoast.com\/wordpress\/plugins\/seo\/ -->\n<title>WORKOPLECAKI - READY_TO_66 Producent Odzie\u017cy Sportowej<\/title>\n<meta name=\"robots\" content=\"index, follow, max-snippet:-1, max-image-preview:large, max-video-preview:-1\" \/>\n<link rel=\"canonical\" href=\"https:\/\/66projekt.pl\/fullprint\/produkcja-odziezy-sportowej\/workoplecaki\/\" \/>\n<meta property=\"og:locale\" content=\"pl_PL\" \/>\n<meta property=\"og:type\" content=\"article\" \/>\n<meta property=\"og:title\" content=\"WORKOPLECAKI - READY_TO_66 Producent Odzie\u017cy Sportowej\" \/>\n<meta property=\"og:description\" content=\"[vc_row css=&#8221;.vc_custom_1680872956318{margin-bottom: 10px !important;}&#8221;][vc_column width=&#8221;1\/2&#8243;][vc_column_text css=&#8221;.vc_custom_1772465446702{margin-bottom: 75px !important;}&#8221;][\/vc_column_text][\/vc_column][vc_column width=&#8221;1\/2&#8243;][vc_column_text] Akcesoria Fullprint &#8211; jak torby, worki i butelki pomagaj\u0105 w uprawianiu sportu [\/vc_column_text][vc_column_text] Ka\u017cdy, kto uprawia sport, wie jak wa\u017cne jest wyposa\u017cenie sportowe. Poza odzie\u017c\u0105 i obuwiem, niezb\u0119dnymi elementami s\u0105 tak\u017ce akcesoria, kt\u00f3re u\u0142atwiaj\u0105 i usprawniaj\u0105 trening oraz pomagaj\u0105 w utrzymaniu higieny. W tym artykule przyjrzymy [&hellip;]\" \/>\n<meta property=\"og:url\" content=\"https:\/\/66projekt.pl\/fullprint\/produkcja-odziezy-sportowej\/workoplecaki\/\" \/>\n<meta property=\"og:site_name\" content=\"READY_TO_66 Producent Odzie\u017cy Sportowej\" \/>\n<meta property=\"article:publisher\" content=\"https:\/\/www.facebook.com\/66projekt\" \/>\n<meta property=\"article:modified_time\" content=\"2026-03-02T15:30:48+00:00\" \/>\n<meta property=\"og:image\" content=\"https:\/\/66projekt.pl\/fullprint\/wp-content\/uploads\/2024\/03\/workoplecak-ready-to-66.webp\" \/>\n\t<meta property=\"og:image:width\" content=\"1350\" \/>\n\t<meta property=\"og:image:height\" content=\"1450\" \/>\n\t<meta property=\"og:image:type\" content=\"image\/webp\" \/>\n<meta name=\"twitter:card\" content=\"summary_large_image\" \/>\n<meta name=\"twitter:label1\" content=\"Szacowany czas czytania\" \/>\n\t<meta name=\"twitter:data1\" content=\"3 minuty\" \/>\n<script type=\"application\/ld+json\" class=\"yoast-schema-graph\">{\"@context\":\"https:\/\/schema.org\",\"@graph\":[{\"@type\":\"WebPage\",\"@id\":\"https:\/\/66projekt.pl\/fullprint\/produkcja-odziezy-sportowej\/workoplecaki\/\",\"url\":\"https:\/\/66projekt.pl\/fullprint\/produkcja-odziezy-sportowej\/workoplecaki\/\",\"name\":\"WORKOPLECAKI - READY_TO_66 Producent Odzie\u017cy Sportowej\",\"isPartOf\":{\"@id\":\"https:\/\/66projekt.pl\/fullprint\/#website\"},\"primaryImageOfPage\":{\"@id\":\"https:\/\/66projekt.pl\/fullprint\/produkcja-odziezy-sportowej\/workoplecaki\/#primaryimage\"},\"image\":{\"@id\":\"https:\/\/66projekt.pl\/fullprint\/produkcja-odziezy-sportowej\/workoplecaki\/#primaryimage\"},\"thumbnailUrl\":\"https:\/\/66projekt.pl\/fullprint\/wp-content\/uploads\/2024\/03\/workoplecak-ready-to-66-953x1024.webp\",\"datePublished\":\"2024-02-20T11:51:10+00:00\",\"dateModified\":\"2026-03-02T15:30:48+00:00\",\"breadcrumb\":{\"@id\":\"https:\/\/66projekt.pl\/fullprint\/produkcja-odziezy-sportowej\/workoplecaki\/#breadcrumb\"},\"inLanguage\":\"pl-PL\",\"potentialAction\":[{\"@type\":\"ReadAction\",\"target\":[\"https:\/\/66projekt.pl\/fullprint\/produkcja-odziezy-sportowej\/workoplecaki\/\"]}]},{\"@type\":\"ImageObject\",\"inLanguage\":\"pl-PL\",\"@id\":\"https:\/\/66projekt.pl\/fullprint\/produkcja-odziezy-sportowej\/workoplecaki\/#primaryimage\",\"url\":\"https:\/\/66projekt.pl\/fullprint\/wp-content\/uploads\/2024\/03\/workoplecak-ready-to-66.webp\",\"contentUrl\":\"https:\/\/66projekt.pl\/fullprint\/wp-content\/uploads\/2024\/03\/workoplecak-ready-to-66.webp\",\"width\":1350,\"height\":1450},{\"@type\":\"BreadcrumbList\",\"@id\":\"https:\/\/66projekt.pl\/fullprint\/produkcja-odziezy-sportowej\/workoplecaki\/#breadcrumb\",\"itemListElement\":[{\"@type\":\"ListItem\",\"position\":1,\"name\":\"PRODUKCJA ODZIE\u017bY SPORTOWEJ\",\"item\":\"https:\/\/66projekt.pl\/fullprint\/\"},{\"@type\":\"ListItem\",\"position\":2,\"name\":\"WORKOPLECAKI\"}]},{\"@type\":\"WebSite\",\"@id\":\"https:\/\/66projekt.pl\/fullprint\/#website\",\"url\":\"https:\/\/66projekt.pl\/fullprint\/\",\"name\":\"READY_TO_66 Producent Odzie\u017cy Sportowej\",\"description\":\"Koszulki Sportowe z Nadrukiem\",\"publisher\":{\"@id\":\"https:\/\/66projekt.pl\/fullprint\/#organization\"},\"potentialAction\":[{\"@type\":\"SearchAction\",\"target\":{\"@type\":\"EntryPoint\",\"urlTemplate\":\"https:\/\/66projekt.pl\/fullprint\/?s={search_term_string}\"},\"query-input\":{\"@type\":\"PropertyValueSpecification\",\"valueRequired\":true,\"valueName\":\"search_term_string\"}}],\"inLanguage\":\"pl-PL\"},{\"@type\":\"Organization\",\"@id\":\"https:\/\/66projekt.pl\/fullprint\/#organization\",\"name\":\"READY_TO_66 Producent Odzie\u017cy Sportowej\",\"url\":\"https:\/\/66projekt.pl\/fullprint\/\",\"logo\":{\"@type\":\"ImageObject\",\"inLanguage\":\"pl-PL\",\"@id\":\"https:\/\/66projekt.pl\/fullprint\/#\/schema\/logo\/image\/\",\"url\":\"https:\/\/66projekt.pl\/fullprint\/wp-content\/uploads\/2024\/02\/66pojekt-ready-to-66-logo.webp\",\"contentUrl\":\"https:\/\/66projekt.pl\/fullprint\/wp-content\/uploads\/2024\/02\/66pojekt-ready-to-66-logo.webp\",\"width\":1285,\"height\":284,\"caption\":\"READY_TO_66 Producent Odzie\u017cy Sportowej\"},\"image\":{\"@id\":\"https:\/\/66projekt.pl\/fullprint\/#\/schema\/logo\/image\/\"},\"sameAs\":[\"https:\/\/www.facebook.com\/66projekt\"]}]}<\/script>\n<!-- \/ Yoast SEO plugin. -->","yoast_head_json":{"title":"WORKOPLECAKI - READY_TO_66 Producent Odzie\u017cy Sportowej","robots":{"index":"index","follow":"follow","max-snippet":"max-snippet:-1","max-image-preview":"max-image-preview:large","max-video-preview":"max-video-preview:-1"},"canonical":"https:\/\/66projekt.pl\/fullprint\/produkcja-odziezy-sportowej\/workoplecaki\/","og_locale":"pl_PL","og_type":"article","og_title":"WORKOPLECAKI - READY_TO_66 Producent Odzie\u017cy Sportowej","og_description":"[vc_row css=&#8221;.vc_custom_1680872956318{margin-bottom: 10px !important;}&#8221;][vc_column width=&#8221;1\/2&#8243;][vc_column_text css=&#8221;.vc_custom_1772465446702{margin-bottom: 75px !important;}&#8221;][\/vc_column_text][\/vc_column][vc_column width=&#8221;1\/2&#8243;][vc_column_text] Akcesoria Fullprint &#8211; jak torby, worki i butelki pomagaj\u0105 w uprawianiu sportu [\/vc_column_text][vc_column_text] Ka\u017cdy, kto uprawia sport, wie jak wa\u017cne jest wyposa\u017cenie sportowe. Poza odzie\u017c\u0105 i obuwiem, niezb\u0119dnymi elementami s\u0105 tak\u017ce akcesoria, kt\u00f3re u\u0142atwiaj\u0105 i usprawniaj\u0105 trening oraz pomagaj\u0105 w utrzymaniu higieny. W tym artykule przyjrzymy [&hellip;]","og_url":"https:\/\/66projekt.pl\/fullprint\/produkcja-odziezy-sportowej\/workoplecaki\/","og_site_name":"READY_TO_66 Producent Odzie\u017cy Sportowej","article_publisher":"https:\/\/www.facebook.com\/66projekt","article_modified_time":"2026-03-02T15:30:48+00:00","og_image":[{"width":1350,"height":1450,"url":"https:\/\/66projekt.pl\/fullprint\/wp-content\/uploads\/2024\/03\/workoplecak-ready-to-66.webp","type":"image\/webp"}],"twitter_card":"summary_large_image","twitter_misc":{"Szacowany czas czytania":"3 minuty"},"schema":{"@context":"https:\/\/schema.org","@graph":[{"@type":"WebPage","@id":"https:\/\/66projekt.pl\/fullprint\/produkcja-odziezy-sportowej\/workoplecaki\/","url":"https:\/\/66projekt.pl\/fullprint\/produkcja-odziezy-sportowej\/workoplecaki\/","name":"WORKOPLECAKI - READY_TO_66 Producent Odzie\u017cy Sportowej","isPartOf":{"@id":"https:\/\/66projekt.pl\/fullprint\/#website"},"primaryImageOfPage":{"@id":"https:\/\/66projekt.pl\/fullprint\/produkcja-odziezy-sportowej\/workoplecaki\/#primaryimage"},"image":{"@id":"https:\/\/66projekt.pl\/fullprint\/produkcja-odziezy-sportowej\/workoplecaki\/#primaryimage"},"thumbnailUrl":"https:\/\/66projekt.pl\/fullprint\/wp-content\/uploads\/2024\/03\/workoplecak-ready-to-66-953x1024.webp","datePublished":"2024-02-20T11:51:10+00:00","dateModified":"2026-03-02T15:30:48+00:00","breadcrumb":{"@id":"https:\/\/66projekt.pl\/fullprint\/produkcja-odziezy-sportowej\/workoplecaki\/#breadcrumb"},"inLanguage":"pl-PL","potentialAction":[{"@type":"ReadAction","target":["https:\/\/66projekt.pl\/fullprint\/produkcja-odziezy-sportowej\/workoplecaki\/"]}]},{"@type":"ImageObject","inLanguage":"pl-PL","@id":"https:\/\/66projekt.pl\/fullprint\/produkcja-odziezy-sportowej\/workoplecaki\/#primaryimage","url":"https:\/\/66projekt.pl\/fullprint\/wp-content\/uploads\/2024\/03\/workoplecak-ready-to-66.webp","contentUrl":"https:\/\/66projekt.pl\/fullprint\/wp-content\/uploads\/2024\/03\/workoplecak-ready-to-66.webp","width":1350,"height":1450},{"@type":"BreadcrumbList","@id":"https:\/\/66projekt.pl\/fullprint\/produkcja-odziezy-sportowej\/workoplecaki\/#breadcrumb","itemListElement":[{"@type":"ListItem","position":1,"name":"PRODUKCJA ODZIE\u017bY SPORTOWEJ","item":"https:\/\/66projekt.pl\/fullprint\/"},{"@type":"ListItem","position":2,"name":"WORKOPLECAKI"}]},{"@type":"WebSite","@id":"https:\/\/66projekt.pl\/fullprint\/#website","url":"https:\/\/66projekt.pl\/fullprint\/","name":"READY_TO_66 Producent Odzie\u017cy Sportowej","description":"Koszulki Sportowe z Nadrukiem","publisher":{"@id":"https:\/\/66projekt.pl\/fullprint\/#organization"},"potentialAction":[{"@type":"SearchAction","target":{"@type":"EntryPoint","urlTemplate":"https:\/\/66projekt.pl\/fullprint\/?s={search_term_string}"},"query-input":{"@type":"PropertyValueSpecification","valueRequired":true,"valueName":"search_term_string"}}],"inLanguage":"pl-PL"},{"@type":"Organization","@id":"https:\/\/66projekt.pl\/fullprint\/#organization","name":"READY_TO_66 Producent Odzie\u017cy Sportowej","url":"https:\/\/66projekt.pl\/fullprint\/","logo":{"@type":"ImageObject","inLanguage":"pl-PL","@id":"https:\/\/66projekt.pl\/fullprint\/#\/schema\/logo\/image\/","url":"https:\/\/66projekt.pl\/fullprint\/wp-content\/uploads\/2024\/02\/66pojekt-ready-to-66-logo.webp","contentUrl":"https:\/\/66projekt.pl\/fullprint\/wp-content\/uploads\/2024\/02\/66pojekt-ready-to-66-logo.webp","width":1285,"height":284,"caption":"READY_TO_66 Producent Odzie\u017cy Sportowej"},"image":{"@id":"https:\/\/66projekt.pl\/fullprint\/#\/schema\/logo\/image\/"},"sameAs":["https:\/\/www.facebook.com\/66projekt"]}]}},"_links":{"self":[{"href":"https:\/\/66projekt.pl\/fullprint\/wp-json\/wp\/v2\/pages\/4499","targetHints":{"allow":["GET"]}}],"collection":[{"href":"https:\/\/66projekt.pl\/fullprint\/wp-json\/wp\/v2\/pages"}],"about":[{"href":"https:\/\/66projekt.pl\/fullprint\/wp-json\/wp\/v2\/types\/page"}],"author":[{"embeddable":true,"href":"https:\/\/66projekt.pl\/fullprint\/wp-json\/wp\/v2\/users\/1"}],"replies":[{"embeddable":true,"href":"https:\/\/66projekt.pl\/fullprint\/wp-json\/wp\/v2\/comments?post=4499"}],"version-history":[{"count":23,"href":"https:\/\/66projekt.pl\/fullprint\/wp-json\/wp\/v2\/pages\/4499\/revisions"}],"predecessor-version":[{"id":6509,"href":"https:\/\/66projekt.pl\/fullprint\/wp-json\/wp\/v2\/pages\/4499\/revisions\/6509"}],"up":[{"embeddable":true,"href":"https:\/\/66projekt.pl\/fullprint\/wp-json\/wp\/v2\/pages\/3440"}],"wp:attachment":[{"href":"https:\/\/66projekt.pl\/fullprint\/wp-json\/wp\/v2\/media?parent=4499"}],"curies":[{"name":"wp","href":"https:\/\/api.w.org\/{rel}","templated":true}]}}