{"id":4523,"date":"2024-02-20T13:27:48","date_gmt":"2024-02-20T13:27:48","guid":{"rendered":"https:\/\/66projekt.pl\/fullprint\/?page_id=4523"},"modified":"2024-03-11T10:58:06","modified_gmt":"2024-03-11T10:58:06","slug":"zwroty-i-reklamacje","status":"publish","type":"page","link":"https:\/\/66projekt.pl\/fullprint\/zwroty-i-reklamacje\/","title":{"rendered":"ZWROTY I REKLAMACJE"},"content":{"rendered":"\n<h2 class=\"wp-block-heading has-text-align-center\">WYMIANA ODZIE\u017bY SZYTEJ NA ZAM\u00d3WIENIE<\/h2>\n\n\n\n<p>Je\u017celi rozmiar okaza\u0142 si\u0119 nietrafiony lub po namy\u015ble stwierdzasz, \u017ce wolisz inny wz\u00f3r mo\u017cesz dokona\u0107 wymiany. Pami\u0119taj, \u017ce masz na to 14 dni, a produkt nie mo\u017ce nosi\u0107 \u015blad\u00f3w u\u017cytkowania. Co musisz zrobi\u0107:<\/p>\n\n\n\n<ol class=\"wp-block-list\">\n<li>Pobierz, wydrukuj i wype\u0142nij formularz wymiany:&nbsp;<a href=\"https:\/\/powercanvas.pl\/img\/formularz_wymiany.pdf\">POBIERZ<\/a><\/li>\n\n\n\n<li>Ode\u015blij wymieniany produkt listem poleconym lub kurierem wraz z za\u0142\u0105czonym formularzem na adres:Power Canvas sp. z o. o.<br>Zab\u0142ocie 39\/1<br>30-701 Krak\u00f3w<br>Z dopiskiem \u201ewymiana&#8221;.<\/li>\n\n\n\n<li>Nie musisz za\u0142\u0105cza\u0107 paragonu. Dokumenty sprzeda\u017cy w wersji elektronicznej wysy\u0142amy zawsze w mailu z informacj\u0105 o wysy\u0142ce, dlatego posiadamy do nich dost\u0119p.<\/li>\n\n\n\n<li>Koszt wysy\u0142ki produktu do nas ponosi Klient, za\u015b koszt odes\u0142ania wymienionego towaru ponosimy my.<\/li>\n\n\n\n<li>Gdy odbierzemy paczk\u0119 poinformujemy Ci\u0119 mailowo o rozpocz\u0119ciu procesu wymiany.<\/li>\n\n\n\n<li>W ci\u0105gu 7-14 dni wy\u015blemy do Ciebie przesy\u0142k\u0119 z wymienionymi produktami na wskazany w formularzu wymiany adres.<\/li>\n<\/ol>\n\n\n\n<h2 class=\"wp-block-heading has-text-align-center\">ZWROT ODZIE\u017bY SZYTEJ NA ZAM\u00d3WIENIE<\/h2>\n\n\n\n<p>Masz 14 dni na zwrot towaru bez podania przyczyny. Je\u015bli wi\u0119c z jakich\u015b powod\u00f3w uznasz, \u017ce jednak nie potrzebujesz naszych super koszulek mo\u017cesz bez \u017cadnych problem\u00f3w dokona\u0107 zwrotu. Pami\u0119taj, \u017ce produkt nie mo\u017ce nosi\u0107 \u015blad\u00f3w u\u017cytkowania i powinien posiada\u0107 oryginalne metki. Co musisz zrobi\u0107:<\/p>\n\n\n\n<ol class=\"wp-block-list\">\n<li>Pobierz, wydrukuj i wype\u0142nij formularz zwrotu:&nbsp;<a href=\"https:\/\/powercanvas.pl\/img\/formularz_zwrotu.pdf\">POBIERZ<\/a><\/li>\n\n\n\n<li>Ode\u015blij zwracany produkt listem poleconym lub kurierem wraz z za\u0142\u0105czonym formularzem na adres:Power Canvas sp. z o. o.<br>Zab\u0142ocie 39\/1<br>30-701 Krak\u00f3w<br>Z dopiskiem \u201ezwrot&#8221;.<\/li>\n\n\n\n<li>Nie musisz za\u0142\u0105cza\u0107 paragonu. Dokumenty sprzeda\u017cy w wersji elektronicznej wysy\u0142amy zawsze w mailu z informacj\u0105 o wysy\u0142ce, dlatego posiadamy do nich dost\u0119p.<\/li>\n\n\n\n<li>Koszty wysy\u0142ki zwracanych produkt\u00f3w ponosi klient.<\/li>\n\n\n\n<li>Gdy odbierzemy paczk\u0119 poinformujemy Ci\u0119 mailowo o rozpocz\u0119ciu procesu zwrotu.<\/li>\n\n\n\n<li>W ci\u0105gu 14 dni dokonamy zwrotu kwoty za produkty oraz wysy\u0142k\u0119 na wskazane w formularzu zwrotu konto bankowe.<\/li>\n<\/ol>\n\n\n\n<h2 class=\"wp-block-heading has-text-align-center\">REKLAMACJA ODZIE\u017bY SZYTEJ NA ZAM\u00d3WIENIE<\/h2>\n\n\n\n<p>Robimy co w naszej mocy, \u017ceby wszystkie produkty by\u0142y dopracowane. Je\u015bli jednak Tw\u00f3j posiada wad\u0119 fabryczn\u0105, po pierwszym praniu co\u015b si\u0119 zniszczy\u0142o lub w jakikolwiek spos\u00f3b jest niezgodny z umow\u0105 sprzeda\u017cy zrobimy wszystko co si\u0119 da aby naprawi\u0107 nasz b\u0142\u0105d. Co musisz zrobi\u0107:<\/p>\n\n\n\n<ol class=\"wp-block-list\">\n<li>Na pocz\u0105tku napisz do nas maila na adres:&nbsp;<a href=\"mailto:hello@powercanvas.com\">kontakt@powercanvas.pl<\/a>. Opisz problem i najlepiej za\u0142\u0105cz zdj\u0119cia obrazuj\u0105ce wad\u0119. Mo\u017ce okaza\u0107 si\u0119, \u017ce to wystarczy do uznania reklamacji.<\/li>\n\n\n\n<li>Pobierz, wydrukuj i wype\u0142nij formularz reklamacji:&nbsp;<a href=\"https:\/\/powercanvas.pl\/img\/formularz_reklamacji.pdf\">POBIERZ<\/a><\/li>\n\n\n\n<li>Ode\u015blij reklamowany produkt listem poleconym lub kurierem wraz z za\u0142\u0105czonym formularzem na adres:Power Canvas sp. z o. o.<br>Zab\u0142ocie 39\/1<br>30-701 Krak\u00f3w<br>Z dopiskiem \u201ereklamacja&#8221;.<\/li>\n\n\n\n<li>Nie musisz za\u0142\u0105cza\u0107 paragonu. Dokumenty sprzeda\u017cy w wersji elektronicznej wysy\u0142amy zawsze w mailu z informacj\u0105 o wysy\u0142ce, dlatego posiadamy do nich dost\u0119p.<\/li>\n\n\n\n<li>Gdy odbierzemy paczk\u0119 poinformujemy Ci\u0119 mailowo o rozpocz\u0119ciu procesu reklamacji.<\/li>\n\n\n\n<li>W ci\u0105gu 14 dni rozpatrzymy Twoj\u0105 reklamacj\u0119 i poinformujemy Ci\u0119 o jej wyniku. Je\u015bli rozpatrzymy j\u0105 pozytywnie naprawimy lub wymienimy towar na nowy, a je\u015bli nie b\u0119dziemy w stanie to zwr\u00f3cimy Ci ca\u0142o\u015b\u0107 koszt\u00f3w, \u0142\u0105cznie z kosztami odes\u0142ania towaru do nas.<\/li>\n<\/ol>\n\n\n\n<h2 class=\"wp-block-heading has-text-align-center\">WYMIANA \/ ZWROT \/ REKLAMACJA ODZIE\u017bY GOTOWEJ &#8211; BUD\u017bETOWEJ<\/h2>\n\n\n\n<p>Je\u015bli chcia\u0142by\u015b zareklamowa\u0107 odzie\u017c gotow\u0105 z dzia\u0142u <a href=\"https:\/\/66projekt.pl\/fullprint\/oferta-koszulek-budzetowych\">https:\/\/66projekt.pl\/fullprint\/oferta-koszulek-budzetowych<\/a>, skontaktuj si\u0119 z 66projekt.pl, pod numerem telefonu <a href=\"tel:728961861\">+48 728 961 861<\/a> Opisz sytuacj\u0119. Tw\u00f3j opiekuj, powie co dalej i przygotuj\u0119 wszystko za Ciebie. Reklamacje rozpatrzymy w ci\u0105gu 3 dni roboczych. <\/p>\n\n\n\n<p>Zwrotu mo\u017cesz dokona\u0107 na adres:<\/p>\n\n\n\n<p>JANUS + 66projekt.pl<br>Miros\u0142aw Bagrowski<br>Ul. Rynek \u015ar\u00f3decki 13\u00a0<br>61-126 Pozna\u0144\u00a0<br>NIP: 7821307418<\/p>\n","protected":false},"excerpt":{"rendered":"<p>WYMIANA ODZIE\u017bY SZYTEJ NA ZAM\u00d3WIENIE Je\u017celi rozmiar okaza\u0142 si\u0119 nietrafiony lub po namy\u015ble stwierdzasz, \u017ce wolisz inny wz\u00f3r mo\u017cesz dokona\u0107 wymiany. Pami\u0119taj, \u017ce masz na to 14 dni, a produkt nie mo\u017ce nosi\u0107 \u015blad\u00f3w u\u017cytkowania. Co musisz zrobi\u0107: ZWROT ODZIE\u017bY SZYTEJ NA ZAM\u00d3WIENIE Masz 14 dni na zwrot towaru bez podania przyczyny. Je\u015bli wi\u0119c z [&hellip;]<\/p>\n","protected":false},"author":1,"featured_media":0,"parent":0,"menu_order":0,"comment_status":"closed","ping_status":"closed","template":"","meta":{"footnotes":""},"class_list":["post-4523","page","type-page","status-publish","hentry"],"yoast_head":"<!-- This site is optimized with the Yoast SEO plugin v25.3 - https:\/\/yoast.com\/wordpress\/plugins\/seo\/ -->\n<title>ZWROTY I REKLAMACJE - READY_TO_66 Producent Odzie\u017cy Sportowej<\/title>\n<meta name=\"robots\" content=\"index, follow, max-snippet:-1, max-image-preview:large, max-video-preview:-1\" \/>\n<link rel=\"canonical\" href=\"https:\/\/66projekt.pl\/fullprint\/zwroty-i-reklamacje\/\" \/>\n<meta property=\"og:locale\" content=\"pl_PL\" \/>\n<meta property=\"og:type\" content=\"article\" \/>\n<meta property=\"og:title\" content=\"ZWROTY I REKLAMACJE - READY_TO_66 Producent Odzie\u017cy Sportowej\" \/>\n<meta property=\"og:description\" content=\"WYMIANA ODZIE\u017bY SZYTEJ NA ZAM\u00d3WIENIE Je\u017celi rozmiar okaza\u0142 si\u0119 nietrafiony lub po namy\u015ble stwierdzasz, \u017ce wolisz inny wz\u00f3r mo\u017cesz dokona\u0107 wymiany. Pami\u0119taj, \u017ce masz na to 14 dni, a produkt nie mo\u017ce nosi\u0107 \u015blad\u00f3w u\u017cytkowania. Co musisz zrobi\u0107: ZWROT ODZIE\u017bY SZYTEJ NA ZAM\u00d3WIENIE Masz 14 dni na zwrot towaru bez podania przyczyny. Je\u015bli wi\u0119c z [&hellip;]\" \/>\n<meta property=\"og:url\" content=\"https:\/\/66projekt.pl\/fullprint\/zwroty-i-reklamacje\/\" \/>\n<meta property=\"og:site_name\" content=\"READY_TO_66 Producent Odzie\u017cy Sportowej\" \/>\n<meta property=\"article:publisher\" content=\"https:\/\/www.facebook.com\/66projekt\" \/>\n<meta property=\"article:modified_time\" content=\"2024-03-11T10:58:06+00:00\" \/>\n<meta name=\"twitter:card\" content=\"summary_large_image\" \/>\n<meta name=\"twitter:label1\" content=\"Szacowany czas czytania\" \/>\n\t<meta name=\"twitter:data1\" content=\"4 minuty\" \/>\n<script type=\"application\/ld+json\" class=\"yoast-schema-graph\">{\"@context\":\"https:\/\/schema.org\",\"@graph\":[{\"@type\":\"WebPage\",\"@id\":\"https:\/\/66projekt.pl\/fullprint\/zwroty-i-reklamacje\/\",\"url\":\"https:\/\/66projekt.pl\/fullprint\/zwroty-i-reklamacje\/\",\"name\":\"ZWROTY I REKLAMACJE - READY_TO_66 Producent Odzie\u017cy Sportowej\",\"isPartOf\":{\"@id\":\"https:\/\/66projekt.pl\/fullprint\/#website\"},\"datePublished\":\"2024-02-20T13:27:48+00:00\",\"dateModified\":\"2024-03-11T10:58:06+00:00\",\"inLanguage\":\"pl-PL\",\"potentialAction\":[{\"@type\":\"ReadAction\",\"target\":[\"https:\/\/66projekt.pl\/fullprint\/zwroty-i-reklamacje\/\"]}]},{\"@type\":\"WebSite\",\"@id\":\"https:\/\/66projekt.pl\/fullprint\/#website\",\"url\":\"https:\/\/66projekt.pl\/fullprint\/\",\"name\":\"READY_TO_66 Producent Odzie\u017cy Sportowej\",\"description\":\"Koszulki Sportowe z Nadrukiem\",\"publisher\":{\"@id\":\"https:\/\/66projekt.pl\/fullprint\/#organization\"},\"potentialAction\":[{\"@type\":\"SearchAction\",\"target\":{\"@type\":\"EntryPoint\",\"urlTemplate\":\"https:\/\/66projekt.pl\/fullprint\/?s={search_term_string}\"},\"query-input\":{\"@type\":\"PropertyValueSpecification\",\"valueRequired\":true,\"valueName\":\"search_term_string\"}}],\"inLanguage\":\"pl-PL\"},{\"@type\":\"Organization\",\"@id\":\"https:\/\/66projekt.pl\/fullprint\/#organization\",\"name\":\"READY_TO_66 Producent Odzie\u017cy Sportowej\",\"url\":\"https:\/\/66projekt.pl\/fullprint\/\",\"logo\":{\"@type\":\"ImageObject\",\"inLanguage\":\"pl-PL\",\"@id\":\"https:\/\/66projekt.pl\/fullprint\/#\/schema\/logo\/image\/\",\"url\":\"https:\/\/66projekt.pl\/fullprint\/wp-content\/uploads\/2024\/02\/66pojekt-ready-to-66-logo.webp\",\"contentUrl\":\"https:\/\/66projekt.pl\/fullprint\/wp-content\/uploads\/2024\/02\/66pojekt-ready-to-66-logo.webp\",\"width\":1285,\"height\":284,\"caption\":\"READY_TO_66 Producent Odzie\u017cy Sportowej\"},\"image\":{\"@id\":\"https:\/\/66projekt.pl\/fullprint\/#\/schema\/logo\/image\/\"},\"sameAs\":[\"https:\/\/www.facebook.com\/66projekt\"]}]}<\/script>\n<!-- \/ Yoast SEO plugin. -->","yoast_head_json":{"title":"ZWROTY I REKLAMACJE - READY_TO_66 Producent Odzie\u017cy Sportowej","robots":{"index":"index","follow":"follow","max-snippet":"max-snippet:-1","max-image-preview":"max-image-preview:large","max-video-preview":"max-video-preview:-1"},"canonical":"https:\/\/66projekt.pl\/fullprint\/zwroty-i-reklamacje\/","og_locale":"pl_PL","og_type":"article","og_title":"ZWROTY I REKLAMACJE - READY_TO_66 Producent Odzie\u017cy Sportowej","og_description":"WYMIANA ODZIE\u017bY SZYTEJ NA ZAM\u00d3WIENIE Je\u017celi rozmiar okaza\u0142 si\u0119 nietrafiony lub po namy\u015ble stwierdzasz, \u017ce wolisz inny wz\u00f3r mo\u017cesz dokona\u0107 wymiany. Pami\u0119taj, \u017ce masz na to 14 dni, a produkt nie mo\u017ce nosi\u0107 \u015blad\u00f3w u\u017cytkowania. Co musisz zrobi\u0107: ZWROT ODZIE\u017bY SZYTEJ NA ZAM\u00d3WIENIE Masz 14 dni na zwrot towaru bez podania przyczyny. Je\u015bli wi\u0119c z [&hellip;]","og_url":"https:\/\/66projekt.pl\/fullprint\/zwroty-i-reklamacje\/","og_site_name":"READY_TO_66 Producent Odzie\u017cy Sportowej","article_publisher":"https:\/\/www.facebook.com\/66projekt","article_modified_time":"2024-03-11T10:58:06+00:00","twitter_card":"summary_large_image","twitter_misc":{"Szacowany czas czytania":"4 minuty"},"schema":{"@context":"https:\/\/schema.org","@graph":[{"@type":"WebPage","@id":"https:\/\/66projekt.pl\/fullprint\/zwroty-i-reklamacje\/","url":"https:\/\/66projekt.pl\/fullprint\/zwroty-i-reklamacje\/","name":"ZWROTY I REKLAMACJE - READY_TO_66 Producent Odzie\u017cy Sportowej","isPartOf":{"@id":"https:\/\/66projekt.pl\/fullprint\/#website"},"datePublished":"2024-02-20T13:27:48+00:00","dateModified":"2024-03-11T10:58:06+00:00","inLanguage":"pl-PL","potentialAction":[{"@type":"ReadAction","target":["https:\/\/66projekt.pl\/fullprint\/zwroty-i-reklamacje\/"]}]},{"@type":"WebSite","@id":"https:\/\/66projekt.pl\/fullprint\/#website","url":"https:\/\/66projekt.pl\/fullprint\/","name":"READY_TO_66 Producent Odzie\u017cy Sportowej","description":"Koszulki Sportowe z Nadrukiem","publisher":{"@id":"https:\/\/66projekt.pl\/fullprint\/#organization"},"potentialAction":[{"@type":"SearchAction","target":{"@type":"EntryPoint","urlTemplate":"https:\/\/66projekt.pl\/fullprint\/?s={search_term_string}"},"query-input":{"@type":"PropertyValueSpecification","valueRequired":true,"valueName":"search_term_string"}}],"inLanguage":"pl-PL"},{"@type":"Organization","@id":"https:\/\/66projekt.pl\/fullprint\/#organization","name":"READY_TO_66 Producent Odzie\u017cy Sportowej","url":"https:\/\/66projekt.pl\/fullprint\/","logo":{"@type":"ImageObject","inLanguage":"pl-PL","@id":"https:\/\/66projekt.pl\/fullprint\/#\/schema\/logo\/image\/","url":"https:\/\/66projekt.pl\/fullprint\/wp-content\/uploads\/2024\/02\/66pojekt-ready-to-66-logo.webp","contentUrl":"https:\/\/66projekt.pl\/fullprint\/wp-content\/uploads\/2024\/02\/66pojekt-ready-to-66-logo.webp","width":1285,"height":284,"caption":"READY_TO_66 Producent Odzie\u017cy Sportowej"},"image":{"@id":"https:\/\/66projekt.pl\/fullprint\/#\/schema\/logo\/image\/"},"sameAs":["https:\/\/www.facebook.com\/66projekt"]}]}},"_links":{"self":[{"href":"https:\/\/66projekt.pl\/fullprint\/wp-json\/wp\/v2\/pages\/4523","targetHints":{"allow":["GET"]}}],"collection":[{"href":"https:\/\/66projekt.pl\/fullprint\/wp-json\/wp\/v2\/pages"}],"about":[{"href":"https:\/\/66projekt.pl\/fullprint\/wp-json\/wp\/v2\/types\/page"}],"author":[{"embeddable":true,"href":"https:\/\/66projekt.pl\/fullprint\/wp-json\/wp\/v2\/users\/1"}],"replies":[{"embeddable":true,"href":"https:\/\/66projekt.pl\/fullprint\/wp-json\/wp\/v2\/comments?post=4523"}],"version-history":[{"count":3,"href":"https:\/\/66projekt.pl\/fullprint\/wp-json\/wp\/v2\/pages\/4523\/revisions"}],"predecessor-version":[{"id":5411,"href":"https:\/\/66projekt.pl\/fullprint\/wp-json\/wp\/v2\/pages\/4523\/revisions\/5411"}],"wp:attachment":[{"href":"https:\/\/66projekt.pl\/fullprint\/wp-json\/wp\/v2\/media?parent=4523"}],"curies":[{"name":"wp","href":"https:\/\/api.w.org\/{rel}","templated":true}]}}